{"id":1811,"date":"2017-11-30T17:36:16","date_gmt":"2017-11-30T19:36:16","guid":{"rendered":"http:\/\/ecocaminhos.com\/site\/?page_id=1811"},"modified":"2025-07-04T15:23:25","modified_gmt":"2025-07-04T18:23:25","slug":"our-partner-portuguese-language-school-in-brazil","status":"publish","type":"page","link":"https:\/\/ecocaminhos.com\/br\/nosso-parceiro-escola-de-portugues-no-rio-de-janeiro\/","title":{"rendered":"Escola de Portugu\u00eas para Estrangeiros no Rio de Janeiro"},"content":{"rendered":"<div class=\"wpb-content-wrapper\">\n[vc_row][vc_column][vc_column_text]\n<h2>Aprenda Portugu\u00eas Brasileiro na escola de idiomas mais interessante do Brasil<\/h2>\n<p><a class=\"single-popup-image\" href=\"https:\/\/caminhoslanguages.com\/\" target=\"_blank\" rel=\"noopener\"><img loading=\"lazy\" decoding=\"async\" class=\"wp-image-1815 size-medium alignleft\" src=\"https:\/\/ecocaminhos.com\/wp-content\/uploads\/2017\/11\/CAMINHOSlanguagecentre_transparent-background-01-300x92.png\" sizes=\"auto, (max-width: 300px) 100vw, 300px\" srcset=\"https:\/\/ecocaminhos.com\/wp-content\/uploads\/2017\/11\/CAMINHOSlanguagecentre_transparent-background-01-300x92.png 300w, https:\/\/ecocaminhos.com\/wp-content\/uploads\/2017\/11\/CAMINHOSlanguagecentre_transparent-background-01-1024x313.png 1024w, https:\/\/ecocaminhos.com\/wp-content\/uploads\/2017\/11\/CAMINHOSlanguagecentre_transparent-background-01-768x235.png 768w, https:\/\/ecocaminhos.com\/wp-content\/uploads\/2017\/11\/CAMINHOSlanguagecentre_transparent-background-01-1536x469.png 1536w, https:\/\/ecocaminhos.com\/wp-content\/uploads\/2017\/11\/CAMINHOSlanguagecentre_transparent-background-01-2048x626.png 2048w\" alt=\"\" width=\"300\" height=\"92\" title=\"\"><\/a>Nosso principal parceiro \u00e9 a Caminhos Language Centre,\u00a0\u00a0<a href=\"https:\/\/caminhoslanguages.com\/\" target=\"_blank\" rel=\"noopener\">a maior e mais interessante escola de idiomas do Brasil<\/a>\u00a0\u00a0.<br \/>\nTal como a Eco Caminhos, a escola funciona como uma \u201cempresa social\u201d para os seus alunos, para as crian\u00e7as da comunidade pr\u00f3xima e para os seus funcion\u00e1rios: procuramos oferecer alta qualidade a todas as partes interessadas.<br \/>\nO centro de idiomas Caminhos est\u00e1 localizado em Ipanema, Rio de Janeiro, onde oferece\u00a0\u00a0<a href=\"https:\/\/caminhoslanguages.com\/courses\" target=\"_blank\" rel=\"noopener\"><span class=\"s1\">cursos de portugu\u00eas de alta qualidade<\/span><\/a>\u00a0\u00a0.\u00a0O que torna a escola especial s\u00e3o suas atividades di\u00e1rias gratuitas e o fato de a escola possuir um programa social pr\u00f3prio\u00a0\u00a0<a href=\"http:\/\/www.maiscaminhos.org\/\" target=\"_blank\" rel=\"noopener\"><span class=\"s1\">para crian\u00e7as do Rio de Janeiro<\/span><\/a>\u00a0\u00a0.\u00a0Ent\u00e3o, parte do valor que voc\u00ea paga pelas aulas de portugu\u00eas vai diretamente para as crian\u00e7as do Rio de Janeiro.<\/p>\n<p><iframe loading=\"lazy\" title=\"Learn Portuguese in Rio de Janeiro at Caminhos Language Centre\" width=\"500\" height=\"281\" src=\"https:\/\/www.youtube.com\/embed\/SHJ2R5WoDnU?feature=oembed\" frameborder=\"0\" allow=\"accelerometer; autoplay; clipboard-write; encrypted-media; gyroscope; picture-in-picture; web-share\" referrerpolicy=\"strict-origin-when-cross-origin\" allowfullscreen><\/iframe><\/p>\n<h2><span style=\"color: #0b9444;\">Classificado em 1\u00ba lugar no TripAdvisor por seus alunos<\/span><\/h2>\n<p>&nbsp;<\/p>\n<p class=\"p1\"><a href=\"https:\/\/caminhoslanguages.com\/accommodation\/homestay\" target=\"_blank\" rel=\"noopener\"><span class=\"s1\">A escola possui um programa de estadia em casa de fam\u00edlia<\/span><\/a>\u00a0\u00a0bem estabelecido\u00a0<img loading=\"lazy\" decoding=\"async\" class=\"alignright wp-image-3866\" src=\"https:\/\/ecocaminhos.com\/wp-content\/uploads\/2017\/11\/CAMINHOSlanguagecentre_transparent-background-01-300x92.png\" alt=\"\" width=\"156\" height=\"158\" title=\"\">no Rio de Janeiro, permitindo que os alunos fiquem\u00a0<a href=\"https:\/\/caminhoslanguages.com\/accommodation\/homestay\" target=\"_blank\" rel=\"noopener\">\u00a0com fam\u00edlias brasileiras locais<\/a>\u00a0\u00a0.<br \/>\nOs alunos ficar\u00e3o imersos na cultura brasileira e ter\u00e3o a oportunidade de praticar o portugu\u00eas na vida real.\u00a0A escola oferece aos alunos uma experi\u00eancia completa no Rio de Janeiro sem cobran\u00e7as excessivas.\u00a0<a href=\"https:\/\/caminhoslanguages.com\/courses\/our-group-courses\" target=\"_blank\" rel=\"noopener\"><span class=\"s1\">Os cursos de portugu\u00eas em grupo no Brasil<\/span><\/a>\u00a0custam\u00a0\u00a0\u00a0a partir de 23 reais (+\/- 6 euros) por hora;\u00a0O melhor pre\u00e7o da cidade.\u00a0A escola consegue oferecer esses pre\u00e7os altos porque cresceu e se tornou a maior escola do Rio e at\u00e9 do Brasil.<br \/>\nA melhor forma de conferir todas essas palavras positivas sobre a escola \u00e9 visitando a\u00a0<a href=\"http:\/\/www.tripadvisor.com\/Attraction_Review-g303506-d6533574-Reviews-Casa_Do_Caminho_Language_Centre-Rio_de_Janeiro_State_of_Rio_de_Janeiro.html\" target=\"_blank\" rel=\"noopener\">\u00a0p\u00e1gina do TripAdvisor<\/a>\u00a0\u00a0, onde a escola ocupa o primeiro lugar no Rio de Janeiro.<\/p>\n<h2><span style=\"color: #0b9444;\">Amplia gama de actividades gratuitas en R\u00edo de Janeiro<\/span><\/h2>\n<p>A escola \u00e9 famosa por suas atividades.\u00a0S\u00f3 para voc\u00ea ter uma ideia de como pode ser seu hor\u00e1rio na escola:<\/p>\n<p><a class=\"single-popup-image\" href=\"https:\/\/ecocaminhos.com\/wp-content\/uploads\/2018\/02\/week-schedule-final-01-1.png\"><img loading=\"lazy\" decoding=\"async\" class=\"wp-image-3414 size-large aligncenter\" src=\"https:\/\/ecocaminhos.com\/wp-content\/uploads\/2018\/02\/week-schedule-final-01-1-1024x672.png\" alt=\"\" width=\"1024\" height=\"672\" title=\"\" srcset=\"https:\/\/ecocaminhos.com\/wp-content\/uploads\/2018\/02\/week-schedule-final-01-1-1024x672.png 1024w, https:\/\/ecocaminhos.com\/wp-content\/uploads\/2018\/02\/week-schedule-final-01-1-300x197.png 300w, https:\/\/ecocaminhos.com\/wp-content\/uploads\/2018\/02\/week-schedule-final-01-1-768x504.png 768w, https:\/\/ecocaminhos.com\/wp-content\/uploads\/2018\/02\/week-schedule-final-01-1.png 1746w\" sizes=\"auto, (max-width: 1024px) 100vw, 1024px\" \/><\/a>[\/vc_column_text]<div  class=\"fitVids swmsc_video_shortcode\" ><iframe loading=\"lazy\" width=\"608\" height=\"347\" src=\"https:\/\/www.youtube.com\/embed\/hB2oVTr7ToA\" frameborder=\"0\" allowfullscreen webkitAllowFullScreen mozallowfullscreen><\/iframe><\/div><div  class=\"clear swmsc_gap\" style=\"margin:50px 0 0 0;\"><\/div>[vc_column_text]If you would like to join <a href=\"https:\/\/ecocaminhos.com\">Eco Caminhos<\/a>, but wish to start off by <a href=\"https:\/\/caminhoslanguages.com\/\" target=\"_blank\" rel=\"noopener\"><span class=\"s1\">learning Portuguese in Brazil<\/span><\/a> with the Caminhos Language Centre, we can organize special custom.[\/vc_column_text][\/vc_column][\/vc_row][vc_row][vc_column]<div  class=\"clear swmsc_gap\" style=\"margin:50px 0 0 0;\"><\/div><div class=\" ubtn-ctn-left \"><a class=\"ubtn-link ult-adjust-bottom-margin ubtn-left ubtn-large \" href=\"https:\/\/ecocaminhos.com\/br\/contato\/\" title=\"Contact Us\"><button type=\"button\" id=\"ubtn-5452\"  class=\"ubtn ult-adjust-bottom-margin ult-responsive ubtn-large ubtn-no-hover-bg  none  ubtn-left   tooltip-69f1e7a1083b2\"  data-hover=\"\" data-border-color=\"\" data-bg=\"#81d742\" data-hover-bg=\"\" data-border-hover=\"\" data-shadow-hover=\"\" data-shadow-click=\"none\" data-shadow=\"\" data-shd-shadow=\"\"  data-ultimate-target='#ubtn-5452'  data-responsive-json-new='{\"font-size\":\"\",\"line-height\":\"\"}'  style=\"font-weight:normal;border:none;background: #81d742;color: #ffffff;\"><span class=\"ubtn-hover\" style=\"background-color:\"><\/span><span class=\"ubtn-data ubtn-text \" > Contate-nos!<\/span><\/button><\/a><\/div><div  class=\"clear swmsc_gap\" style=\"margin:50px 0 0 0;\"><\/div>[\/vc_column][\/vc_row]\n\n<\/div>","protected":false},"excerpt":{"rendered":"<p>[vc_row][vc_column][vc_column_text] Aprenda Portugu\u00eas Brasileiro na escola de idiomas mais interessante do Brasil Nosso principal parceiro \u00e9 a Caminhos Language Centre,\u00a0\u00a0a maior e mais interessante escola de idiomas do Brasil\u00a0\u00a0. Tal [&hellip;]<\/p>\n","protected":false},"author":9,"featured_media":0,"parent":0,"menu_order":0,"comment_status":"closed","ping_status":"closed","template":"","meta":{"footnotes":"","_links_to":"","_links_to_target":""},"categories":[295,352,354,293],"tags":[],"class_list":["post-1811","page","type-page","status-publish","hentry","category-education","category-global-issues","category-leadership","category-testimonial"],"rttpg_featured_image_url":null,"rttpg_author":{"display_name":"Nnamdi","author_link":"https:\/\/ecocaminhos.com\/br\/blog\/author\/nnamdi\/"},"rttpg_comment":0,"rttpg_category":" <a href=\"https:\/\/ecocaminhos.com\/br\/blog\/category\/education\/\" rel=\"tag\">Educa\u00e7\u00e3o<\/a><a href=\"https:\/\/ecocaminhos.com\/br\/blog\/category\/global-issues\/\" rel=\"tag\">Global Issues<\/a><a href=\"https:\/\/ecocaminhos.com\/br\/blog\/category\/leadership\/\" rel=\"tag\">Leadership<\/a><a href=\"https:\/\/ecocaminhos.com\/br\/blog\/category\/testimonial\/\" rel=\"tag\">Depoimento<\/a>","rttpg_excerpt":"[vc_row][vc_column][vc_column_text] Aprenda Portugu\u00eas Brasileiro na escola de idiomas mais interessante do Brasil Nosso principal parceiro \u00e9 a Caminhos Language Centre,\u00a0\u00a0a maior e mais interessante escola de idiomas do Brasil\u00a0\u00a0. Tal [&hellip;]","post_mailing_queue_ids":[],"_links":{"self":[{"href":"https:\/\/ecocaminhos.com\/br\/wp-json\/wp\/v2\/pages\/1811","targetHints":{"allow":["GET"]}}],"collection":[{"href":"https:\/\/ecocaminhos.com\/br\/wp-json\/wp\/v2\/pages"}],"about":[{"href":"https:\/\/ecocaminhos.com\/br\/wp-json\/wp\/v2\/types\/page"}],"author":[{"embeddable":true,"href":"https:\/\/ecocaminhos.com\/br\/wp-json\/wp\/v2\/users\/9"}],"replies":[{"embeddable":true,"href":"https:\/\/ecocaminhos.com\/br\/wp-json\/wp\/v2\/comments?post=1811"}],"version-history":[{"count":7,"href":"https:\/\/ecocaminhos.com\/br\/wp-json\/wp\/v2\/pages\/1811\/revisions"}],"predecessor-version":[{"id":27671,"href":"https:\/\/ecocaminhos.com\/br\/wp-json\/wp\/v2\/pages\/1811\/revisions\/27671"}],"wp:attachment":[{"href":"https:\/\/ecocaminhos.com\/br\/wp-json\/wp\/v2\/media?parent=1811"}],"wp:term":[{"taxonomy":"category","embeddable":true,"href":"https:\/\/ecocaminhos.com\/br\/wp-json\/wp\/v2\/categories?post=1811"},{"taxonomy":"post_tag","embeddable":true,"href":"https:\/\/ecocaminhos.com\/br\/wp-json\/wp\/v2\/tags?post=1811"}],"curies":[{"name":"wp","href":"https:\/\/api.w.org\/{rel}","templated":true}]}}