{"id":1827,"date":"2017-11-30T18:20:24","date_gmt":"2017-11-30T20:20:24","guid":{"rendered":"http:\/\/ecocaminhos.com\/site\/?page_id=1827"},"modified":"2017-11-30T18:20:24","modified_gmt":"2017-11-30T20:20:24","slug":"permaculture-farm-in-brazil-2","status":"publish","type":"page","link":"https:\/\/ecocaminhos.com\/br\/fazenda-de-permacultura-no-brasil\/","title":{"rendered":"Fazenda de Permacultura no Brasil"},"content":{"rendered":"<div class=\"wpb-content-wrapper\">[vc_row][vc_column][vc_column_text]A Eco Caminhos possui uma bela fazenda de 287.000 m2 em Nova Friburgo, Brasil.\u00a0Somos amantes da permacultura e estamos ansiosos para aprender mais sobre permacultura todos os dias.\u00a0Tentamos seguir seus princ\u00edpios em cada decis\u00e3o que tomamos.\u00a0Ainda assim, n\u00e3o somos radicais e as coisas deveriam ser pr\u00e1ticas.<\/p>\n<p><a class=\"single-popup-image\" href=\"https:\/\/ecocaminhos.com\/wp-content\/uploads\/2017\/12\/permaculture-farm-in-brazil.png\"><img loading=\"lazy\" decoding=\"async\" class=\" wp-image-2217 aligncenter\" src=\"https:\/\/ecocaminhos.com\/wp-content\/uploads\/2017\/12\/permaculture-farm-in-brazil.png\" sizes=\"auto, (max-width: 565px) 100vw, 565px\" srcset=\"https:\/\/ecocaminhos.com\/wp-content\/uploads\/2017\/12\/permaculture-farm-in-brazil.png 671w, https:\/\/ecocaminhos.com\/wp-content\/uploads\/2017\/12\/permaculture-farm-in-brazil-300x277.png 300w\" alt=\"\" width=\"565\" height=\"522\" title=\"\"><\/a><\/p>\n<p>&nbsp;<\/p>\n<h2><span style=\"color: #0b9444;\">Alguns dos objetivos que nos propusemos:<\/span><\/h2>\n<p>&nbsp;<\/p>\n<ul>\n<li class=\"checkk\">Colocamos os seres humanos no centro da nossa organiza\u00e7\u00e3o.\u00a0O desenvolvimento humano \u00e9 o nosso objetivo n\u00famero um<\/li>\n<li class=\"checkk\">Trabalhamos com a natureza e n\u00e3o contra ela<\/li>\n<li class=\"checkk\">Constru\u00edmos casas\u00a0<a href=\"https:\/\/ecocaminhos.com\/bioconstruction-natural-building-brazil\/\">de bioconstru\u00e7\u00e3o<\/a>\u00a0(constru\u00e7\u00e3o natural) com materiais naturais locais<\/li>\n<li class=\"checkk\">Utilizamos fontes naturais para produzir a energia que consumimos<\/li>\n<li class=\"checkk\">Cultivamos\u00a0<a href=\"https:\/\/ecocaminhos.com\/agroforest\/\">\u00e1rvores<\/a>\u00a0frut\u00edferas e vegetais organicamente<\/li>\n<li class=\"checkk\">Tratamos nossas \u00e1guas residuais com filtros naturais de banana<\/li>\n<li class=\"checkk\">Criaremos galinhas para ovos, esterco e limpeza de nosso pomar<\/li>\n<li class=\"checkk\">Queremos proteger nossas fontes de \u00e1gua reflorestando ao redor<\/li>\n<li class=\"checkk\">Queremos reflorestar as zonas mais \u00edngremes da nossa quinta para proteger encostas e recuperar o seu estado original<\/li>\n<li class=\"checkk\">Queremos cultivar uma floresta de madeira e bambu para fins\u00a0<a href=\"https:\/\/ecocaminhos.com\/bioconstruction-natural-building-brazil\/\">de bioconstru\u00e7\u00e3o<\/a>\u00a0(constru\u00e7\u00e3o natural)<\/li>\n<li class=\"checkk\">Queremos cultivar uma floresta comest\u00edvel<\/li>\n<li class=\"checkk\">Queremos reduzir o desperd\u00edcio<\/li>\n<li class=\"checkk\">Queremos\u00a0<a href=\"https:\/\/ecocaminhos.com\/br\/programa-de-jovem-aprendiz\/\">ensinar aos adolescentes brasileiros carentes<\/a>\u00a0todas as habilidades que temos, para que eles possam se tornar trabalhadores independentes e, ao mesmo tempo, difundir a filosofia da permacultura<\/li>\n<\/ul>\n<p><a class=\"single-popup-image\" href=\"https:\/\/ecocaminhos.com\/wp-content\/uploads\/2017\/11\/map-eco-farm.bmp\"><img loading=\"lazy\" decoding=\"async\" class=\"size-full wp-image-1828 aligncenter\" src=\"https:\/\/ecocaminhos.com\/wp-content\/uploads\/2017\/11\/map-eco-farm.bmp\" sizes=\"auto, (max-width: 691px) 100vw, 691px\" srcset=\"https:\/\/ecocaminhos.com\/wp-content\/uploads\/2017\/11\/map-eco-farm.bmp 691w, https:\/\/ecocaminhos.com\/wp-content\/uploads\/2017\/11\/map-eco-farm-300x214.jpg 300w\" alt=\"\" width=\"691\" height=\"494\" title=\"\"><\/a><\/p>\n<p>&nbsp;<\/p>\n<h2><span style=\"color: #0b9444;\">O desenvolvimento humano como nosso principal objetivo<\/span><\/h2>\n<p>O desenvolvimento humano \u00e9 o nosso principal objectivo.\u00a0Acreditamos que reunir as pessoas na natureza e oferecer-lhes desafios pr\u00e1ticos \u00e9 exatamente o que \u00e9 necess\u00e1rio para crescermos como seres humanos.\u00a0Na Eco Caminhos muitas pessoas encontram um verdadeiro prop\u00f3sito na vida, algo que muitas vezes se perde na correria da exist\u00eancia contempor\u00e2nea.\u00a0Temos que trabalhar e viver juntos e nos desafiar f\u00edsica e mentalmente para alcan\u00e7ar nossos objetivos.\u00a0Para tornar o nosso programa acess\u00edvel a todos, cri\u00e1mos v\u00e1rios\u00a0<a class=\"tcolor\" href=\"https:\/\/ecocaminhos.com\/br\/oportunidades-de-voluntariado\/\">programas de voluntariado diferentes<\/a>\u00a0, cada um proporcionando a oportunidade de experimentar a vida na nossa quinta ecol\u00f3gica.[\/vc_column_text][\/vc_column][\/vc_row]\n<\/div>","protected":false},"excerpt":{"rendered":"<p>[vc_row][vc_column][vc_column_text]A Eco Caminhos possui uma bela fazenda de 287.000 m2 em Nova Friburgo, Brasil.\u00a0Somos amantes da permacultura e estamos ansiosos para aprender mais sobre permacultura todos os dias.\u00a0Tentamos seguir seus [&hellip;]<\/p>\n","protected":false},"author":9,"featured_media":0,"parent":0,"menu_order":0,"comment_status":"closed","ping_status":"closed","template":"","meta":{"footnotes":"","_links_to":"","_links_to_target":""},"categories":[299],"tags":[],"class_list":["post-1827","page","type-page","status-publish","hentry","category-permaculture"],"rttpg_featured_image_url":null,"rttpg_author":{"display_name":"Nnamdi","author_link":"https:\/\/ecocaminhos.com\/br\/blog\/author\/nnamdi\/"},"rttpg_comment":0,"rttpg_category":" <a href=\"https:\/\/ecocaminhos.com\/br\/blog\/category\/permaculture\/\" rel=\"tag\">Permacultura<\/a>","rttpg_excerpt":"[vc_row][vc_column][vc_column_text]A Eco Caminhos possui uma bela fazenda de 287.000 m2 em Nova Friburgo, Brasil.\u00a0Somos amantes da permacultura e estamos ansiosos para aprender mais sobre permacultura todos os dias.\u00a0Tentamos seguir seus [&hellip;]","post_mailing_queue_ids":[],"_links":{"self":[{"href":"https:\/\/ecocaminhos.com\/br\/wp-json\/wp\/v2\/pages\/1827","targetHints":{"allow":["GET"]}}],"collection":[{"href":"https:\/\/ecocaminhos.com\/br\/wp-json\/wp\/v2\/pages"}],"about":[{"href":"https:\/\/ecocaminhos.com\/br\/wp-json\/wp\/v2\/types\/page"}],"author":[{"embeddable":true,"href":"https:\/\/ecocaminhos.com\/br\/wp-json\/wp\/v2\/users\/9"}],"replies":[{"embeddable":true,"href":"https:\/\/ecocaminhos.com\/br\/wp-json\/wp\/v2\/comments?post=1827"}],"version-history":[{"count":1,"href":"https:\/\/ecocaminhos.com\/br\/wp-json\/wp\/v2\/pages\/1827\/revisions"}],"predecessor-version":[{"id":27651,"href":"https:\/\/ecocaminhos.com\/br\/wp-json\/wp\/v2\/pages\/1827\/revisions\/27651"}],"wp:attachment":[{"href":"https:\/\/ecocaminhos.com\/br\/wp-json\/wp\/v2\/media?parent=1827"}],"wp:term":[{"taxonomy":"category","embeddable":true,"href":"https:\/\/ecocaminhos.com\/br\/wp-json\/wp\/v2\/categories?post=1827"},{"taxonomy":"post_tag","embeddable":true,"href":"https:\/\/ecocaminhos.com\/br\/wp-json\/wp\/v2\/tags?post=1827"}],"curies":[{"name":"wp","href":"https:\/\/api.w.org\/{rel}","templated":true}]}}