{"id":20086,"date":"2021-05-04T11:46:18","date_gmt":"2021-05-04T14:46:18","guid":{"rendered":"https:\/\/ecocaminhos.com\/?page_id=20086"},"modified":"2021-05-04T11:46:18","modified_gmt":"2021-05-04T14:46:18","slug":"oficina","status":"publish","type":"page","link":"https:\/\/ecocaminhos.com\/br\/oficina\/","title":{"rendered":"Oficina"},"content":{"rendered":"<div class=\"wpb-content-wrapper\">[vc_row][vc_column][vc_column_text]\n<h1 style=\"text-align: center;\"><b>Oficina (Workshop) \u2013 Colmeia<\/b><\/h1>\n<p style=\"text-align: center;\"><b>Acabamento previsto: <\/b><span style=\"color: #ff6600;\"><b>May 2021 \u00a0 \u00a0 \u00a0\u00a0<\/b><\/span><b>Projetista:\u00a0<\/b><span style=\"color: #ff6600;\"><b>Daniel e Kiko \u00a0 \u00a0 \u00a0\u00a0<\/b><\/span><b>Constru\u00e7\u00e3o:\u00a0<\/b><span style=\"color: #ff6600;\"><b>Equipe Eco Caminhos \u00a0 \u00a0 \u00a0\u00a0<\/b><\/span><b>T\u00e9cnicas:<\/b><b>\u00a0<\/b><span style=\"color: #ff6600;\"><b>Eucalyptus, COB, Wattle &amp; Daub<\/b>\u00a0 \u00a0 \u00a0\u00a0<\/span><b>Tamanho:<\/b><span style=\"font-weight: 400;\">\u00a0\u00a0<\/span><span style=\"color: #ff6600;\"><b>98<\/b> <b>m2<\/b>\u00a0 \u00a0 \u00a0 \u00a0<\/span><b>Localiza\u00e7\u00e3o:\u00a0<\/b><span style=\"color: #ff6600;\"><b>Nova Friburgo, Brasil<\/b><\/span><\/p>\n<p><b>\u00a0\u00a0<\/b><\/p>\n<p><span style=\"font-weight: 400;\">Em 2019, iniciamos a constru\u00e7\u00e3o da nossa oficina aqui na Eco Caminhos utilizando t\u00e9cnicas de constru\u00e7\u00e3o natural (bioconstru\u00e7\u00e3o). Com a evolu\u00e7\u00e3o da consci\u00eancia ambiental, o movimento de preserva\u00e7\u00e3o das florestas nativas brasileiras se intensificou e o uso de madeira reflorestada tem sido recomendado. Neste contexto, o eucalipto e o pinus s\u00e3o os substitutos mais comuns da madeira nobre e, no nosso caso, opt\u00e1mos pela madeira de eucalipto para fazer a nossa estrutura. Em sua forma final, nossa oficina, totalmente integrada \u00e0 paisagem, tamb\u00e9m disponibiliza espa\u00e7o para acomoda\u00e7\u00f5es e integra o espa\u00e7o com infraestrutura para eventos e cursos focados em t\u00e9cnicas de constru\u00e7\u00e3o natural (bioconstru\u00e7\u00e3o).<\/span><\/p>\n<p>&nbsp;<\/p>\n<h2><span style=\"color: #008000;\"><b>Pr\u00e9-requisitos para um bom projeto de constru\u00e7\u00e3o natural<\/b><\/span><\/h2>\n<ul>\n<li aria-level=\"1\">Integra\u00e7\u00e3o com paisagem<\/li>\n<li aria-level=\"1\">Uso de materiais naturais<\/li>\n<li aria-level=\"1\">Ilumina\u00e7\u00e3o natural dentro de casa<\/li>\n<li aria-level=\"1\">Umidade zero<\/li>\n<li aria-level=\"1\">Bom isolamento t\u00e9rmico para noites frias de inverno<\/li>\n<\/ul>\n<p>&nbsp;<\/p>\n<h2 style=\"text-align: left;\"><span style=\"color: #008000;\">Renderiza\u00e7\u00f5es 3D para <em>Oficina<\/em> (Workshop):<\/span><\/h2>\n<div id='gallery-3' class='gallery galleryid-20086 gallery-columns-3 gallery-size-medium'><dl class='gallery-item'>\n\t\t\t<dt class='gallery-icon landscape'>\n\t\t\t\t<a title=\"modelo 3d de um banheiro\" href=\"https:\/\/ecocaminhos.com\/wp-content\/uploads\/2018\/02\/vista-1-banh-logo.jpg\"><img loading=\"lazy\" decoding=\"async\" width=\"300\" height=\"178\" src=\"https:\/\/ecocaminhos.com\/wp-content\/uploads\/2018\/02\/vista-1-banh-logo.jpg\" class=\"attachment-medium size-medium\" alt=\"\" srcset=\"https:\/\/ecocaminhos.com\/wp-content\/uploads\/2018\/02\/vista-1-banh-logo.jpg 1294w, https:\/\/ecocaminhos.com\/wp-content\/uploads\/2018\/02\/vista-1-banh-logo-300x178.jpg 300w\" sizes=\"auto, (max-width: 300px) 100vw, 300px\" title=\"\"><\/a>\n\t\t\t<\/dt><\/dl><dl class='gallery-item'>\n\t\t\t<dt class='gallery-icon landscape'>\n\t\t\t\t<a title=\"vista 3 banh logo\" href=\"https:\/\/ecocaminhos.com\/wp-content\/uploads\/2018\/02\/vista-3-banh-logo.jpg\"><img loading=\"lazy\" decoding=\"async\" width=\"300\" height=\"171\" src=\"https:\/\/ecocaminhos.com\/wp-content\/uploads\/2018\/02\/vista-3-banh-logo.jpg\" class=\"attachment-medium size-medium\" alt=\"\" srcset=\"https:\/\/ecocaminhos.com\/wp-content\/uploads\/2018\/02\/vista-3-banh-logo.jpg 1345w, https:\/\/ecocaminhos.com\/wp-content\/uploads\/2018\/02\/vista-3-banh-logo-300x171.jpg 300w\" sizes=\"auto, (max-width: 300px) 100vw, 300px\" title=\"\"><\/a>\n\t\t\t<\/dt><\/dl><dl class='gallery-item'>\n\t\t\t<dt class='gallery-icon landscape'>\n\t\t\t\t<a title=\"oficina v1 COM LOGO\" href=\"https:\/\/ecocaminhos.com\/wp-content\/uploads\/2018\/02\/oficina-v1-COM-LOGO.jpg\"><img loading=\"lazy\" decoding=\"async\" width=\"300\" height=\"170\" src=\"https:\/\/ecocaminhos.com\/wp-content\/uploads\/2018\/02\/oficina-v1-COM-LOGO.jpg\" class=\"attachment-medium size-medium\" alt=\"\" srcset=\"https:\/\/ecocaminhos.com\/wp-content\/uploads\/2018\/02\/oficina-v1-COM-LOGO.jpg 1358w, https:\/\/ecocaminhos.com\/wp-content\/uploads\/2018\/02\/oficina-v1-COM-LOGO-300x170.jpg 300w\" sizes=\"auto, (max-width: 300px) 100vw, 300px\" title=\"\"><\/a>\n\t\t\t<\/dt><\/dl><br style=\"clear: both\" \/><dl class='gallery-item'>\n\t\t\t<dt class='gallery-icon landscape'>\n\t\t\t\t<a title=\"oficina v2 COM LOGO\" href=\"https:\/\/ecocaminhos.com\/wp-content\/uploads\/2018\/02\/oficina-v2-COM-LOGO.jpg\"><img loading=\"lazy\" decoding=\"async\" width=\"300\" height=\"169\" src=\"https:\/\/ecocaminhos.com\/wp-content\/uploads\/2018\/02\/oficina-v2-COM-LOGO.jpg\" class=\"attachment-medium size-medium\" alt=\"\" srcset=\"https:\/\/ecocaminhos.com\/wp-content\/uploads\/2018\/02\/oficina-v2-COM-LOGO.jpg 1363w, https:\/\/ecocaminhos.com\/wp-content\/uploads\/2018\/02\/oficina-v2-COM-LOGO-300x169.jpg 300w\" sizes=\"auto, (max-width: 300px) 100vw, 300px\" title=\"\"><\/a>\n\t\t\t<\/dt><\/dl><dl class='gallery-item'>\n\t\t\t<dt class='gallery-icon landscape'>\n\t\t\t\t<a title=\"oficina v3 COM LOGO\" href=\"https:\/\/ecocaminhos.com\/wp-content\/uploads\/2018\/02\/oficina-v3-COM-LOGO.jpg\"><img loading=\"lazy\" decoding=\"async\" width=\"300\" height=\"169\" src=\"https:\/\/ecocaminhos.com\/wp-content\/uploads\/2018\/02\/oficina-v3-COM-LOGO.jpg\" class=\"attachment-medium size-medium\" alt=\"\" srcset=\"https:\/\/ecocaminhos.com\/wp-content\/uploads\/2018\/02\/oficina-v3-COM-LOGO.jpg 1366w, https:\/\/ecocaminhos.com\/wp-content\/uploads\/2018\/02\/oficina-v3-COM-LOGO-300x169.jpg 300w\" sizes=\"auto, (max-width: 300px) 100vw, 300px\" title=\"\"><\/a>\n\t\t\t<\/dt><\/dl><dl class='gallery-item'>\n\t\t\t<dt class='gallery-icon landscape'>\n\t\t\t\t<a title=\"oficina v4 COM LOGO\" href=\"https:\/\/ecocaminhos.com\/wp-content\/uploads\/2018\/02\/oficina-v4-COM-LOGO.jpg\"><img loading=\"lazy\" decoding=\"async\" width=\"300\" height=\"169\" src=\"https:\/\/ecocaminhos.com\/wp-content\/uploads\/2018\/02\/oficina-v4-COM-LOGO.jpg\" class=\"attachment-medium size-medium\" alt=\"\" srcset=\"https:\/\/ecocaminhos.com\/wp-content\/uploads\/2018\/02\/oficina-v4-COM-LOGO.jpg 1366w, https:\/\/ecocaminhos.com\/wp-content\/uploads\/2018\/02\/oficina-v4-COM-LOGO-300x169.jpg 300w\" sizes=\"auto, (max-width: 300px) 100vw, 300px\" title=\"\"><\/a>\n\t\t\t<\/dt><\/dl><br style=\"clear: both\" \/>\n\t\t<\/div>\n\n<p>&nbsp;<\/p>\n<h2><span style=\"color: #008000;\"><b>Experi\u00eancia de usu\u00e1rio<\/b><\/span><\/h2>\n<p><span style=\"font-weight: 400;\">N\u00f3s, fam\u00edlia Bijen e volunt\u00e1rios da Eco Caminhos, estamos adorando o workshop! O ambiente interno \u00e9 muito confort\u00e1vel e bem estruturado para atividades. Nos dias quentes de ver\u00e3o o interior \u00e9 fresco e nas noites frias de inverno \u00e9 quente gra\u00e7as ao bom isolamento t\u00e9rmico. As paredes acumulam calor durante os dias ensolarados de inverno e quando a temperatura cai \u00e0 noite, as paredes mant\u00eam os quartos aquecidos. A oficina tamb\u00e9m beneficia de excelente ilumina\u00e7\u00e3o natural durante o dia. Foi pensado para que todos os ambientes internos recebam ilumina\u00e7\u00e3o natural suficiente sem a necessidade de acender luzes artificiais. Outro ponto que muitas vezes as pessoas esquecem durante a constru\u00e7\u00e3o \u00e9 que um bom sistema de drenagem evita que o ambiente interno fique muito \u00famido. As paredes de espiga tamb\u00e9m ajudam com a umidade porque \u201crespiram\u201d muito bem. Podemos deixar os quartos fechados por uma semana e ainda voltar para um ambiente sem cheiro de mofo ou umidade. Aqui realmente fazemos parte da natureza e dela nos beneficiamos.<\/span><\/p>\n<p>&nbsp;<\/p>\n<p><a href=\"https:\/\/ecocaminhos.com\/wp-content\/uploads\/2019\/08\/IMG_4573-scaled.jpg\"><img loading=\"lazy\" decoding=\"async\" class=\"wp-image-19918 size-large aligncenter\" src=\"https:\/\/ecocaminhos.com\/wp-content\/uploads\/2019\/08\/IMG_4573-1024x683.jpg\" alt=\"\" width=\"1024\" height=\"683\" title=\"\"><\/a><\/p>\n<p style=\"text-align: center;\"><em>Our Oficina (workshop) &#8211; a work in progress<\/em><\/p>\n<h2><span style=\"color: #008000;\"><span style=\"caret-color: #008000;\">T\u00e9cnicas<\/span><\/span><\/h2>\n<ul>\n<li class=\"checkk\"><a href=\"https:\/\/ecocaminhos.com\/?p=19200\"><strong>Cob\u00a0<\/strong>\u00a0<strong>(tamb\u00e9m conhecido como cobb):<\/strong><\/a>\u00a0\u00a0Um material de constru\u00e7\u00e3o composto de subsolo, palha e areia<\/li>\n<li><b>Rebocos Naturais:\u00a0<\/b>\u00a0Para as paredes interiores utilizamos um reboco feito com uma mistura de cal, argila, areia e palha.\u00a0As paredes externas possuem reboco feito com argila, areia, palha, esterco bovino e \u00f3leo de linha\u00e7a.\u00a0As \u00e1reas mais propensas a molhar utilizam revestimentos cer\u00e2micos antigos.<\/li>\n<li class=\"checkk\"><strong>Wattle and Daub:<\/strong>\u00a0Um m\u00e9todo de constru\u00e7\u00e3o composto usado para fazer paredes e edif\u00edcios nos quais uma treli\u00e7a tecida de tiras de bambu chamada wattle \u00e9 manchada com espiga<\/li>\n<li><b>Eucalipto Tratado:\u00a0<\/b>\u00a0O eucalipto possui excelentes caracter\u00edsticas f\u00edsico-mec\u00e2nicas e torna-se altamente dur\u00e1vel com tratamento industrial normal (Autoclave).\u00a0\u00c9 recomendado para vigas, caibros e pe\u00e7as estruturais.<\/li>\n<li class=\"checkk\"><strong>Tratamento Natural de \u00c1guas Residuais<\/strong>\u00a0: Usamos um filtro banana para filtragem de \u00e1guas residuais pretas e cinzas<\/li>\n<li class=\"checkk\"><strong>Caldeira Solar<\/strong>\u00a0: Usamos uma caldeira solar para fornecer \u00e1gua quente<\/li>\n<li><a href=\"https:\/\/ecocaminhos.com\/?p=20079\"><b>Energia Solar:<\/b><\/a>\u00a0Utilizamos pain\u00e9is fotovoltaicos para gerar energia para a oficina e alojamento.\u00a0Na verdade, o sistema solar ir\u00e1 suprir todas as necessidades de eletricidade da fazenda;<\/li>\n<li class=\"checkk\"><strong>Drenagem<\/strong>\u00a0: Dispomos de sistema de drenagem sob a funda\u00e7\u00e3o do muro de pedra<\/li>\n<li class=\"checkk\"><strong>Isolamento de piso<\/strong>\u00a0: Utilizamos\u00a0\u00a0<a href=\"https:\/\/en.wikipedia.org\/wiki\/Expanded_clay_aggregate#:~:text=Lightweight%20expanded%20clay%20aggregate%20(LECA,heating%20producing%20a%20honeycomb%20structure.\" target=\"_blank\" rel=\"noopener\">argila expandida<\/a>\u00a0para evitar infiltra\u00e7\u00e3o de umidade e isolar o piso<\/li>\n<li class=\"checkk\"><strong>Posicionando a casa em dire\u00e7\u00e3o ao sol<\/strong>\u00a0: Para um clima interno saud\u00e1vel, a dire\u00e7\u00e3o voltada para a sua casa \u00e9 muito importante. Com nossos ver\u00f5es extremamente \u00famidos e invernos frios, posicionar a casa em dire\u00e7\u00e3o ao sol (Norte) tem se mostrado essencial<\/li>\n<\/ul>\n<p><span style=\"font-weight: 400;\">\u00a0<\/span><\/p>\n<h2><span style=\"color: #008000;\"><b>Participantes do Projeto<\/b><\/span><\/h2>\n<p>O diretor administrativo e fundador do projeto \u00e9 Bart Bijen.\u00a0Os projetistas do projeto incluem o volunt\u00e1rio\u00a0\u00a0Daniel Balcazar\u00a0\u00a0e o mestre de constru\u00e7\u00e3o Kiko.\u00a0A equipe de constru\u00e7\u00e3o foi auxiliada por um grande n\u00famero de volunt\u00e1rios brasileiros e internacionais que vieram aprender e praticar a constru\u00e7\u00e3o natural (bioconstru\u00e7\u00e3o).<\/p>\n<p>&nbsp;<\/p>\n<h2><span style=\"color: #008000;\"><b>Volunt\u00e1rio<\/b><\/span><\/h2>\n<p>Para pessoas que desejam aprender habilidades naturais de constru\u00e7\u00e3o, temos\u00a0<a href=\"https:\/\/ecocaminhos.com\/volunteer-opportunities\/\"><strong>diferentes tipos de programas de voluntariado.<\/strong><\/a>[\/vc_column_text][\/vc_column][\/vc_row][vc_row][vc_column]<div  class=\"clear swmsc_gap\" style=\"margin:30px 0 0 0;\"><\/div><div class=\" ubtn-ctn-left \"><a class=\"ubtn-link ult-adjust-bottom-margin ubtn-left ubtn-normal \" href=\"https:\/\/ecocaminhos.com\/sp\/contato\/\"><button type=\"button\" id=\"ubtn-7665\"  class=\"ubtn ult-adjust-bottom-margin ult-responsive ubtn-normal ubtn-no-hover-bg  none  ubtn-left   tooltip-69f2739e5a83a\"  data-hover=\"\" data-border-color=\"\" data-bg=\"#81d742\" data-hover-bg=\"\" data-border-hover=\"\" data-shadow-hover=\"\" data-shadow-click=\"none\" data-shadow=\"\" data-shd-shadow=\"\"  data-ultimate-target='#ubtn-7665'  data-responsive-json-new='{\"font-size\":\"\",\"line-height\":\"\"}'  style=\"font-weight:normal;border:none;background: #81d742;color: #ffffff;\"><span class=\"ubtn-hover\" style=\"background-color:\"><\/span><span class=\"ubtn-data ubtn-text \" > Contate-nos!<\/span><\/button><\/a><\/div>[\/vc_column][\/vc_row]\n<\/div>","protected":false},"excerpt":{"rendered":"<p>[vc_row][vc_column][vc_column_text] Oficina (Workshop) \u2013 Colmeia Acabamento previsto: May 2021 \u00a0 \u00a0 \u00a0\u00a0Projetista:\u00a0Daniel e Kiko \u00a0 \u00a0 \u00a0\u00a0Constru\u00e7\u00e3o:\u00a0Equipe Eco Caminhos \u00a0 \u00a0 \u00a0\u00a0T\u00e9cnicas:\u00a0Eucalyptus, COB, Wattle &amp; Daub\u00a0 \u00a0 \u00a0\u00a0Tamanho:\u00a0\u00a098 m2\u00a0 \u00a0 [&hellip;]<\/p>\n","protected":false},"author":9,"featured_media":19918,"parent":0,"menu_order":0,"comment_status":"closed","ping_status":"closed","template":"","meta":{"footnotes":"","_links_to":"","_links_to_target":""},"categories":[300,303],"tags":[321],"class_list":["post-20086","page","type-page","status-publish","has-post-thumbnail","hentry","category-natural-building","category-cob","tag-our-natural-building-projects"],"rttpg_featured_image_url":{"full":["https:\/\/ecocaminhos.com\/wp-content\/uploads\/2019\/08\/IMG_4573-scaled.jpg",2560,1706,false],"landscape":["https:\/\/ecocaminhos.com\/wp-content\/uploads\/2019\/08\/IMG_4573-scaled.jpg",2560,1706,false],"portraits":["https:\/\/ecocaminhos.com\/wp-content\/uploads\/2019\/08\/IMG_4573-scaled.jpg",2560,1706,false],"thumbnail":["https:\/\/ecocaminhos.com\/wp-content\/uploads\/2019\/08\/IMG_4573-scaled.jpg",150,100,false],"medium":["https:\/\/ecocaminhos.com\/wp-content\/uploads\/2019\/08\/IMG_4573-scaled.jpg",300,200,false],"large":["https:\/\/ecocaminhos.com\/wp-content\/uploads\/2019\/08\/IMG_4573-scaled.jpg",1024,682,false],"1536x1536":["https:\/\/ecocaminhos.com\/wp-content\/uploads\/2019\/08\/IMG_4573-scaled.jpg",1536,1024,false],"2048x2048":["https:\/\/ecocaminhos.com\/wp-content\/uploads\/2019\/08\/IMG_4573-scaled.jpg",2048,1365,false],"classic-grid-listing":["https:\/\/ecocaminhos.com\/wp-content\/uploads\/2019\/08\/IMG_4573-scaled.jpg",600,400,false],"classic-list-listing":["https:\/\/ecocaminhos.com\/wp-content\/uploads\/2019\/08\/IMG_4573-scaled.jpg",240,160,false],"modern-grid-listing":["https:\/\/ecocaminhos.com\/wp-content\/uploads\/2019\/08\/IMG_4573-scaled.jpg",576,384,false],"product-page-image":["https:\/\/ecocaminhos.com\/wp-content\/uploads\/2019\/08\/IMG_4573-scaled.jpg",600,400,false],"product-category-page-image":["https:\/\/ecocaminhos.com\/wp-content\/uploads\/2019\/08\/IMG_4573-scaled.jpg",600,400,false],"swmsc-related-posts":["https:\/\/ecocaminhos.com\/wp-content\/uploads\/2019\/08\/IMG_4573-scaled.jpg",500,333,false],"swmsc-recent-post-tiny":["https:\/\/ecocaminhos.com\/wp-content\/uploads\/2019\/08\/IMG_4573-scaled.jpg",90,60,false],"swmsc-grid-image":["https:\/\/ecocaminhos.com\/wp-content\/uploads\/2019\/08\/IMG_4573-scaled.jpg",670,446,false],"swmsc-square-image":["https:\/\/ecocaminhos.com\/wp-content\/uploads\/2019\/08\/IMG_4573-scaled.jpg",670,446,false],"swmsc-blog-featured":["https:\/\/ecocaminhos.com\/wp-content\/uploads\/2019\/08\/IMG_4573-scaled.jpg",780,520,false],"woocommerce_thumbnail":["https:\/\/ecocaminhos.com\/wp-content\/uploads\/2019\/08\/IMG_4573-scaled-150x150.jpg",150,150,true],"woocommerce_single":["https:\/\/ecocaminhos.com\/wp-content\/uploads\/2019\/08\/IMG_4573-scaled-300x200.jpg",300,200,true],"woocommerce_gallery_thumbnail":["https:\/\/ecocaminhos.com\/wp-content\/uploads\/2019\/08\/IMG_4573-scaled-100x100.jpg",100,100,true],"ecoworld-blog-featured":["https:\/\/ecocaminhos.com\/wp-content\/uploads\/2019\/08\/IMG_4573-scaled.jpg",780,520,false],"ecoworld-blog-full":["https:\/\/ecocaminhos.com\/wp-content\/uploads\/2019\/08\/IMG_4573-scaled.jpg",780,520,false],"ecoworld-related-posts":["https:\/\/ecocaminhos.com\/wp-content\/uploads\/2019\/08\/IMG_4573-scaled.jpg",500,333,false],"ecoworld-recent-post-tiny":["https:\/\/ecocaminhos.com\/wp-content\/uploads\/2019\/08\/IMG_4573-scaled.jpg",90,60,false],"ecoworld-grid-image":["https:\/\/ecocaminhos.com\/wp-content\/uploads\/2019\/08\/IMG_4573-scaled.jpg",670,446,false],"ecoworld-standard":["https:\/\/ecocaminhos.com\/wp-content\/uploads\/2019\/08\/IMG_4573-scaled.jpg",670,446,false],"ecoworld-square-image":["https:\/\/ecocaminhos.com\/wp-content\/uploads\/2019\/08\/IMG_4573-scaled.jpg",670,446,false]},"rttpg_author":{"display_name":"Nnamdi","author_link":"https:\/\/ecocaminhos.com\/br\/blog\/author\/nnamdi\/"},"rttpg_comment":0,"rttpg_category":" <a href=\"https:\/\/ecocaminhos.com\/br\/blog\/category\/natural-building\/\" rel=\"tag\">Bioconstru\u00e7\u00e3o<\/a><a href=\"https:\/\/ecocaminhos.com\/br\/blog\/category\/natural-building\/cob\/\" rel=\"tag\">Cob<\/a>","rttpg_excerpt":"[vc_row][vc_column][vc_column_text] Oficina (Workshop) \u2013 Colmeia Acabamento previsto: May 2021 \u00a0 \u00a0 \u00a0\u00a0Projetista:\u00a0Daniel e Kiko \u00a0 \u00a0 \u00a0\u00a0Constru\u00e7\u00e3o:\u00a0Equipe Eco Caminhos \u00a0 \u00a0 \u00a0\u00a0T\u00e9cnicas:\u00a0Eucalyptus, COB, Wattle &amp; Daub\u00a0 \u00a0 \u00a0\u00a0Tamanho:\u00a0\u00a098 m2\u00a0 \u00a0 [&hellip;]","post_mailing_queue_ids":[],"_links":{"self":[{"href":"https:\/\/ecocaminhos.com\/br\/wp-json\/wp\/v2\/pages\/20086","targetHints":{"allow":["GET"]}}],"collection":[{"href":"https:\/\/ecocaminhos.com\/br\/wp-json\/wp\/v2\/pages"}],"about":[{"href":"https:\/\/ecocaminhos.com\/br\/wp-json\/wp\/v2\/types\/page"}],"author":[{"embeddable":true,"href":"https:\/\/ecocaminhos.com\/br\/wp-json\/wp\/v2\/users\/9"}],"replies":[{"embeddable":true,"href":"https:\/\/ecocaminhos.com\/br\/wp-json\/wp\/v2\/comments?post=20086"}],"version-history":[{"count":0,"href":"https:\/\/ecocaminhos.com\/br\/wp-json\/wp\/v2\/pages\/20086\/revisions"}],"wp:featuredmedia":[{"embeddable":true,"href":"https:\/\/ecocaminhos.com\/br\/wp-json\/wp\/v2\/media\/19918"}],"wp:attachment":[{"href":"https:\/\/ecocaminhos.com\/br\/wp-json\/wp\/v2\/media?parent=20086"}],"wp:term":[{"taxonomy":"category","embeddable":true,"href":"https:\/\/ecocaminhos.com\/br\/wp-json\/wp\/v2\/categories?post=20086"},{"taxonomy":"post_tag","embeddable":true,"href":"https:\/\/ecocaminhos.com\/br\/wp-json\/wp\/v2\/tags?post=20086"}],"curies":[{"name":"wp","href":"https:\/\/api.w.org\/{rel}","templated":true}]}}