{"id":23928,"date":"2024-01-01T18:32:12","date_gmt":"2024-01-01T18:32:12","guid":{"rendered":"https:\/\/ecocaminhos.com\/?page_id=23928"},"modified":"2024-06-11T10:20:19","modified_gmt":"2024-06-11T13:20:19","slug":"our-team","status":"publish","type":"page","link":"https:\/\/ecocaminhos.com\/br\/nosso-equipe\/","title":{"rendered":"Nosso equipe"},"content":{"rendered":"<div class=\"wpb-content-wrapper\">[vc_row][vc_column][vc_column_text]\n<h2>[\/vc_column_text][\/vc_column][\/vc_row][vc_row][vc_column]<div  class=\"center\" ><div style=\"font-size:27px; color:#333333; font-weight:bold; line-height:30px;\">\n\t\t\t\t\t<\/h2>\n<h2>Conhe\u00e7a nosso equipe<\/h2>\n\n\t\t\t\t\t<\/div><\/div><div  class=\"swmsc_custom_dividers swmsc_dividers_line2 text_align_left\" style=\"margin-top:20px;margin-bottom:40px; clear:both;\"><span style=\"max-width:40px;background-color:#90be54;\"><\/span><\/div><div  class=\"clear swmsc_gap\" style=\"margin:30px 0 0 0;\"><\/div>[\/vc_column][\/vc_row][vc_row][vc_column][vc_column_text]\n[\/vc_column_text][\/vc_column][\/vc_row][vc_row css=&#8221;.vc_custom_1632092433926{margin-top: -200px !important;}&#8221;][vc_column width=&#8221;1\/4&#8243;]<div   >\n\t\t\t\t\t\t<div class=\"swmsc_team_member\">\n\t\t\t\t\t\t\t<div class=\"swmsc_team_member_content_holder\" >\n\t\t\t\t\t\t\t\t<div class=\"swmsc_team_member_img\" ><img decoding=\"async\" src=\"https:\/\/ecocaminhos.com\/wp-content\/uploads\/2023\/12\/bart-agroforestry-thumbnail-small-1.jpg\" alt=\"\" title=\"\"><\/div>\n\t\t\t\t\t\t\t\t<div class=\"swmsc_team_member_content\" >\n\t\t\t\t\t\t\t\t\t<div class=\"swmsc_team_member_name\" style=\"font-size:20px;\">Bart Bijen<\/div>\n\t\t\t\t\t\t\t\t\t<p style=\"font-size:14px;\">Diretor Fundador<\/p>\n\t\t\t\t\t\t\t\t\t<div class=\"swmsc_team_member_bio\" ><div class=\"swmsc_team_member_bio_divider\"><span><\/span><\/div>Diretor-gerente<\/p>\n<p>Agrofloresta<\/p>\n<p>Gerente de Projetos Bioconstru\u00e7\u00e3o<div class=\"clear\"><\/div><\/div>\n\t\t\t\t\t\t\t\t\t<ul><li><a href=\"https:\/\/www.facebook.com\/BartBijen\/\" target=\"_blank\" rel=\"noopener\"><i class=\"fa fa-facebook-square\"><\/i><\/a><\/li><li><a href=\"#\"><i class=\"fa fa-linkedin\"><\/i><\/a><\/li><\/ul>\n\t\t\t\t\t\t\t\t\t<div class=\"clear\"><\/div>\n\t\t\t\t\t\t\t\t<\/div>\n\t\t\t\t\t\t\t<\/div>\n\t\t\t\t\t\t<\/div>\n\t\t\t\t\t<\/div><div   >\n\t\t\t\t\t\t<div class=\"swmsc_team_member\">\n\t\t\t\t\t\t\t<div class=\"swmsc_team_member_content_holder\" >\n\t\t\t\t\t\t\t\t<div class=\"swmsc_team_member_img\" ><img decoding=\"async\" src=\"https:\/\/ecocaminhos.com\/wp-content\/uploads\/2023\/12\/thales-thumbnail-1.jpg\" alt=\"\" title=\"\"><\/div>\n\t\t\t\t\t\t\t\t<div class=\"swmsc_team_member_content\" >\n\t\t\t\t\t\t\t\t\t<div class=\"swmsc_team_member_name\" style=\"font-size:20px;\">Thales Silva<\/div>\n\t\t\t\t\t\t\t\t\t<p style=\"font-size:14px;\">Comunica\u00e7\u00e3o<\/p>\n\t\t\t\t\t\t\t\t\t<div class=\"swmsc_team_member_bio\" ><div class=\"swmsc_team_member_bio_divider\"><span><\/span><\/div>\n<div class=\"swmsc_team_member_bio\">\n<p>Comunica\u00e7\u00e3oCoordenador de Sele\u00e7\u00e3o<\/p>\n<\/div>\n<div class=\"clear\"><\/div><\/div>\n\t\t\t\t\t\t\t\t\t<ul><li><a href=\"https:\/\/www.facebook.com\/thales.1991\" target=\"_blank\" rel=\"noopener\"><i class=\"fa fa-facebook-square\"><\/i><\/a><\/li><li><a href=\"https:\/\/www.linkedin.com\/in\/thales-silva91\/\" target=\"_blank\" rel=\"noopener\"><i class=\"fa fa-linkedin\"><\/i><\/a><\/li><\/ul>\n\t\t\t\t\t\t\t\t\t<div class=\"clear\"><\/div>\n\t\t\t\t\t\t\t\t<\/div>\n\t\t\t\t\t\t\t<\/div>\n\t\t\t\t\t\t<\/div>\n\t\t\t\t\t<\/div><div   >\n\t\t\t\t\t\t<div class=\"swmsc_team_member\">\n\t\t\t\t\t\t\t<div class=\"swmsc_team_member_content_holder\" >\n\t\t\t\t\t\t\t\t<div class=\"swmsc_team_member_img\" ><img decoding=\"async\" src=\"https:\/\/ecocaminhos.com\/wp-content\/uploads\/2020\/06\/Sky.jpg\" alt=\"\" title=\"\"><\/div>\n\t\t\t\t\t\t\t\t<div class=\"swmsc_team_member_content\" >\n\t\t\t\t\t\t\t\t\t<div class=\"swmsc_team_member_name\" style=\"font-size:20px;\">Sky<\/div>\n\t\t\t\t\t\t\t\t\t<p style=\"font-size:14px;\">L\u00edder da equipe<\/p>\n\t\t\t\t\t\t\t\t\t<div class=\"swmsc_team_member_bio\" ><div class=\"swmsc_team_member_bio_divider\"><span><\/span><\/div>Team member description text here<div class=\"clear\"><\/div><\/div>\n\t\t\t\t\t\t\t\t\t<ul><li><a href=\"#\"><i class=\"fa fa-twitter\"><\/i><\/a><\/li><li><a href=\"#\"><i class=\"fa fa-facebook\"><\/i><\/a><\/li><li><a href=\"#\"><i class=\"fa fa-linkedin\"><\/i><\/a><\/li><\/ul>\n\t\t\t\t\t\t\t\t\t<div class=\"clear\"><\/div>\n\t\t\t\t\t\t\t\t<\/div>\n\t\t\t\t\t\t\t<\/div>\n\t\t\t\t\t\t<\/div>\n\t\t\t\t\t<\/div>[\/vc_column][vc_column width=&#8221;1\/4&#8243;]<div   >\n\t\t\t\t\t\t<div class=\"swmsc_team_member\">\n\t\t\t\t\t\t\t<div class=\"swmsc_team_member_content_holder\" >\n\t\t\t\t\t\t\t\t<div class=\"swmsc_team_member_img\" ><img decoding=\"async\" src=\"https:\/\/ecocaminhos.com\/wp-content\/uploads\/2023\/12\/dutra-thumbnail-small-1.jpg\" alt=\"\" title=\"\"><\/div>\n\t\t\t\t\t\t\t\t<div class=\"swmsc_team_member_content\" >\n\t\t\t\t\t\t\t\t\t<div class=\"swmsc_team_member_name\" style=\"font-size:20px;\">Margreick Dutra<\/div>\n\t\t\t\t\t\t\t\t\t<p style=\"font-size:14px;\">coordenador geral<\/p>\n\t\t\t\t\t\t\t\t\t<div class=\"swmsc_team_member_bio\" ><div class=\"swmsc_team_member_bio_divider\"><span><\/span><\/div>coordenador geral<\/p>\n<p>Log\u00edstica<\/p>\n<p>Ecoturismo<div class=\"clear\"><\/div><\/div>\n\t\t\t\t\t\t\t\t\t<ul><li><a href=\"#\"><i class=\"fa fa-twitter\"><\/i><\/a><\/li><li><a href=\"#\"><i class=\"fa fa-facebook\"><\/i><\/a><\/li><li><a href=\"#\"><i class=\"fa fa-linkedin\"><\/i><\/a><\/li><\/ul>\n\t\t\t\t\t\t\t\t\t<div class=\"clear\"><\/div>\n\t\t\t\t\t\t\t\t<\/div>\n\t\t\t\t\t\t\t<\/div>\n\t\t\t\t\t\t<\/div>\n\t\t\t\t\t<\/div><div   >\n\t\t\t\t\t\t<div class=\"swmsc_team_member\">\n\t\t\t\t\t\t\t<div class=\"swmsc_team_member_content_holder\" >\n\t\t\t\t\t\t\t\t<div class=\"swmsc_team_member_img\" ><img decoding=\"async\" src=\"https:\/\/ecocaminhos.com\/wp-content\/uploads\/2023\/12\/Maria-small-1.jpg\" alt=\"\" title=\"\"><\/div>\n\t\t\t\t\t\t\t\t<div class=\"swmsc_team_member_content\" >\n\t\t\t\t\t\t\t\t\t<div class=\"swmsc_team_member_name\" style=\"font-size:20px;\">Maria Iness Fernandez Higuera<\/div>\n\t\t\t\t\t\t\t\t\t<p style=\"font-size:14px;\">Turismo e Culin\u00e1ria<\/p>\n\t\t\t\t\t\t\t\t\t<div class=\"swmsc_team_member_bio\" ><div class=\"swmsc_team_member_bio_divider\"><span><\/span><\/div>Team member description text here<div class=\"clear\"><\/div><\/div>\n\t\t\t\t\t\t\t\t\t<ul><li><a href=\"#\"><i class=\"fa fa-twitter\"><\/i><\/a><\/li><li><a href=\"#\"><i class=\"fa fa-facebook\"><\/i><\/a><\/li><li><a href=\"#\"><i class=\"fa fa-linkedin\"><\/i><\/a><\/li><\/ul>\n\t\t\t\t\t\t\t\t\t<div class=\"clear\"><\/div>\n\t\t\t\t\t\t\t\t<\/div>\n\t\t\t\t\t\t\t<\/div>\n\t\t\t\t\t\t<\/div>\n\t\t\t\t\t<\/div>[\/vc_column][vc_column width=&#8221;1\/4&#8243;]<div   >\n\t\t\t\t\t\t<div class=\"swmsc_team_member\">\n\t\t\t\t\t\t\t<div class=\"swmsc_team_member_content_holder\" >\n\t\t\t\t\t\t\t\t<div class=\"swmsc_team_member_img\" ><img decoding=\"async\" src=\"https:\/\/ecocaminhos.com\/wp-content\/uploads\/2023\/12\/jorge-dutra-thuimbnail-1.jpg\" alt=\"\" title=\"\"><\/div>\n\t\t\t\t\t\t\t\t<div class=\"swmsc_team_member_content\" >\n\t\t\t\t\t\t\t\t\t<div class=\"swmsc_team_member_name\" style=\"font-size:20px;\">Jorge Dutra<\/div>\n\t\t\t\t\t\t\t\t\t<p style=\"font-size:14px;\">Mestre de obras<\/p>\n\t\t\t\t\t\t\t\t\t<div class=\"swmsc_team_member_bio\" ><div class=\"swmsc_team_member_bio_divider\"><span><\/span><\/div>Bioconstrutor,<\/p>\n<p>Carpinteiro,<\/p>\n<p>Soldagem,<\/p>\n<p>Supervisor<div class=\"clear\"><\/div><\/div>\n\t\t\t\t\t\t\t\t\t<ul><li><a href=\"#\"><i class=\"fa fa-twitter\"><\/i><\/a><\/li><li><a href=\"#\"><i class=\"fa fa-facebook\"><\/i><\/a><\/li><li><a href=\"#\"><i class=\"fa fa-linkedin\"><\/i><\/a><\/li><\/ul>\n\t\t\t\t\t\t\t\t\t<div class=\"clear\"><\/div>\n\t\t\t\t\t\t\t\t<\/div>\n\t\t\t\t\t\t\t<\/div>\n\t\t\t\t\t\t<\/div>\n\t\t\t\t\t<\/div><div   >\n\t\t\t\t\t\t<div class=\"swmsc_team_member\">\n\t\t\t\t\t\t\t<div class=\"swmsc_team_member_content_holder\" >\n\t\t\t\t\t\t\t\t<div class=\"swmsc_team_member_img\" ><img decoding=\"async\" src=\"https:\/\/ecocaminhos.com\/wp-content\/uploads\/2023\/12\/Wallace-small-1.jpg\" alt=\"\" title=\"\"><\/div>\n\t\t\t\t\t\t\t\t<div class=\"swmsc_team_member_content\" >\n\t\t\t\t\t\t\t\t\t<div class=\"swmsc_team_member_name\" style=\"font-size:20px;\">Wallace Ferreira<\/div>\n\t\t\t\t\t\t\t\t\t<p style=\"font-size:14px;\">Bioconstru\u00e7\u00e3o e cuidados com animais<\/p>\n\t\t\t\t\t\t\t\t\t<div class=\"swmsc_team_member_bio\" ><div class=\"swmsc_team_member_bio_divider\"><span><\/span><\/div>Team member description text here<div class=\"clear\"><\/div><\/div>\n\t\t\t\t\t\t\t\t\t<ul><li><a href=\"#\"><i class=\"fa fa-twitter\"><\/i><\/a><\/li><li><a href=\"#\"><i class=\"fa fa-facebook\"><\/i><\/a><\/li><li><a href=\"#\"><i class=\"fa fa-linkedin\"><\/i><\/a><\/li><\/ul>\n\t\t\t\t\t\t\t\t\t<div class=\"clear\"><\/div>\n\t\t\t\t\t\t\t\t<\/div>\n\t\t\t\t\t\t\t<\/div>\n\t\t\t\t\t\t<\/div>\n\t\t\t\t\t<\/div>[\/vc_column][vc_column width=&#8221;1\/4&#8243;]<div   >\n\t\t\t\t\t\t<div class=\"swmsc_team_member\">\n\t\t\t\t\t\t\t<div class=\"swmsc_team_member_content_holder\" >\n\t\t\t\t\t\t\t\t<div class=\"swmsc_team_member_img\" ><img decoding=\"async\" src=\"https:\/\/ecocaminhos.com\/wp-content\/uploads\/2023\/12\/rodrigo-small-1.jpg\" alt=\"\" title=\"\"><\/div>\n\t\t\t\t\t\t\t\t<div class=\"swmsc_team_member_content\" >\n\t\t\t\t\t\t\t\t\t<div class=\"swmsc_team_member_name\" style=\"font-size:20px;\">Rodrigo Jose Correa<\/div>\n\t\t\t\t\t\t\t\t\t<p style=\"font-size:14px;\">L\u00edder da equipe<\/p>\n\t\t\t\t\t\t\t\t\t<div class=\"swmsc_team_member_bio\" ><div class=\"swmsc_team_member_bio_divider\"><span><\/span><\/div>Agrofloresta Respons\u00e1vel<\/p>\n<p>Cuidados com Animais<div class=\"clear\"><\/div><\/div>\n\t\t\t\t\t\t\t\t\t<ul><li><a href=\"#\"><i class=\"fa fa-twitter\"><\/i><\/a><\/li><li><a href=\"#\"><i class=\"fa fa-facebook\"><\/i><\/a><\/li><li><a href=\"#\"><i class=\"fa fa-linkedin\"><\/i><\/a><\/li><\/ul>\n\t\t\t\t\t\t\t\t\t<div class=\"clear\"><\/div>\n\t\t\t\t\t\t\t\t<\/div>\n\t\t\t\t\t\t\t<\/div>\n\t\t\t\t\t\t<\/div>\n\t\t\t\t\t<\/div><div   >\n\t\t\t\t\t\t<div class=\"swmsc_team_member\">\n\t\t\t\t\t\t\t<div class=\"swmsc_team_member_content_holder\" >\n\t\t\t\t\t\t\t\t<div class=\"swmsc_team_member_img\" ><img decoding=\"async\" src=\"https:\/\/ecocaminhos.com\/wp-content\/uploads\/2018\/02\/Nnamdi-Okezi-Webmaster-Webdesign-e1602165124688.jpg\" alt=\"\" title=\"\"><\/div>\n\t\t\t\t\t\t\t\t<div class=\"swmsc_team_member_content\" >\n\t\t\t\t\t\t\t\t\t<div class=\"swmsc_team_member_name\" style=\"font-size:20px;\">Nnamdi Okezie<\/div>\n\t\t\t\t\t\t\t\t\t<p style=\"font-size:14px;\">Web designer<\/p>\n\t\t\t\t\t\t\t\t\t<div class=\"swmsc_team_member_bio\" ><div class=\"swmsc_team_member_bio_divider\"><span><\/span><\/div>Webmaster<div class=\"clear\"><\/div><\/div>\n\t\t\t\t\t\t\t\t\t<ul><li><a href=\"#\"><i class=\"fa fa-twitter\"><\/i><\/a><\/li><li><a href=\"#\"><i class=\"fa fa-facebook\"><\/i><\/a><\/li><li><a href=\"#\"><i class=\"fa fa-linkedin\"><\/i><\/a><\/li><\/ul>\n\t\t\t\t\t\t\t\t\t<div class=\"clear\"><\/div>\n\t\t\t\t\t\t\t\t<\/div>\n\t\t\t\t\t\t\t<\/div>\n\t\t\t\t\t\t<\/div>\n\t\t\t\t\t<\/div>[\/vc_column][\/vc_row][vc_row css=&#8221;.vc_custom_1632092433926{margin-top: -200px !important;}&#8221;][\/vc_row][vc_column][\/vc_column][vc_column_text][\/vc_column_text]\n<\/div>","protected":false},"excerpt":{"rendered":"<p>[vc_row][vc_column][vc_column_text] [\/vc_column_text][\/vc_column][\/vc_row][vc_row][vc_column][\/vc_column][\/vc_row][vc_row][vc_column][vc_column_text] [\/vc_column_text][\/vc_column][\/vc_row][vc_row css=&#8221;.vc_custom_1632092433926{margin-top: -200px !important;}&#8221;][vc_column width=&#8221;1\/4&#8243;][\/vc_column][vc_column width=&#8221;1\/4&#8243;][\/vc_column][vc_column width=&#8221;1\/4&#8243;][\/vc_column][vc_column width=&#8221;1\/4&#8243;][\/vc_column][\/vc_row][vc_row css=&#8221;.vc_custom_1632092433926{margin-top: -200px !important;}&#8221;][\/vc_row][vc_column][\/vc_column][vc_column_text][\/vc_column_text]<\/p>\n","protected":false},"author":9,"featured_media":0,"parent":0,"menu_order":0,"comment_status":"closed","ping_status":"closed","template":"","meta":{"footnotes":"","_links_to":"","_links_to_target":""},"categories":[],"tags":[],"class_list":["post-23928","page","type-page","status-publish","hentry"],"rttpg_featured_image_url":null,"rttpg_author":{"display_name":"Nnamdi","author_link":"https:\/\/ecocaminhos.com\/br\/blog\/author\/nnamdi\/"},"rttpg_comment":0,"rttpg_category":false,"rttpg_excerpt":"[vc_row][vc_column][vc_column_text] [\/vc_column_text][\/vc_column][\/vc_row][vc_row][vc_column][\/vc_column][\/vc_row][vc_row][vc_column][vc_column_text] [\/vc_column_text][\/vc_column][\/vc_row][vc_row css=&#8221;.vc_custom_1632092433926{margin-top: -200px !important;}&#8221;][vc_column width=&#8221;1\/4&#8243;][\/vc_column][vc_column width=&#8221;1\/4&#8243;][\/vc_column][vc_column width=&#8221;1\/4&#8243;][\/vc_column][vc_column width=&#8221;1\/4&#8243;][\/vc_column][\/vc_row][vc_row css=&#8221;.vc_custom_1632092433926{margin-top: -200px !important;}&#8221;][\/vc_row][vc_column][\/vc_column][vc_column_text][\/vc_column_text]","post_mailing_queue_ids":[],"_links":{"self":[{"href":"https:\/\/ecocaminhos.com\/br\/wp-json\/wp\/v2\/pages\/23928","targetHints":{"allow":["GET"]}}],"collection":[{"href":"https:\/\/ecocaminhos.com\/br\/wp-json\/wp\/v2\/pages"}],"about":[{"href":"https:\/\/ecocaminhos.com\/br\/wp-json\/wp\/v2\/types\/page"}],"author":[{"embeddable":true,"href":"https:\/\/ecocaminhos.com\/br\/wp-json\/wp\/v2\/users\/9"}],"replies":[{"embeddable":true,"href":"https:\/\/ecocaminhos.com\/br\/wp-json\/wp\/v2\/comments?post=23928"}],"version-history":[{"count":1,"href":"https:\/\/ecocaminhos.com\/br\/wp-json\/wp\/v2\/pages\/23928\/revisions"}],"predecessor-version":[{"id":25488,"href":"https:\/\/ecocaminhos.com\/br\/wp-json\/wp\/v2\/pages\/23928\/revisions\/25488"}],"wp:attachment":[{"href":"https:\/\/ecocaminhos.com\/br\/wp-json\/wp\/v2\/media?parent=23928"}],"wp:term":[{"taxonomy":"category","embeddable":true,"href":"https:\/\/ecocaminhos.com\/br\/wp-json\/wp\/v2\/categories?post=23928"},{"taxonomy":"post_tag","embeddable":true,"href":"https:\/\/ecocaminhos.com\/br\/wp-json\/wp\/v2\/tags?post=23928"}],"curies":[{"name":"wp","href":"https:\/\/api.w.org\/{rel}","templated":true}]}}