{"id":7707,"date":"2020-06-09T14:40:46","date_gmt":"2020-06-09T17:40:46","guid":{"rendered":"http:\/\/ecocaminhos.com\/?page_id=7707"},"modified":"2020-06-09T14:40:46","modified_gmt":"2020-06-09T17:40:46","slug":"1-day-eco-farm-touristic-experience-2","status":"publish","type":"page","link":"https:\/\/ecocaminhos.com\/br\/pacote-de-2-3-dias\/","title":{"rendered":"2-3 Dias\u00a0de experi\u00eancia tur\u00edstica na Ecofazenda\u00a0"},"content":{"rendered":"<div class=\"pt-cv-wrapper\"><div class=\"pt-cv-view pt-cv-blockgrid iscvblock iscvhybrid grid1 layout1\" id=\"pt-cv-view-633ba618rh\"><div data-id=\"pt-cv-page-1\" class=\"pt-cv-page\" data-cvc=\"3\"><div class=\" pt-cv-content-item pt-cv-1-col\"  data-pid=\"5818\"><div class=\"pt-cv-thumb-wrapper  \"><a href=\"https:\/\/ecocaminhos.com\/br\/familia-criancas-vivencia\/\" class=\"_self pt-cv-href-thumbnail pt-cv-thumb-default cvplbd\" target=\"_self\" ><img loading=\"lazy\" decoding=\"async\" width=\"500\" height=\"344\" src=\"https:\/\/ecocaminhos.com\/wp-content\/uploads\/2024\/01\/children-eco-caminhos-permaculture-experience-1-500x344.webp\" class=\"pt-cv-thumbnail no-lazyload \" alt=\"Experi\u00eancia em Fam\u00edlia (2-3 dias)\" title=\"\"><\/a><\/div>\n<h4 class=\"pt-cv-title\"><a href=\"https:\/\/ecocaminhos.com\/br\/familia-criancas-vivencia\/\" class=\"_self cvplbd\" target=\"_self\" >Experi\u00eancia em Fam\u00edlia (2-3 dias)<\/a><\/h4>\n<div class=\"pt-cv-content\"><a class=\"subt\" style=\"list-style-type: none; padding-bottom: 5px;\">R$1700 por pessoa (50% de desc. para crian\u00e7as)<\/a> <ul class=\"fancy_list\"> <li class=\"check_list green_sprite tbold subtext\">Acomoda\u00e7\u00e3o em uma bela casa de bioconstru\u00e7\u00e3o<\/li> <li class=\"check_list green_sprite tbold subtext\">Oficina de bioconstru\u00e7\u00e3o e agrofloresta<\/li> <li class=\"check_list green_sprite subtext\">Alimente as galinhas, pegue os ovos, plante e colha<\/li> <li class=\"check_list green_sprite subtext\">cesta de produtos com ingredientes da nossa horta<\/li> <li class=\"check_list green_sprite subtext\">Oficina de panifica\u00e7\u00e3o<\/li> <li class=\"check_list green_sprite subtext\">Quarto e banheiro privado<\/li> <\/ul> ...<br \/><div class=\"pt-cv-rmwrap\"><a href=\"https:\/\/ecocaminhos.com\/br\/familia-criancas-vivencia\/\" class=\"_self pt-cv-readmore btn btn-success cvplbd\" target=\"_self\">Leia mais<\/a><\/div><\/div><\/div>\n<div class=\" pt-cv-content-item pt-cv-1-col\"  data-pid=\"5794\"><div class=\"pt-cv-thumb-wrapper  \"><a href=\"https:\/\/ecocaminhos.com\/br\/2-3-dias-eco-fazenda-turismo\/\" class=\"_self pt-cv-href-thumbnail pt-cv-thumb-default cvplbd\" target=\"_self\" ><img loading=\"lazy\" decoding=\"async\" width=\"344\" height=\"344\" src=\"https:\/\/ecocaminhos.com\/wp-content\/uploads\/2021\/01\/eco-experiencie-permaculture.jpg\" class=\"pt-cv-thumbnail no-lazyload \" alt=\"Experi\u00eancia pr\u00e1tica na fazenda ecol\u00f3gica (2-3 dias)\" title=\"\"><\/a><\/div>\n<h4 class=\"pt-cv-title\"><a href=\"https:\/\/ecocaminhos.com\/br\/2-3-dias-eco-fazenda-turismo\/\" class=\"_self cvplbd\" target=\"_self\" >Experi\u00eancia pr\u00e1tica na fazenda ecol\u00f3gica (2-3 dias)<\/a><\/h4>\n<div class=\"pt-cv-content\"><a class=\"subt\" style=\"list-style-type: none; padding-bottom: 5px;\">R$1700 Por Pessoa (50% de desc. para crian\u00e7as)<\/a> <ul class=\"fancy_list\"> <li class=\"check_list green_sprite tbold subtext\">Workshop de Bioconstru\u00e7\u00e3o &amp; Agrofloresta<\/li> <li class=\"check_list green_sprite subtext\">Hospedagem em uma bela casa de bioconstru\u00e7\u00e3o<\/li> <li class=\"check_list green_sprite subtext\">Trabalho pr\u00e1tico na ecofazenda<\/li> <li class=\"check_list green_sprite subtext\">Cesta de produtos com ingredientes da nossa horta<\/li> <li class=\"check_list green_sprite subtext\">Quarto e banheiro privado<\/li> <li class=\"check_list green_sprite subtext\">Tour pela ecofazenda<\/li> <\/ul> ...<br \/><div class=\"pt-cv-rmwrap\"><a href=\"https:\/\/ecocaminhos.com\/br\/2-3-dias-eco-fazenda-turismo\/\" class=\"_self pt-cv-readmore btn btn-success cvplbd\" target=\"_self\">Leia mais<\/a><\/div><\/div><\/div>\n<div class=\" pt-cv-content-item pt-cv-1-col\"  data-pid=\"5811\"><div class=\"pt-cv-thumb-wrapper  \"><a href=\"https:\/\/ecocaminhos.com\/br\/fazenda-trilha-2-3-dias\/\" class=\"_self pt-cv-href-thumbnail pt-cv-thumb-default cvplbd\" target=\"_self\" ><img loading=\"lazy\" decoding=\"async\" width=\"500\" height=\"344\" src=\"https:\/\/ecocaminhos.com\/wp-content\/uploads\/2024\/01\/60eco-farm-experience-hands-on-500x344.jpg\" class=\"pt-cv-thumbnail no-lazyload \" alt=\"60+ Eco Experiencia na Fazenda (2-3 dias)\" title=\"\"><\/a><\/div>\n<h4 class=\"pt-cv-title\"><a href=\"https:\/\/ecocaminhos.com\/br\/fazenda-trilha-2-3-dias\/\" class=\"_self cvplbd\" target=\"_self\" >60+ Eco Experiencia na Fazenda (2-3 dias)<\/a><\/h4>\n<div class=\"pt-cv-content\"><a class=\"subt\" style=\"list-style-type: none; padding-bottom: 5px;\">R$ 1700 Por Pessoa (50% de desc. para crian\u00e7as)<\/a> <ul class=\"fancy_list\"> <li class=\"check_list green_sprite tbold subtext\">Acomoda\u00e7\u00e3o em uma bela casa de bioconstru\u00e7\u00e3o<\/li> <li class=\"check_list green_sprite tbold subtext\">Almo\u00e7o Quente com ingredientes org\u00e2nicos incluso<\/li> <li class=\"check_list green_sprite subtext\">workshop de bioconstru\u00e7\u00e3o e agrofloresta<\/li> <li class=\"check_list green_sprite subtext\">Conhe\u00e7a a equipe e os volunt\u00e1rios da fazenda ecol\u00f3gica<\/li> <li class=\"check_list green_sprite subtext\">Tour guiado, caminhadas e visita a cachoeiras<\/li> <li class=\"check_list green_sprite subtext\">Servi\u00e7o de transporte aeroporto<\/li> <li class=\"check_list green_sprite subtext\">Seguran\u00e7a<\/li> <\/ul> ...<br \/><div class=\"pt-cv-rmwrap\"><a href=\"https:\/\/ecocaminhos.com\/br\/fazenda-trilha-2-3-dias\/\" class=\"_self pt-cv-readmore btn btn-success cvplbd\" target=\"_self\">Leia mais<\/a><\/div><\/div><\/div><\/div><\/div><\/div>\t\t\t<style type=\"text\/css\" id=\"pt-cv-inline-style-86ed1bcbqj\">\n#pt-cv-view-633ba618rh .pt-cv-thumb-wrapper:not(.miniwrap) {  }#pt-cv-view-633ba618rh .pt-cv-thumbnail:not(.pt-cv-thumbnailsm) { height: 250px; }#pt-cv-view-633ba618rh > .pt-cv-page {grid-template-columns: repeat(3, 1fr);grid-gap: 15px;}\n@media all and (max-width: 1024px) { \n#pt-cv-view-633ba618rh > .pt-cv-page {grid-template-columns: repeat(4, 1fr);}\n} \n@media all and (max-width: 767px) { \n#pt-cv-view-633ba618rh > .pt-cv-page {grid-template-columns: repeat(1, 1fr);}\n} <\/style>\r\n\t\t\t\t\t\t<style type=\"text\/css\" id=\"pt-cv-inline-style-9cf5372viy\">#pt-cv-view-633ba618rh .pt-cv-title a, #pt-cv-view-633ba618rh  .panel-title { font-weight: 600 !important; }\n#pt-cv-view-633ba618rh .pt-cv-readmore  { color: #ffffff !important; background-color: #00aeef !important; }\n#pt-cv-view-633ba618rh .pt-cv-readmore:hover  { color: #ffffff !important; background-color: #00aeef !important; }\n#pt-cv-view-633ba618rh  + .pt-cv-pagination-wrapper .pt-cv-more , #pt-cv-view-633ba618rh  + .pt-cv-pagination-wrapper .pagination .active a { color: #ffffff !important; background-color: #00aeef !important; }<\/style>\r\n\t\t\t\n","protected":false},"excerpt":{"rendered":"Experi\u00eancia em Fam\u00edlia (2-3 dias) R$1700 por pessoa (50% de desc. para crian\u00e7as) Acomoda\u00e7\u00e3o em uma bela casa de bioconstru\u00e7\u00e3o Oficina de bioconstru\u00e7\u00e3o e agrofloresta Alimente as galinhas, pegue os [...]","protected":false},"author":9,"featured_media":5965,"parent":0,"menu_order":0,"comment_status":"closed","ping_status":"closed","template":"","meta":{"footnotes":"","_links_to":"","_links_to_target":""},"categories":[297],"tags":[],"class_list":["post-7707","page","type-page","status-publish","has-post-thumbnail","hentry","category-tourism"],"rttpg_featured_image_url":{"full":["https:\/\/ecocaminhos.com\/wp-content\/uploads\/2019\/06\/eco-farm-brazil-bioconstruction-permaculture-agroforestry-scaled.jpg",2560,887,false],"landscape":["https:\/\/ecocaminhos.com\/wp-content\/uploads\/2019\/06\/eco-farm-brazil-bioconstruction-permaculture-agroforestry-scaled.jpg",2560,887,false],"portraits":["https:\/\/ecocaminhos.com\/wp-content\/uploads\/2019\/06\/eco-farm-brazil-bioconstruction-permaculture-agroforestry-scaled.jpg",2560,887,false],"thumbnail":["https:\/\/ecocaminhos.com\/wp-content\/uploads\/2019\/06\/eco-farm-brazil-bioconstruction-permaculture-agroforestry-150x150.jpg",150,150,true],"medium":["https:\/\/ecocaminhos.com\/wp-content\/uploads\/2019\/06\/eco-farm-brazil-bioconstruction-permaculture-agroforestry-300x104.jpg",300,104,true],"large":["https:\/\/ecocaminhos.com\/wp-content\/uploads\/2019\/06\/eco-farm-brazil-bioconstruction-permaculture-agroforestry-1024x355.jpg",1024,355,true],"1536x1536":["https:\/\/ecocaminhos.com\/wp-content\/uploads\/2019\/06\/eco-farm-brazil-bioconstruction-permaculture-agroforestry-scaled.jpg",1536,532,false],"2048x2048":["https:\/\/ecocaminhos.com\/wp-content\/uploads\/2019\/06\/eco-farm-brazil-bioconstruction-permaculture-agroforestry-scaled.jpg",2048,710,false],"classic-grid-listing":["https:\/\/ecocaminhos.com\/wp-content\/uploads\/2019\/06\/eco-farm-brazil-bioconstruction-permaculture-agroforestry-scaled.jpg",600,208,false],"classic-list-listing":["https:\/\/ecocaminhos.com\/wp-content\/uploads\/2019\/06\/eco-farm-brazil-bioconstruction-permaculture-agroforestry-scaled.jpg",280,97,false],"modern-grid-listing":["https:\/\/ecocaminhos.com\/wp-content\/uploads\/2019\/06\/eco-farm-brazil-bioconstruction-permaculture-agroforestry-scaled.jpg",600,208,false],"product-page-image":["https:\/\/ecocaminhos.com\/wp-content\/uploads\/2019\/06\/eco-farm-brazil-bioconstruction-permaculture-agroforestry-scaled.jpg",600,208,false],"product-category-page-image":["https:\/\/ecocaminhos.com\/wp-content\/uploads\/2019\/06\/eco-farm-brazil-bioconstruction-permaculture-agroforestry-scaled.jpg",600,208,false],"swmsc-related-posts":["https:\/\/ecocaminhos.com\/wp-content\/uploads\/2019\/06\/eco-farm-brazil-bioconstruction-permaculture-agroforestry-scaled.jpg",500,173,false],"swmsc-recent-post-tiny":["https:\/\/ecocaminhos.com\/wp-content\/uploads\/2019\/06\/eco-farm-brazil-bioconstruction-permaculture-agroforestry-scaled.jpg",90,31,false],"swmsc-grid-image":["https:\/\/ecocaminhos.com\/wp-content\/uploads\/2019\/06\/eco-farm-brazil-bioconstruction-permaculture-agroforestry-scaled.jpg",670,232,false],"swmsc-square-image":["https:\/\/ecocaminhos.com\/wp-content\/uploads\/2019\/06\/eco-farm-brazil-bioconstruction-permaculture-agroforestry-scaled.jpg",670,232,false],"swmsc-blog-featured":["https:\/\/ecocaminhos.com\/wp-content\/uploads\/2019\/06\/eco-farm-brazil-bioconstruction-permaculture-agroforestry-scaled.jpg",850,295,false],"woocommerce_thumbnail":["https:\/\/ecocaminhos.com\/wp-content\/uploads\/2019\/06\/eco-farm-brazil-bioconstruction-permaculture-agroforestry-scaled-150x150.jpg",150,150,true],"woocommerce_single":["https:\/\/ecocaminhos.com\/wp-content\/uploads\/2019\/06\/eco-farm-brazil-bioconstruction-permaculture-agroforestry-300x104.jpg",300,104,true],"woocommerce_gallery_thumbnail":["https:\/\/ecocaminhos.com\/wp-content\/uploads\/2019\/06\/eco-farm-brazil-bioconstruction-permaculture-agroforestry-scaled-100x100.jpg",100,100,true],"ecoworld-blog-featured":["https:\/\/ecocaminhos.com\/wp-content\/uploads\/2019\/06\/eco-farm-brazil-bioconstruction-permaculture-agroforestry-scaled.jpg",850,295,false],"ecoworld-blog-full":["https:\/\/ecocaminhos.com\/wp-content\/uploads\/2019\/06\/eco-farm-brazil-bioconstruction-permaculture-agroforestry-scaled.jpg",1440,499,false],"ecoworld-related-posts":["https:\/\/ecocaminhos.com\/wp-content\/uploads\/2019\/06\/eco-farm-brazil-bioconstruction-permaculture-agroforestry-scaled.jpg",500,173,false],"ecoworld-recent-post-tiny":["https:\/\/ecocaminhos.com\/wp-content\/uploads\/2019\/06\/eco-farm-brazil-bioconstruction-permaculture-agroforestry-scaled.jpg",90,31,false],"ecoworld-grid-image":["https:\/\/ecocaminhos.com\/wp-content\/uploads\/2019\/06\/eco-farm-brazil-bioconstruction-permaculture-agroforestry-scaled.jpg",670,232,false],"ecoworld-standard":["https:\/\/ecocaminhos.com\/wp-content\/uploads\/2019\/06\/eco-farm-brazil-bioconstruction-permaculture-agroforestry-scaled.jpg",670,232,false],"ecoworld-square-image":["https:\/\/ecocaminhos.com\/wp-content\/uploads\/2019\/06\/eco-farm-brazil-bioconstruction-permaculture-agroforestry-scaled.jpg",670,232,false]},"rttpg_author":{"display_name":"Nnamdi","author_link":"https:\/\/ecocaminhos.com\/br\/blog\/author\/nnamdi\/"},"rttpg_comment":0,"rttpg_category":" <a href=\"https:\/\/ecocaminhos.com\/br\/blog\/category\/tourism\/\" rel=\"tag\">Turismo<\/a>","rttpg_excerpt":null,"post_mailing_queue_ids":[],"_links":{"self":[{"href":"https:\/\/ecocaminhos.com\/br\/wp-json\/wp\/v2\/pages\/7707","targetHints":{"allow":["GET"]}}],"collection":[{"href":"https:\/\/ecocaminhos.com\/br\/wp-json\/wp\/v2\/pages"}],"about":[{"href":"https:\/\/ecocaminhos.com\/br\/wp-json\/wp\/v2\/types\/page"}],"author":[{"embeddable":true,"href":"https:\/\/ecocaminhos.com\/br\/wp-json\/wp\/v2\/users\/9"}],"replies":[{"embeddable":true,"href":"https:\/\/ecocaminhos.com\/br\/wp-json\/wp\/v2\/comments?post=7707"}],"version-history":[{"count":0,"href":"https:\/\/ecocaminhos.com\/br\/wp-json\/wp\/v2\/pages\/7707\/revisions"}],"wp:featuredmedia":[{"embeddable":true,"href":"https:\/\/ecocaminhos.com\/br\/wp-json\/wp\/v2\/media\/5965"}],"wp:attachment":[{"href":"https:\/\/ecocaminhos.com\/br\/wp-json\/wp\/v2\/media?parent=7707"}],"wp:term":[{"taxonomy":"category","embeddable":true,"href":"https:\/\/ecocaminhos.com\/br\/wp-json\/wp\/v2\/categories?post=7707"},{"taxonomy":"post_tag","embeddable":true,"href":"https:\/\/ecocaminhos.com\/br\/wp-json\/wp\/v2\/tags?post=7707"}],"curies":[{"name":"wp","href":"https:\/\/api.w.org\/{rel}","templated":true}]}}