{"id":7719,"date":"2020-06-09T14:51:03","date_gmt":"2020-06-09T17:51:03","guid":{"rendered":"http:\/\/ecocaminhos.com\/?page_id=7719"},"modified":"2020-06-09T14:51:03","modified_gmt":"2020-06-09T17:51:03","slug":"1-day-eco-farm-touristic-experience-2-2","status":"publish","type":"page","link":"https:\/\/ecocaminhos.com\/br\/pacote-de-4-7-dias\/","title":{"rendered":"4-7 Dias de experi\u00eancia tur\u00edstica na Ecofazenda\u00a0"},"content":{"rendered":"<div class=\"wpb-content-wrapper\">[vc_row][vc_column][vc_column_text]<div class=\"pt-cv-wrapper\"><div class=\"pt-cv-view pt-cv-blockgrid iscvblock iscvhybrid grid1 layout1\" id=\"pt-cv-view-a43e81c0sj\"><div data-id=\"pt-cv-page-1\" class=\"pt-cv-page\" data-cvc=\"3\"><div class=\" pt-cv-content-item pt-cv-1-col\"  data-pid=\"7791\"><div class=\"pt-cv-thumb-wrapper  \"><a href=\"https:\/\/ecocaminhos.com\/br\/familia-criancas-vivencia-4-7-dias\/\" class=\"_self pt-cv-href-thumbnail pt-cv-thumb-default cvplbd\" target=\"_self\" ><img loading=\"lazy\" decoding=\"async\" width=\"548\" height=\"384\" src=\"https:\/\/ecocaminhos.com\/wp-content\/uploads\/2021\/01\/farming-children-family-brazil-eco-farm-small.jpg\" class=\"pt-cv-thumbnail no-lazyload \" alt=\"Experi\u00eancia em Fam\u00edlia (4-7 dias)\" title=\"\"><\/a><\/div>\n<h4 class=\"pt-cv-title\"><a href=\"https:\/\/ecocaminhos.com\/br\/familia-criancas-vivencia-4-7-dias\/\" class=\"_self cvplbd\" target=\"_self\" >Experi\u00eancia em Fam\u00edlia (4-7 dias)<\/a><\/h4>\n<div class=\"pt-cv-content\"><a class=\"subt\" style=\"list-style-type: none; padding-bottom: 5px;\">R$ 2300 Por Pessoa (50% de desc. para crian\u00e7as)<\/a> <ul class=\"fancy_list\"> <li class=\"check_list green_sprite tbold subtext\">Hospedagem em uma bela casa de bioconstru\u00e7\u00e3o<\/li> <li class=\"check_list green_sprite tbold subtext\">Oficina de permacultura, bioconstru\u00e7\u00e3o e agrofloresta<\/li> <li class=\"check_list green_sprite subtext\">Visita a cachoeiras, trilhas ou ca\u00e7a ao tesouro<\/li> <li class=\"check_list green_sprite subtext\">Alimentar as galainhas, coletar ovos e ordenhar vacas<\/li> <li class=\"check_list green_sprite subtext\">Cesta com ingredientes organicos da fazenda<\/li> <li class=\"check_list green_sprite subtext\">Oficina de culin\u00e1ria<\/li> <\/ul> ...<br \/><div class=\"pt-cv-rmwrap\"><a href=\"https:\/\/ecocaminhos.com\/br\/familia-criancas-vivencia-4-7-dias\/\" class=\"_self pt-cv-readmore btn btn-success cvplbd\" target=\"_self\">Leia mais<\/a><\/div><\/div><\/div>\n<div class=\" pt-cv-content-item pt-cv-1-col\"  data-pid=\"6149\"><div class=\"pt-cv-thumb-wrapper  \"><a href=\"https:\/\/ecocaminhos.com\/br\/4-7-dias-eco-fazenda-turismo\/\" class=\"_self pt-cv-href-thumbnail pt-cv-thumb-default cvplbd\" target=\"_self\" ><img loading=\"lazy\" decoding=\"async\" width=\"384\" height=\"384\" src=\"https:\/\/ecocaminhos.com\/wp-content\/uploads\/2021\/01\/agrofloresta.jpg\" class=\"pt-cv-thumbnail no-lazyload \" alt=\"Experi\u00eancia pr\u00e1tica na fazenda ecol\u00f3gica (4-7 dias)\" title=\"\"><\/a><\/div>\n<h4 class=\"pt-cv-title\"><a href=\"https:\/\/ecocaminhos.com\/br\/4-7-dias-eco-fazenda-turismo\/\" class=\"_self cvplbd\" target=\"_self\" >Experi\u00eancia pr\u00e1tica na fazenda ecol\u00f3gica (4-7 dias)<\/a><\/h4>\n<div class=\"pt-cv-content\"><a class=\"subt\" style=\"list-style-type: none; padding-bottom: 5px;\">R$ 2300 Por Pessoa (50% de desconto para crian\u00e7as)<\/a> <ul class=\"fancy_list\"> <li class=\"check_list green_sprite tbold subtext\">Workshop de Bioconstru\u00e7\u00e3o &amp; Agrofloresta<\/li> <li class=\"check_list green_sprite tbold subtext\">Hospedagem em uma bela casa de bioconstru\u00e7\u00e3o<\/li> <li class=\"check_list green_sprite subtext\">Trabalho pr\u00e1tico na fazenda<\/li> <li class=\"check_list green_sprite subtext\">Almo\u00e7o quente com produtos da fazenda<\/li> <li class=\"check_list green_sprite subtext\">Experimente a vida e o trabalho em uma Fazenda Ecol\u00f3gica<\/li> <li class=\"check_list green_sprite subtext\">Tour pela fazenda<\/li> <li class=\"check_list green_sprite subtext\">Tour pela regi\u00e3o e trilhas<\/li> ...<br \/><div class=\"pt-cv-rmwrap\"><a href=\"https:\/\/ecocaminhos.com\/br\/4-7-dias-eco-fazenda-turismo\/\" class=\"_self pt-cv-readmore btn btn-success cvplbd\" target=\"_self\">Leia mais<\/a><\/div><\/ul><\/div><\/div>\n<div class=\" pt-cv-content-item pt-cv-1-col\"  data-pid=\"7804\"><div class=\"pt-cv-thumb-wrapper  \"><a href=\"https:\/\/ecocaminhos.com\/br\/travessia-petropolis-teresopolis\/\" class=\"_self pt-cv-href-thumbnail pt-cv-thumb-default cvplbd\" target=\"_self\" ><img loading=\"lazy\" decoding=\"async\" width=\"600\" height=\"338\" src=\"https:\/\/ecocaminhos.com\/wp-content\/uploads\/2024\/01\/60eco-farm-experience.jpg\" class=\"pt-cv-thumbnail no-lazyload \" alt=\"60+ Eco Farm Experience (4-7 days)\" title=\"\"><\/a><\/div>\n<h4 class=\"pt-cv-title\"><a href=\"https:\/\/ecocaminhos.com\/br\/travessia-petropolis-teresopolis\/\" class=\"_self cvplbd\" target=\"_self\" >60+ Eco Farm Experience (4-7 days)<\/a><\/h4>\n<div class=\"pt-cv-content\"><a class=\"subt\" style=\"list-style-type: none; padding-bottom: 5px;\">A partir de R$2300 Por Pessoa <\/a> <ul class=\"fancy_list\"> <li class=\"check_list green_sprite tbold subtext\">Acomoda\u00e7\u00e3o em linda casa bioconstru\u00edda<\/li> <li class=\"check_list green_sprite tbold subtext\">Almo\u00e7o quente com ingredientes da fazenda<\/li> <li class=\"check_list green_sprite subtext\">Oficina de agrofloresta e bioconstru\u00e7\u00e3o<\/li> <li class=\"check_list green_sprite subtext\">Conhe\u00e7a as pessoas da fazenda, funcionarios, aprendizes e volunt\u00e1rios<\/li> <li class=\"check_list green_sprite subtext\">Tour guiado, caminhadas e visita a cachoeiras<\/li> <li class=\"check_list green_sprite subtext\">Servi\u00e7o transporte aeroporto<\/li> <li class=\"check_list green_sprite subtext\">Seguran\u00e7a<\/li> <\/ul> ...<br \/><div class=\"pt-cv-rmwrap\"><a href=\"https:\/\/ecocaminhos.com\/br\/travessia-petropolis-teresopolis\/\" class=\"_self pt-cv-readmore btn btn-success cvplbd\" target=\"_self\">Leia mais<\/a><\/div><\/div><\/div><\/div><\/div><\/div>\t\t\t<style type=\"text\/css\" id=\"pt-cv-inline-style-38dfb05962\">\n#pt-cv-view-a43e81c0sj .pt-cv-thumb-wrapper:not(.miniwrap) {  }#pt-cv-view-a43e81c0sj .pt-cv-thumbnail:not(.pt-cv-thumbnailsm) { height: 250px; }#pt-cv-view-a43e81c0sj > .pt-cv-page {grid-template-columns: repeat(3, 1fr);grid-gap: 15px;}\n@media all and (max-width: 1024px) { \n#pt-cv-view-a43e81c0sj > .pt-cv-page {grid-template-columns: repeat(4, 1fr);}\n} \n@media all and (max-width: 767px) { \n#pt-cv-view-a43e81c0sj > .pt-cv-page {grid-template-columns: repeat(1, 1fr);}\n} <\/style>\r\n\t\t\t\t\t\t<style type=\"text\/css\" id=\"pt-cv-inline-style-a7fedb0j9u\">#pt-cv-view-a43e81c0sj .pt-cv-title a, #pt-cv-view-a43e81c0sj  .panel-title { font-weight: 600 !important; }\n#pt-cv-view-a43e81c0sj .pt-cv-readmore  { color: #ffffff !important; background-color: #00aeef !important; }\n#pt-cv-view-a43e81c0sj .pt-cv-readmore:hover  { color: #ffffff !important; background-color: #00aeef !important; }\n#pt-cv-view-a43e81c0sj  + .pt-cv-pagination-wrapper .pt-cv-more , #pt-cv-view-a43e81c0sj  + .pt-cv-pagination-wrapper .pagination .active a { color: #ffffff !important; background-color: #00aeef !important; }<\/style>\r\n\t\t\t[\/vc_column_text][\/vc_column][\/vc_row]\n<\/div>","protected":false},"excerpt":{"rendered":"<p>[vc_row][vc_column][vc_column_text][\/vc_column_text][\/vc_column][\/vc_row]<\/p>\n","protected":false},"author":9,"featured_media":0,"parent":0,"menu_order":0,"comment_status":"closed","ping_status":"closed","template":"","meta":{"footnotes":"","_links_to":"","_links_to_target":""},"categories":[297],"tags":[],"class_list":["post-7719","page","type-page","status-publish","hentry","category-tourism"],"rttpg_featured_image_url":null,"rttpg_author":{"display_name":"Nnamdi","author_link":"https:\/\/ecocaminhos.com\/br\/blog\/author\/nnamdi\/"},"rttpg_comment":0,"rttpg_category":" <a href=\"https:\/\/ecocaminhos.com\/br\/blog\/category\/tourism\/\" rel=\"tag\">Turismo<\/a>","rttpg_excerpt":"[vc_row][vc_column][vc_column_text][\/vc_column_text][\/vc_column][\/vc_row]","post_mailing_queue_ids":[],"_links":{"self":[{"href":"https:\/\/ecocaminhos.com\/br\/wp-json\/wp\/v2\/pages\/7719","targetHints":{"allow":["GET"]}}],"collection":[{"href":"https:\/\/ecocaminhos.com\/br\/wp-json\/wp\/v2\/pages"}],"about":[{"href":"https:\/\/ecocaminhos.com\/br\/wp-json\/wp\/v2\/types\/page"}],"author":[{"embeddable":true,"href":"https:\/\/ecocaminhos.com\/br\/wp-json\/wp\/v2\/users\/9"}],"replies":[{"embeddable":true,"href":"https:\/\/ecocaminhos.com\/br\/wp-json\/wp\/v2\/comments?post=7719"}],"version-history":[{"count":0,"href":"https:\/\/ecocaminhos.com\/br\/wp-json\/wp\/v2\/pages\/7719\/revisions"}],"wp:attachment":[{"href":"https:\/\/ecocaminhos.com\/br\/wp-json\/wp\/v2\/media?parent=7719"}],"wp:term":[{"taxonomy":"category","embeddable":true,"href":"https:\/\/ecocaminhos.com\/br\/wp-json\/wp\/v2\/categories?post=7719"},{"taxonomy":"post_tag","embeddable":true,"href":"https:\/\/ecocaminhos.com\/br\/wp-json\/wp\/v2\/tags?post=7719"}],"curies":[{"name":"wp","href":"https:\/\/api.w.org\/{rel}","templated":true}]}}