{"id":19898,"date":"2021-03-18T13:16:21","date_gmt":"2021-03-18T16:16:21","guid":{"rendered":"https:\/\/ecocaminhos.com\/?post_type=product&#038;p=19898"},"modified":"2025-08-25T09:19:29","modified_gmt":"2025-08-25T12:19:29","slug":"cesta-agroecologica-media","status":"publish","type":"product","link":"https:\/\/ecocaminhos.com\/br\/product\/cesta-agroecologica-media\/","title":{"rendered":"Cesta Agroecol\u00f3gica (M\u00e9dia)"},"content":{"rendered":"<div class=\"wpb-content-wrapper\">[vc_column width=&#8221;1\/3&#8243;][\/vc_column][vc_column width=&#8221;1\/3&#8243;][\/vc_column][vc_column width=&#8221;1\/3&#8243;][\/vc_column][vc_row][vc_column]<div id=\"ultv-6719\" class=\"ult-dual-color ult-adjust-bottom-margin ult-dual-color-responsive-none ultv-6719  \"><div class=\"ult-module-content ult-dual-color-heading\" style=\"text-align:center;\">\n\t\t\t\t\t\t<h3><span class=\"ult-before-heading\">\n\t\t\t\t\t\t<span class=\"ult-dual-heading-text ult-first-text ult-responsive\"  data-ultimate-target='.ult-dual-color.ultv-6719 .ult-dual-heading-text'  data-responsive-json-new='{\"font-size\":\"\",\"line-height\":\"\"}'  style=\"     border:none; font-weight:normal;\">Livre de<\/span>\n\t\t\t\t\t<\/span><span class=\"ult-adv-heading\" style=\"\">\n\t\t\t\t\t\t<span class=\"ult-dual-adv-heading-text ult-highlight-text ult-responsive\"  data-ultimate-target='.ult-dual-color.ultv-6719 .ult-highlight-text'  data-responsive-json-new='{\"font-size\":\"\",\"line-height\":\"\"}'  style=\"     border:none; font-weight:normal;\">agrot\u00f3xicos<\/span>\n\t\t\t\t\t<\/span><\/h3> <\/div><\/div>[\/vc_column][\/vc_row]\n<\/div>","protected":false},"excerpt":{"rendered":"<h2>Fortale\u00e7a a Agricultura Sustent\u00e1vel com Nossa Cesta Agroecol\u00f3gica M\u00e9dia<\/h2>\n<p>Ao comprar nossa cesta agroecol\u00f3gica m\u00e9dia, voc\u00ea nos ajuda a obter sustento do solo sem degrad\u00e1-lo, repondo os nutrientes para que continue f\u00e9rtil. Dessa forma, cultivamos esp\u00e9cies agr\u00edcolas e florestais juntas na mesma \u00e1rea. Nosso objetivo principal \u00e9 desenvolver uma agricultura sustent\u00e1vel, que respeite e preserve os recursos naturais existentes. Os itens da cesta s\u00e3o sazonais, e recomendamos que fa\u00e7a seu pedido at\u00e9 quinta-feira para que possamos entregar no s\u00e1bado.<\/p>\n<ul>\n<li><strong>Preserva\u00e7\u00e3o do Solo:<\/strong> T\u00e9cnicas que protegem e regeneram a fertilidade da terra.<\/li>\n<li><strong>Integra\u00e7\u00e3o Campo-Floresta:<\/strong> Cultivo de plantas e \u00e1rvores em harmonia com o ecossistema.<\/li>\n<li><strong>Produtos Frescos e Sazonais:<\/strong> Colhidos no momento certo para sabor e qualidade m\u00e1ximos.<\/li>\n<\/ul>\n","protected":false},"featured_media":19972,"comment_status":"closed","ping_status":"closed","template":"","meta":{"_links_to":"","_links_to_target":""},"product_brand":[],"product_cat":[58],"product_tag":[],"class_list":{"0":"post-19898","1":"product","2":"type-product","3":"status-publish","4":"has-post-thumbnail","6":"product_cat-category-2","8":"first","9":"instock","10":"virtual","11":"purchasable","12":"product-type-simple"},"post_mailing_queue_ids":[],"_links":{"self":[{"href":"https:\/\/ecocaminhos.com\/br\/wp-json\/wp\/v2\/product\/19898","targetHints":{"allow":["GET"]}}],"collection":[{"href":"https:\/\/ecocaminhos.com\/br\/wp-json\/wp\/v2\/product"}],"about":[{"href":"https:\/\/ecocaminhos.com\/br\/wp-json\/wp\/v2\/types\/product"}],"replies":[{"embeddable":true,"href":"https:\/\/ecocaminhos.com\/br\/wp-json\/wp\/v2\/comments?post=19898"}],"wp:featuredmedia":[{"embeddable":true,"href":"https:\/\/ecocaminhos.com\/br\/wp-json\/wp\/v2\/media\/19972"}],"wp:attachment":[{"href":"https:\/\/ecocaminhos.com\/br\/wp-json\/wp\/v2\/media?parent=19898"}],"wp:term":[{"taxonomy":"product_brand","embeddable":true,"href":"https:\/\/ecocaminhos.com\/br\/wp-json\/wp\/v2\/product_brand?post=19898"},{"taxonomy":"product_cat","embeddable":true,"href":"https:\/\/ecocaminhos.com\/br\/wp-json\/wp\/v2\/product_cat?post=19898"},{"taxonomy":"product_tag","embeddable":true,"href":"https:\/\/ecocaminhos.com\/br\/wp-json\/wp\/v2\/product_tag?post=19898"}],"curies":[{"name":"wp","href":"https:\/\/api.w.org\/{rel}","templated":true}]}}