{"id":1811,"date":"2017-11-30T17:36:16","date_gmt":"2017-11-30T19:36:16","guid":{"rendered":"http:\/\/ecocaminhos.com\/site\/?page_id=1811"},"modified":"2025-07-04T15:23:25","modified_gmt":"2025-07-04T18:23:25","slug":"our-partner-portuguese-language-school-in-brazil","status":"publish","type":"page","link":"https:\/\/ecocaminhos.com\/sp\/nuestros-socios-escuela-de-idiomas-en-brasil\/","title":{"rendered":"Nuestros Socios &#8211; Escuela de Idiomas en Brasil"},"content":{"rendered":"<div class=\"wpb-content-wrapper\">[vc_row][vc_column][vc_column_text]\n<h2>Aprende portugu\u00e9s brasile\u00f1o en la escuela de idiomas m\u00e1s interesante de Brasil<\/h2>\n<p><a class=\"single-popup-image\" href=\"https:\/\/caminhoslanguages.com\/\" target=\"_blank\" rel=\"noopener\"><img loading=\"lazy\" decoding=\"async\" class=\"wp-image-1815 size-medium alignleft\" src=\"https:\/\/ecocaminhos.com\/wp-content\/uploads\/2017\/11\/CAMINHOSlanguagecentre_transparent-background-01-300x92.png\" sizes=\"auto, (max-width: 300px) 100vw, 300px\" srcset=\"https:\/\/ecocaminhos.com\/wp-content\/uploads\/2017\/11\/CAMINHOSlanguagecentre_transparent-background-01-300x92.png 300w, https:\/\/ecocaminhos.com\/wp-content\/uploads\/2017\/11\/CAMINHOSlanguagecentre_transparent-background-01-1024x313.png 1024w, https:\/\/ecocaminhos.com\/wp-content\/uploads\/2017\/11\/CAMINHOSlanguagecentre_transparent-background-01-768x235.png 768w, https:\/\/ecocaminhos.com\/wp-content\/uploads\/2017\/11\/CAMINHOSlanguagecentre_transparent-background-01-1536x469.png 1536w, https:\/\/ecocaminhos.com\/wp-content\/uploads\/2017\/11\/CAMINHOSlanguagecentre_transparent-background-01-2048x626.png 2048w\" alt=\"\" width=\"300\" height=\"92\" title=\"\"><\/a>Nuestro socio principal es Caminhos Language Centre,\u00a0<a href=\"https:\/\/caminhoslanguages.com\/\" target=\"_blank\" rel=\"noopener\">la escuela de idiomas m\u00e1s grande y emocionante de Brasil<\/a>\u00a0.<br \/>\nAl igual que Eco Caminhos, la escuela funciona como una \u201cempresa social\u201d para sus estudiantes, para los ni\u00f1os de la comunidad cercana y para su personal: buscamos ofrecer alta calidad a todos los interesados.<br \/>\nEl centro de idiomas Caminhos est\u00e1 situado en Ipanema, R\u00edo de Janeiro, donde ofrece\u00a0<a href=\"https:\/\/caminhoslanguages.com\/courses\" target=\"_blank\" rel=\"noopener\"><span class=\"s1\">cursos de portugu\u00e9s de alta calidad<\/span><\/a>\u00a0.\u00a0Lo que hace que la escuela sea especial son sus actividades diarias gratuitas y el hecho de que la escuela tiene su propio\u00a0<a href=\"http:\/\/www.maiscaminhos.org\/\" target=\"_blank\" rel=\"noopener\"><span class=\"s1\">programa social para ni\u00f1os de R\u00edo de Janeiro<\/span><\/a>\u00a0.\u00a0Entonces, parte de la tarifa que pagas por tus lecciones de portugu\u00e9s va directamente a los ni\u00f1os de R\u00edo de Janeiro.<\/p>\n<p><iframe loading=\"lazy\" title=\"Learn Portuguese in Rio de Janeiro at Caminhos Language Centre\" width=\"500\" height=\"281\" src=\"https:\/\/www.youtube.com\/embed\/SHJ2R5WoDnU?feature=oembed\" frameborder=\"0\" allow=\"accelerometer; autoplay; clipboard-write; encrypted-media; gyroscope; picture-in-picture; web-share\" referrerpolicy=\"strict-origin-when-cross-origin\" allowfullscreen><\/iframe><\/p>\n<h2><span style=\"color: #0b9444;\">Clasificado 1\u00ba en TripAdvisor por sus estudiantes<\/span><\/h2>\n<p>&nbsp;<\/p>\n<p class=\"p1\"><a href=\"https:\/\/caminhoslanguages.com\/accommodation\/homestay\" target=\"_blank\" rel=\"noopener\"><span class=\"s1\">La escuela tiene un programa de alojamiento en familias<\/span><\/a>\u00a0bien establecido\u00a0<img loading=\"lazy\" decoding=\"async\" class=\"alignright wp-image-3866\" src=\"https:\/\/ecocaminhos.com\/wp-content\/uploads\/2017\/11\/CAMINHOSlanguagecentre_transparent-background-01-300x92.png\" alt=\"\" width=\"156\" height=\"158\" title=\"\">en R\u00edo de Janeiro, que permite a los estudiantes alojarse\u00a0<a href=\"https:\/\/caminhoslanguages.com\/accommodation\/homestay\" target=\"_blank\" rel=\"noopener\">con familias brasile\u00f1as locales<\/a>\u00a0.<br \/>\nLos estudiantes se sumergir\u00e1n en la cultura brasile\u00f1a y tendr\u00e1n la oportunidad de practicar su portugu\u00e9s en la vida real.\u00a0La escuela ofrece a los estudiantes una experiencia completa en R\u00edo de Janeiro sin cobrar de m\u00e1s.\u00a0Los\u00a0<a href=\"https:\/\/caminhoslanguages.com\/courses\/our-group-courses\" target=\"_blank\" rel=\"noopener\"><span class=\"s1\">cursos grupales de portugu\u00e9s en Brasil<\/span><\/a>\u00a0\u00a0empiezan en 23 reales (+\/- 6 euros) la hora;\u00a0el mejor precio de la ciudad.\u00a0La escuela puede ofrecer estos elevados precios porque ha crecido hasta convertirse en la escuela m\u00e1s grande de R\u00edo e incluso de Brasil.<br \/>\nLa mejor manera de comprobar todas estas palabras positivas sobre la escuela es visitando su\u00a0<a href=\"http:\/\/www.tripadvisor.com\/Attraction_Review-g303506-d6533574-Reviews-Casa_Do_Caminho_Language_Centre-Rio_de_Janeiro_State_of_Rio_de_Janeiro.html\" target=\"_blank\" rel=\"noopener\">p\u00e1gina de TripAdvisor<\/a>\u00a0, donde la escuela ocupa el puesto n\u00famero uno en R\u00edo de Janeiro.<\/p>\n<h2><span style=\"color: #0b9444;\">Amplia gama de actividades gratuitas en R\u00edo de Janeiro<\/span><\/h2>\n<p>La escuela es famosa por sus actividades.\u00a0S\u00f3lo para darte una idea de c\u00f3mo podr\u00eda ser tu horario en la escuela:<\/p>\n<p><a class=\"single-popup-image\" href=\"https:\/\/ecocaminhos.com\/wp-content\/uploads\/2018\/02\/week-schedule-final-01-1.png\"><img loading=\"lazy\" decoding=\"async\" class=\"wp-image-3414 size-large aligncenter\" src=\"https:\/\/ecocaminhos.com\/wp-content\/uploads\/2018\/02\/week-schedule-final-01-1-1024x672.png\" alt=\"\" width=\"1024\" height=\"672\" title=\"\" srcset=\"https:\/\/ecocaminhos.com\/wp-content\/uploads\/2018\/02\/week-schedule-final-01-1-1024x672.png 1024w, https:\/\/ecocaminhos.com\/wp-content\/uploads\/2018\/02\/week-schedule-final-01-1-300x197.png 300w, https:\/\/ecocaminhos.com\/wp-content\/uploads\/2018\/02\/week-schedule-final-01-1-768x504.png 768w, https:\/\/ecocaminhos.com\/wp-content\/uploads\/2018\/02\/week-schedule-final-01-1.png 1746w\" sizes=\"auto, (max-width: 1024px) 100vw, 1024px\" \/><\/a>[\/vc_column_text]<div  class=\"fitVids swmsc_video_shortcode\" ><iframe loading=\"lazy\" width=\"608\" height=\"347\" src=\"https:\/\/www.youtube.com\/embed\/hB2oVTr7ToA\" frameborder=\"0\" allowfullscreen webkitAllowFullScreen mozallowfullscreen><\/iframe><\/div><div  class=\"clear swmsc_gap\" style=\"margin:50px 0 0 0;\"><\/div>[vc_column_text]Si quieres unirte a\u00a0<a href=\"https:\/\/ecocaminhos.com\/\">Eco Caminhos<\/a>\u00a0, pero quieres empezar a\u00a0<a href=\"https:\/\/caminhoslanguages.com\/\" target=\"_blank\" rel=\"noopener\"><span class=\"s1\">aprender portugu\u00e9s en Brasil<\/span><\/a>\u00a0con el Centro de Idiomas Caminhos, podemos organizarte a medida.[\/vc_column_text][\/vc_column][\/vc_row][vc_row][vc_column]<div  class=\"clear swmsc_gap\" style=\"margin:50px 0 0 0;\"><\/div><div class=\" ubtn-ctn-left \"><a class=\"ubtn-link ult-adjust-bottom-margin ubtn-left ubtn-large \" href=\"https:\/\/ecocaminhos.com\/sp\/contato\/\" title=\"Contact Us\"><button type=\"button\" id=\"ubtn-3177\"  class=\"ubtn ult-adjust-bottom-margin ult-responsive ubtn-large ubtn-no-hover-bg  none  ubtn-left   tooltip-69e0808915c16\"  data-hover=\"\" data-border-color=\"\" data-bg=\"#81d742\" data-hover-bg=\"\" data-border-hover=\"\" data-shadow-hover=\"\" data-shadow-click=\"none\" data-shadow=\"\" data-shd-shadow=\"\"  data-ultimate-target='#ubtn-3177'  data-responsive-json-new='{\"font-size\":\"\",\"line-height\":\"\"}'  style=\"font-weight:normal;border:none;background: #81d742;color: #ffffff;\"><span class=\"ubtn-hover\" style=\"background-color:\"><\/span><span class=\"ubtn-data ubtn-text \" >\u00a1Cont\u00e1ctenos!<\/span><\/button><\/a><\/div><div  class=\"clear swmsc_gap\" style=\"margin:50px 0 0 0;\"><\/div>[\/vc_column][\/vc_row]\n<\/div>","protected":false},"excerpt":{"rendered":"<p>[vc_row][vc_column][vc_column_text] Aprende portugu\u00e9s brasile\u00f1o en la escuela de idiomas m\u00e1s interesante de Brasil Nuestro socio principal es Caminhos Language Centre,\u00a0la escuela de idiomas m\u00e1s grande y emocionante de Brasil\u00a0. Al [&hellip;]<\/p>\n","protected":false},"author":9,"featured_media":0,"parent":0,"menu_order":0,"comment_status":"closed","ping_status":"closed","template":"","meta":{"footnotes":"","_links_to":"","_links_to_target":""},"categories":[295,352,354,293],"tags":[],"class_list":["post-1811","page","type-page","status-publish","hentry","category-education","category-global-issues","category-leadership","category-testimonial"],"rttpg_featured_image_url":null,"rttpg_author":{"display_name":"Nnamdi","author_link":"https:\/\/ecocaminhos.com\/sp\/blog\/author\/nnamdi\/"},"rttpg_comment":0,"rttpg_category":" <a href=\"https:\/\/ecocaminhos.com\/sp\/blog\/category\/education\/\" rel=\"tag\">Educaci\u00f3n<\/a><a href=\"https:\/\/ecocaminhos.com\/sp\/blog\/category\/global-issues\/\" rel=\"tag\">Global Issues<\/a><a href=\"https:\/\/ecocaminhos.com\/sp\/blog\/category\/leadership\/\" rel=\"tag\">Leadership<\/a><a href=\"https:\/\/ecocaminhos.com\/sp\/blog\/category\/testimonial\/\" rel=\"tag\">Testimonio<\/a>","rttpg_excerpt":"[vc_row][vc_column][vc_column_text] Aprende portugu\u00e9s brasile\u00f1o en la escuela de idiomas m\u00e1s interesante de Brasil Nuestro socio principal es Caminhos Language Centre,\u00a0la escuela de idiomas m\u00e1s grande y emocionante de Brasil\u00a0. Al [&hellip;]","post_mailing_queue_ids":[],"_links":{"self":[{"href":"https:\/\/ecocaminhos.com\/sp\/wp-json\/wp\/v2\/pages\/1811","targetHints":{"allow":["GET"]}}],"collection":[{"href":"https:\/\/ecocaminhos.com\/sp\/wp-json\/wp\/v2\/pages"}],"about":[{"href":"https:\/\/ecocaminhos.com\/sp\/wp-json\/wp\/v2\/types\/page"}],"author":[{"embeddable":true,"href":"https:\/\/ecocaminhos.com\/sp\/wp-json\/wp\/v2\/users\/9"}],"replies":[{"embeddable":true,"href":"https:\/\/ecocaminhos.com\/sp\/wp-json\/wp\/v2\/comments?post=1811"}],"version-history":[{"count":7,"href":"https:\/\/ecocaminhos.com\/sp\/wp-json\/wp\/v2\/pages\/1811\/revisions"}],"predecessor-version":[{"id":27671,"href":"https:\/\/ecocaminhos.com\/sp\/wp-json\/wp\/v2\/pages\/1811\/revisions\/27671"}],"wp:attachment":[{"href":"https:\/\/ecocaminhos.com\/sp\/wp-json\/wp\/v2\/media?parent=1811"}],"wp:term":[{"taxonomy":"category","embeddable":true,"href":"https:\/\/ecocaminhos.com\/sp\/wp-json\/wp\/v2\/categories?post=1811"},{"taxonomy":"post_tag","embeddable":true,"href":"https:\/\/ecocaminhos.com\/sp\/wp-json\/wp\/v2\/tags?post=1811"}],"curies":[{"name":"wp","href":"https:\/\/api.w.org\/{rel}","templated":true}]}}