{"id":1827,"date":"2017-11-30T18:20:24","date_gmt":"2017-11-30T20:20:24","guid":{"rendered":"http:\/\/ecocaminhos.com\/site\/?page_id=1827"},"modified":"2017-11-30T18:20:24","modified_gmt":"2017-11-30T20:20:24","slug":"permaculture-farm-in-brazil-2","status":"publish","type":"page","link":"https:\/\/ecocaminhos.com\/sp\/hacienda-de-permacultura-en-brasil\/","title":{"rendered":"Hacienda de Permacultura en Brasil"},"content":{"rendered":"<div class=\"wpb-content-wrapper\">[vc_row][vc_column][vc_column_text]Eco Caminhos tiene una hermosa finca de 287.000 m2 en Nova Friburgo, Brasil.\u00a0Somos amantes de la permacultura y estamos ansiosos por aprender cada d\u00eda m\u00e1s sobre permacultura.\u00a0Intentamos seguir sus principios en cada decisi\u00f3n que tomamos.\u00a0Aun as\u00ed, no somos radicales y las cosas deber\u00edan ser pr\u00e1cticas.<\/p>\n<p><a class=\"single-popup-image\" href=\"https:\/\/ecocaminhos.com\/wp-content\/uploads\/2017\/12\/permaculture-farm-in-brazil.png\"><img loading=\"lazy\" decoding=\"async\" class=\" wp-image-2217 aligncenter\" src=\"https:\/\/ecocaminhos.com\/wp-content\/uploads\/2017\/12\/permaculture-farm-in-brazil.png\" sizes=\"auto, (max-width: 565px) 100vw, 565px\" srcset=\"https:\/\/ecocaminhos.com\/wp-content\/uploads\/2017\/12\/permaculture-farm-in-brazil.png 671w, https:\/\/ecocaminhos.com\/wp-content\/uploads\/2017\/12\/permaculture-farm-in-brazil-300x277.png 300w\" alt=\"\" width=\"565\" height=\"522\" title=\"\"><\/a><\/p>\n<p>&nbsp;<\/p>\n<h2><span style=\"color: #0b9444;\">Algunos de los objetivos que nos hemos marcado:<\/span><\/h2>\n<ul>\n<li class=\"checkk\">Colocamos a los humanos en el centro de nuestra organizaci\u00f3n.\u00a0El desarrollo humano es nuestro objetivo n\u00famero uno<\/li>\n<li class=\"checkk\">Trabajamos con la naturaleza en lugar de contra ella.<\/li>\n<li class=\"checkk\">Construimos casas\u00a0<a href=\"https:\/\/ecocaminhos.com\/bioconstruction-natural-building-brazil\/\">de bioconstrucci\u00f3n<\/a>\u00a0(construcci\u00f3n natural) con materiales naturales locales.<\/li>\n<li class=\"checkk\">Utilizamos fuentes naturales para producir la energ\u00eda que consumimos.<\/li>\n<li class=\"checkk\">Cultivamos frutales\u00a0<a href=\"https:\/\/ecocaminhos.com\/agroforest\/\">y<\/a>\u00a0hortalizas de forma ecol\u00f3gica.<\/li>\n<li class=\"checkk\">Tratamos nuestras aguas residuales con filtros naturales de pl\u00e1tano<\/li>\n<li class=\"checkk\">Criaremos gallinas para huevos, esti\u00e9rcol y limpiaremos nuestro huerto.<\/li>\n<li class=\"checkk\">Queremos proteger nuestras fuentes de agua reforestando alrededor<\/li>\n<li class=\"checkk\">Queremos reforestar las zonas m\u00e1s escarpadas de nuestra finca para proteger las laderas y recuperar su estado original.<\/li>\n<li class=\"checkk\">Queremos cultivar un bosque de madera y bamb\u00fa para fines\u00a0<a href=\"https:\/\/ecocaminhos.com\/bioconstruction-natural-building-brazil\/\">de bioconstrucci\u00f3n<\/a>\u00a0(construcci\u00f3n natural)<\/li>\n<li class=\"checkk\">Queremos cultivar un bosque comestible<\/li>\n<li class=\"checkk\">Queremos reducir el desperdicio<\/li>\n<li class=\"checkk\">Queremos\u00a0<a href=\"https:\/\/ecocaminhos.com\/br\/programa-de-jovem-aprendiz\/\">ense\u00f1ar a los adolescentes brasile\u00f1os desfavorecidos<\/a>\u00a0todas las habilidades que tenemos, para que puedan convertirse en trabajadores independientes y al mismo tiempo difundir la filosof\u00eda de la permacultura.<\/li>\n<\/ul>\n<p><a class=\"single-popup-image\" href=\"https:\/\/ecocaminhos.com\/wp-content\/uploads\/2017\/11\/map-eco-farm.bmp\"><img loading=\"lazy\" decoding=\"async\" class=\"size-full wp-image-1828 aligncenter\" src=\"https:\/\/ecocaminhos.com\/wp-content\/uploads\/2017\/11\/map-eco-farm.bmp\" sizes=\"auto, (max-width: 691px) 100vw, 691px\" srcset=\"https:\/\/ecocaminhos.com\/wp-content\/uploads\/2017\/11\/map-eco-farm.bmp 691w, https:\/\/ecocaminhos.com\/wp-content\/uploads\/2017\/11\/map-eco-farm-300x214.jpg 300w\" alt=\"\" width=\"691\" height=\"494\" title=\"\"><\/a><\/p>\n<p>&nbsp;<\/p>\n<h2><span style=\"color: #0b9444;\">El desarrollo humano como nuestro principal objetivo<\/span><\/h2>\n<p>El desarrollo humano es nuestro principal objetivo.\u00a0Creemos que reunir a las personas en la naturaleza y brindarles desaf\u00edos pr\u00e1cticos es exactamente lo que se necesita para crecer como seres humanos.\u00a0En Eco Caminhos muchas personas encuentran un verdadero prop\u00f3sito en la vida, algo que a menudo se pierde en el ajetreo de la existencia contempor\u00e1nea.\u00a0Tenemos que trabajar y vivir juntos y desafiarnos f\u00edsica y mentalmente para lograr nuestros objetivos.\u00a0Para que nuestro programa sea accesible para todos, hemos creado varios\u00a0<a class=\"tcolor\" href=\"https:\/\/ecocaminhos.com\/sp\/voluntariado-en-brasil\/\">programas de voluntariado diferentes<\/a>\u00a0, cada uno de los cuales brinda la oportunidad de experimentar la vida en nuestra granja ecol\u00f3gica.[\/vc_column_text][\/vc_column][\/vc_row]\n<\/div>","protected":false},"excerpt":{"rendered":"<p>[vc_row][vc_column][vc_column_text]Eco Caminhos tiene una hermosa finca de 287.000 m2 en Nova Friburgo, Brasil.\u00a0Somos amantes de la permacultura y estamos ansiosos por aprender cada d\u00eda m\u00e1s sobre permacultura.\u00a0Intentamos seguir sus principios [&hellip;]<\/p>\n","protected":false},"author":9,"featured_media":0,"parent":0,"menu_order":0,"comment_status":"closed","ping_status":"closed","template":"","meta":{"footnotes":"","_links_to":"","_links_to_target":""},"categories":[299],"tags":[],"class_list":["post-1827","page","type-page","status-publish","hentry","category-permaculture"],"rttpg_featured_image_url":null,"rttpg_author":{"display_name":"Nnamdi","author_link":"https:\/\/ecocaminhos.com\/sp\/blog\/author\/nnamdi\/"},"rttpg_comment":0,"rttpg_category":" <a href=\"https:\/\/ecocaminhos.com\/sp\/blog\/category\/permaculture\/\" rel=\"tag\">Permacultura<\/a>","rttpg_excerpt":"[vc_row][vc_column][vc_column_text]Eco Caminhos tiene una hermosa finca de 287.000 m2 en Nova Friburgo, Brasil.\u00a0Somos amantes de la permacultura y estamos ansiosos por aprender cada d\u00eda m\u00e1s sobre permacultura.\u00a0Intentamos seguir sus principios [&hellip;]","post_mailing_queue_ids":[],"_links":{"self":[{"href":"https:\/\/ecocaminhos.com\/sp\/wp-json\/wp\/v2\/pages\/1827","targetHints":{"allow":["GET"]}}],"collection":[{"href":"https:\/\/ecocaminhos.com\/sp\/wp-json\/wp\/v2\/pages"}],"about":[{"href":"https:\/\/ecocaminhos.com\/sp\/wp-json\/wp\/v2\/types\/page"}],"author":[{"embeddable":true,"href":"https:\/\/ecocaminhos.com\/sp\/wp-json\/wp\/v2\/users\/9"}],"replies":[{"embeddable":true,"href":"https:\/\/ecocaminhos.com\/sp\/wp-json\/wp\/v2\/comments?post=1827"}],"version-history":[{"count":1,"href":"https:\/\/ecocaminhos.com\/sp\/wp-json\/wp\/v2\/pages\/1827\/revisions"}],"predecessor-version":[{"id":27651,"href":"https:\/\/ecocaminhos.com\/sp\/wp-json\/wp\/v2\/pages\/1827\/revisions\/27651"}],"wp:attachment":[{"href":"https:\/\/ecocaminhos.com\/sp\/wp-json\/wp\/v2\/media?parent=1827"}],"wp:term":[{"taxonomy":"category","embeddable":true,"href":"https:\/\/ecocaminhos.com\/sp\/wp-json\/wp\/v2\/categories?post=1827"},{"taxonomy":"post_tag","embeddable":true,"href":"https:\/\/ecocaminhos.com\/sp\/wp-json\/wp\/v2\/tags?post=1827"}],"curies":[{"name":"wp","href":"https:\/\/api.w.org\/{rel}","templated":true}]}}