{"id":20086,"date":"2021-05-04T11:46:18","date_gmt":"2021-05-04T14:46:18","guid":{"rendered":"https:\/\/ecocaminhos.com\/?page_id=20086"},"modified":"2021-05-04T11:46:18","modified_gmt":"2021-05-04T14:46:18","slug":"oficina","status":"publish","type":"page","link":"https:\/\/ecocaminhos.com\/sp\/oficina\/","title":{"rendered":"Oficina (Taller)"},"content":{"rendered":"<div class=\"wpb-content-wrapper\">[vc_row][vc_column][vc_column_text]\n<h1 style=\"text-align: center;\"><b>Oficina (Taller) \u2013 Colmeia<\/b><\/h1>\n<p style=\"text-align: center;\"><b>Finalizaci\u00f3n prevista: <\/b><span style=\"color: #ff6600;\"><b>May 2021 \u00a0 \u00a0 \u00a0\u00a0<\/b><\/span><b>Dise\u00f1ador:\u00a0<\/b><span style=\"color: #ff6600;\"><b>Daniel e Kiko \u00a0 \u00a0 \u00a0\u00a0<\/b><\/span><b>Construcci\u00f3n:\u00a0<\/b><span style=\"color: #ff6600;\"><b>Equipe Eco Caminhos \u00a0 \u00a0 \u00a0\u00a0<\/b><\/span><b>T\u00e9cnicas:<\/b><b>\u00a0<\/b><span style=\"color: #ff6600;\"><b>Eucalyptus, COB, Wattle &amp; Daub<\/b>\u00a0 \u00a0 \u00a0\u00a0<\/span><b>Tama\u00f1o:<\/b><span style=\"font-weight: 400;\">\u00a0\u00a0<\/span><span style=\"color: #ff6600;\"><b>98<\/b> <b>m2<\/b>\u00a0 \u00a0 \u00a0 \u00a0<\/span><b>Ubicaci\u00f3n:\u00a0<\/b><span style=\"color: #ff6600;\"><b>Nova Friburgo, Brasil<\/b><\/span><\/p>\n<p><b>\u00a0\u00a0<\/b><\/p>\n<p><span style=\"font-weight: 400;\">En 2019, iniciamos la construcci\u00f3n de nuestro taller aqu\u00ed en Eco Caminhos utilizando t\u00e9cnicas de construcci\u00f3n natural (bioconstrucci\u00f3n). Con la evoluci\u00f3n de la conciencia ambiental, se intensific\u00f3 el movimiento para preservar los bosques nativos brasile\u00f1os y se recomend\u00f3 el uso de madera reforestada. En este contexto, el eucalipto y la madera de pino son los sustitutos m\u00e1s habituales de la madera dura y, en nuestro caso, optamos por la madera de eucalipto para realizar nuestra estructura. En su forma final, nuestro taller, totalmente integrado con el paisaje, tambi\u00e9n brinda espacio para alojamiento e integra el espacio con infraestructura para eventos y cursos enfocados en t\u00e9cnicas de construcci\u00f3n natural (bioconstrucci\u00f3n).<\/span><\/p>\n<p>&nbsp;<\/p>\n<h2><span style=\"color: #008000;\"><b>Requisitos previos para un buen proyecto de construcci\u00f3n natural<\/b><\/span><\/h2>\n<ul>\n<li aria-level=\"1\">Integraci\u00f3n con el paisaje<\/li>\n<li aria-level=\"1\">Uso de materiales naturales.<\/li>\n<li aria-level=\"1\">Iluminaci\u00f3n natural en interiores<\/li>\n<li aria-level=\"1\">Humedad Cero<\/li>\n<li aria-level=\"1\">Buen aislamiento t\u00e9rmico para las fr\u00edas noches de invierno.<\/li>\n<\/ul>\n<p>&nbsp;<\/p>\n<h2 style=\"text-align: left;\"><span style=\"color: #008000;\">Renders 3D para la <em>Oficina<\/em> (Taller):<\/span><\/h2>\n<div id='gallery-2' class='gallery galleryid-20086 gallery-columns-3 gallery-size-medium'><dl class='gallery-item'>\n\t\t\t<dt class='gallery-icon landscape'>\n\t\t\t\t<a title=\"modelo 3d de um banheiro\" href=\"https:\/\/ecocaminhos.com\/wp-content\/uploads\/2018\/02\/vista-1-banh-logo.jpg\"><img loading=\"lazy\" decoding=\"async\" width=\"300\" height=\"178\" src=\"https:\/\/ecocaminhos.com\/wp-content\/uploads\/2018\/02\/vista-1-banh-logo.jpg\" class=\"attachment-medium size-medium\" alt=\"\" srcset=\"https:\/\/ecocaminhos.com\/wp-content\/uploads\/2018\/02\/vista-1-banh-logo.jpg 1294w, https:\/\/ecocaminhos.com\/wp-content\/uploads\/2018\/02\/vista-1-banh-logo-300x178.jpg 300w\" sizes=\"auto, (max-width: 300px) 100vw, 300px\" title=\"\"><\/a>\n\t\t\t<\/dt><\/dl><dl class='gallery-item'>\n\t\t\t<dt class='gallery-icon landscape'>\n\t\t\t\t<a title=\"vista 3 banh logo\" href=\"https:\/\/ecocaminhos.com\/wp-content\/uploads\/2018\/02\/vista-3-banh-logo.jpg\"><img loading=\"lazy\" decoding=\"async\" width=\"300\" height=\"171\" src=\"https:\/\/ecocaminhos.com\/wp-content\/uploads\/2018\/02\/vista-3-banh-logo.jpg\" class=\"attachment-medium size-medium\" alt=\"\" srcset=\"https:\/\/ecocaminhos.com\/wp-content\/uploads\/2018\/02\/vista-3-banh-logo.jpg 1345w, https:\/\/ecocaminhos.com\/wp-content\/uploads\/2018\/02\/vista-3-banh-logo-300x171.jpg 300w\" sizes=\"auto, (max-width: 300px) 100vw, 300px\" title=\"\"><\/a>\n\t\t\t<\/dt><\/dl><dl class='gallery-item'>\n\t\t\t<dt class='gallery-icon landscape'>\n\t\t\t\t<a title=\"oficina v1 COM LOGO\" href=\"https:\/\/ecocaminhos.com\/wp-content\/uploads\/2018\/02\/oficina-v1-COM-LOGO.jpg\"><img loading=\"lazy\" decoding=\"async\" width=\"300\" height=\"170\" src=\"https:\/\/ecocaminhos.com\/wp-content\/uploads\/2018\/02\/oficina-v1-COM-LOGO.jpg\" class=\"attachment-medium size-medium\" alt=\"\" srcset=\"https:\/\/ecocaminhos.com\/wp-content\/uploads\/2018\/02\/oficina-v1-COM-LOGO.jpg 1358w, https:\/\/ecocaminhos.com\/wp-content\/uploads\/2018\/02\/oficina-v1-COM-LOGO-300x170.jpg 300w\" sizes=\"auto, (max-width: 300px) 100vw, 300px\" title=\"\"><\/a>\n\t\t\t<\/dt><\/dl><br style=\"clear: both\" \/><dl class='gallery-item'>\n\t\t\t<dt class='gallery-icon landscape'>\n\t\t\t\t<a title=\"oficina v2 COM LOGO\" href=\"https:\/\/ecocaminhos.com\/wp-content\/uploads\/2018\/02\/oficina-v2-COM-LOGO.jpg\"><img loading=\"lazy\" decoding=\"async\" width=\"300\" height=\"169\" src=\"https:\/\/ecocaminhos.com\/wp-content\/uploads\/2018\/02\/oficina-v2-COM-LOGO.jpg\" class=\"attachment-medium size-medium\" alt=\"\" srcset=\"https:\/\/ecocaminhos.com\/wp-content\/uploads\/2018\/02\/oficina-v2-COM-LOGO.jpg 1363w, https:\/\/ecocaminhos.com\/wp-content\/uploads\/2018\/02\/oficina-v2-COM-LOGO-300x169.jpg 300w\" sizes=\"auto, (max-width: 300px) 100vw, 300px\" title=\"\"><\/a>\n\t\t\t<\/dt><\/dl><dl class='gallery-item'>\n\t\t\t<dt class='gallery-icon landscape'>\n\t\t\t\t<a title=\"oficina v3 COM LOGO\" href=\"https:\/\/ecocaminhos.com\/wp-content\/uploads\/2018\/02\/oficina-v3-COM-LOGO.jpg\"><img loading=\"lazy\" decoding=\"async\" width=\"300\" height=\"169\" src=\"https:\/\/ecocaminhos.com\/wp-content\/uploads\/2018\/02\/oficina-v3-COM-LOGO.jpg\" class=\"attachment-medium size-medium\" alt=\"\" srcset=\"https:\/\/ecocaminhos.com\/wp-content\/uploads\/2018\/02\/oficina-v3-COM-LOGO.jpg 1366w, https:\/\/ecocaminhos.com\/wp-content\/uploads\/2018\/02\/oficina-v3-COM-LOGO-300x169.jpg 300w\" sizes=\"auto, (max-width: 300px) 100vw, 300px\" title=\"\"><\/a>\n\t\t\t<\/dt><\/dl><dl class='gallery-item'>\n\t\t\t<dt class='gallery-icon landscape'>\n\t\t\t\t<a title=\"oficina v4 COM LOGO\" href=\"https:\/\/ecocaminhos.com\/wp-content\/uploads\/2018\/02\/oficina-v4-COM-LOGO.jpg\"><img loading=\"lazy\" decoding=\"async\" width=\"300\" height=\"169\" src=\"https:\/\/ecocaminhos.com\/wp-content\/uploads\/2018\/02\/oficina-v4-COM-LOGO.jpg\" class=\"attachment-medium size-medium\" alt=\"\" srcset=\"https:\/\/ecocaminhos.com\/wp-content\/uploads\/2018\/02\/oficina-v4-COM-LOGO.jpg 1366w, https:\/\/ecocaminhos.com\/wp-content\/uploads\/2018\/02\/oficina-v4-COM-LOGO-300x169.jpg 300w\" sizes=\"auto, (max-width: 300px) 100vw, 300px\" title=\"\"><\/a>\n\t\t\t<\/dt><\/dl><br style=\"clear: both\" \/>\n\t\t<\/div>\n\n<p>&nbsp;<\/p>\n<h2><span style=\"color: #008000;\"><b>Experiencia de usuario<\/b><\/span><\/h2>\n<p><span style=\"font-weight: 400;\">\u00a1A nosotros, la familia Bijen y los voluntarios de Eco Caminhos, nos encanta el taller! El ambiente interior es muy c\u00f3modo y bien estructurado para las actividades. En los calurosos d\u00edas de verano, el interior es fresco y en las fr\u00edas noches de invierno c\u00e1lido gracias al buen aislamiento t\u00e9rmico. Las paredes acumulan calor durante los d\u00edas soleados de invierno y cuando la temperatura baja por la noche, las paredes mantienen las habitaciones calientes. El taller tambi\u00e9n se beneficia de una gran iluminaci\u00f3n natural durante el d\u00eda. Se hizo de manera que todos los ambientes internos reciban suficiente iluminaci\u00f3n natural sin necesidad de encender luces artificiales. Otro punto que la gente suele olvidar durante la construcci\u00f3n es que un buen sistema de drenaje evita que el ambiente se humedezca demasiado en el interior. Las paredes de mazorca tambi\u00e9n ayudan con la humedad porque \u201crespiran\u201d muy bien. Podemos dejar las habitaciones cerradas durante una semana y aun as\u00ed volver a un ambiente sin olor a moho ni humedad. Aqu\u00ed realmente somos parte de la naturaleza y nos beneficiamos de ella.<\/span><\/p>\n<p>&nbsp;<\/p>\n<p><a href=\"https:\/\/ecocaminhos.com\/wp-content\/uploads\/2019\/08\/IMG_4573-scaled.jpg\"><img loading=\"lazy\" decoding=\"async\" class=\"wp-image-19918 size-large aligncenter\" src=\"https:\/\/ecocaminhos.com\/wp-content\/uploads\/2019\/08\/IMG_4573-1024x683.jpg\" alt=\"\" width=\"1024\" height=\"683\" title=\"\"><\/a><\/p>\n<p style=\"text-align: center;\"><em>Our Oficina (workshop) &#8211; a work in progress<\/em><\/p>\n<h2><span style=\"color: #008000;\"><span style=\"caret-color: #008000;\">T\u00e9cnicas<\/span><\/span><\/h2>\n<ul>\n<li class=\"checkk\"><a href=\"https:\/\/ecocaminhos.com\/?p=19200\"><strong>Cob\u00a0<\/strong>\u00a0<strong>(tambi\u00e9n conocido como cobb):<\/strong><\/a>\u00a0\u00a0material de construcci\u00f3n compuesto de subsuelo, paja y arena.<\/li>\n<li><b>Yesos Naturales:\u00a0<\/b>\u00a0Para las paredes interiores utilizamos un yeso elaborado con una mezcla de cal, arcilla, arena y paja.\u00a0Las paredes exteriores tienen un revoque elaborado con arcilla, arena, paja, esti\u00e9rcol de vacuno y aceite de linaza.\u00a0Las zonas m\u00e1s propensas a mojarse utilizan baldosas cer\u00e1micas antiguas.<\/li>\n<li class=\"checkk\"><strong>Wattle and Daub:<\/strong>\u00a0un m\u00e9todo de construcci\u00f3n compuesto utilizado para hacer paredes y edificios en el que un entramado tejido de tiras de bamb\u00fa llamado zarzo se embadurna con mazorca.<\/li>\n<li><b>Eucalipto Tratado:\u00a0<\/b>\u00a0El Eucalipto presenta excelentes caracter\u00edsticas f\u00edsico-mec\u00e1nicas y adquiere gran durabilidad con el tratamiento industrial normal (Autoclave).\u00a0Se recomienda para vigas, cabios y piezas estructurales.<\/li>\n<li class=\"checkk\"><strong>Tratamiento Natural de Aguas Residuales<\/strong>\u00a0: Utilizamos un filtro tipo banana para filtrar aguas residuales negras y grises.<\/li>\n<li class=\"checkk\"><strong>Caldera solar<\/strong>\u00a0: utilizamos una caldera solar para proporcionar agua caliente.<\/li>\n<li><a href=\"https:\/\/ecocaminhos.com\/?p=20079\"><b>Energ\u00eda Solar:<\/b><\/a>\u00a0Utilizamos paneles fotovoltaicos para generar energ\u00eda para el taller y el alojamiento.\u00a0De hecho, el sistema solar cubrir\u00e1 todas las necesidades el\u00e9ctricas de la granja;<\/li>\n<li class=\"checkk\"><strong>Drenaje<\/strong>\u00a0: Contamos con un sistema de drenaje debajo de los cimientos del muro de piedra.<\/li>\n<li class=\"checkk\"><strong>Aislamiento del Suelo<\/strong>\u00a0: Utilizamos\u00a0\u00a0<a href=\"https:\/\/en.wikipedia.org\/wiki\/Expanded_clay_aggregate#:~:text=Lightweight%20expanded%20clay%20aggregate%20(LECA,heating%20producing%20a%20honeycomb%20structure.\" target=\"_blank\" rel=\"noopener\">arcilla expandida<\/a>\u00a0para evitar la infiltraci\u00f3n de humedad y aislar el suelo.<\/li>\n<li class=\"checkk\"><strong>Posicionar la casa hacia el sol<\/strong>\u00a0: Para un clima interior saludable, la direcci\u00f3n de su casa es realmente importante. Con nuestros veranos extremadamente h\u00famedos e inviernos frescos, posicionar la casa hacia el sol (Norte) ha demostrado ser esencial.<\/li>\n<\/ul>\n<p><span style=\"font-weight: 400;\">\u00a0<\/span><\/p>\n<h2><span style=\"color: #008000;\"><b>Participantes del proyecto<\/b><\/span><\/h2>\n<p>El director general y fundador del proyecto es Bart Bijen.\u00a0Los dise\u00f1adores del proyecto incluyen al voluntario\u00a0\u00a0Daniel Balc\u00e1zar\u00a0\u00a0y al maestro de construcci\u00f3n Kiko.\u00a0El equipo de construcci\u00f3n cont\u00f3 con el apoyo de un gran n\u00famero de voluntarios brasile\u00f1os e internacionales que vinieron a aprender y practicar la construcci\u00f3n natural (bioconstrucci\u00f3n).<\/p>\n<p>&nbsp;<\/p>\n<h2><span style=\"color: #008000;\"><b>Voluntario<\/b><\/span><\/h2>\n<p>Para las personas que desean aprender habilidades naturales de construcci\u00f3n, tenemos\u00a0<a href=\"https:\/\/ecocaminhos.com\/volunteer-opportunities\/\"><strong>diferentes tipos de programas de voluntariado.<\/strong><\/a>[\/vc_column_text][\/vc_column][\/vc_row][vc_row][vc_column]<div  class=\"clear swmsc_gap\" style=\"margin:30px 0 0 0;\"><\/div><div class=\" ubtn-ctn-left \"><a class=\"ubtn-link ult-adjust-bottom-margin ubtn-left ubtn-normal \" href=\"https:\/\/ecocaminhos.com\/sp\/contato\/\"><button type=\"button\" id=\"ubtn-1085\"  class=\"ubtn ult-adjust-bottom-margin ult-responsive ubtn-normal ubtn-no-hover-bg  none  ubtn-left   tooltip-69e07d98562a9\"  data-hover=\"\" data-border-color=\"\" data-bg=\"#81d742\" data-hover-bg=\"\" data-border-hover=\"\" data-shadow-hover=\"\" data-shadow-click=\"none\" data-shadow=\"\" data-shd-shadow=\"\"  data-ultimate-target='#ubtn-1085'  data-responsive-json-new='{\"font-size\":\"\",\"line-height\":\"\"}'  style=\"font-weight:normal;border:none;background: #81d742;color: #ffffff;\"><span class=\"ubtn-hover\" style=\"background-color:\"><\/span><span class=\"ubtn-data ubtn-text \" > \u00a1Cont\u00e1ctenos!<\/span><\/button><\/a><\/div>[\/vc_column][\/vc_row]\n<\/div>","protected":false},"excerpt":{"rendered":"<p>[vc_row][vc_column][vc_column_text] Oficina (Taller) \u2013 Colmeia Finalizaci\u00f3n prevista: May 2021 \u00a0 \u00a0 \u00a0\u00a0Dise\u00f1ador:\u00a0Daniel e Kiko \u00a0 \u00a0 \u00a0\u00a0Construcci\u00f3n:\u00a0Equipe Eco Caminhos \u00a0 \u00a0 \u00a0\u00a0T\u00e9cnicas:\u00a0Eucalyptus, COB, Wattle &amp; Daub\u00a0 \u00a0 \u00a0\u00a0Tama\u00f1o:\u00a0\u00a098 m2\u00a0 \u00a0 [&hellip;]<\/p>\n","protected":false},"author":9,"featured_media":19918,"parent":0,"menu_order":0,"comment_status":"closed","ping_status":"closed","template":"","meta":{"footnotes":"","_links_to":"","_links_to_target":""},"categories":[300,303],"tags":[321],"class_list":["post-20086","page","type-page","status-publish","has-post-thumbnail","hentry","category-natural-building","category-cob","tag-our-natural-building-projects"],"rttpg_featured_image_url":{"full":["https:\/\/ecocaminhos.com\/wp-content\/uploads\/2019\/08\/IMG_4573-scaled.jpg",2560,1706,false],"landscape":["https:\/\/ecocaminhos.com\/wp-content\/uploads\/2019\/08\/IMG_4573-scaled.jpg",2560,1706,false],"portraits":["https:\/\/ecocaminhos.com\/wp-content\/uploads\/2019\/08\/IMG_4573-scaled.jpg",2560,1706,false],"thumbnail":["https:\/\/ecocaminhos.com\/wp-content\/uploads\/2019\/08\/IMG_4573-scaled.jpg",150,100,false],"medium":["https:\/\/ecocaminhos.com\/wp-content\/uploads\/2019\/08\/IMG_4573-scaled.jpg",300,200,false],"large":["https:\/\/ecocaminhos.com\/wp-content\/uploads\/2019\/08\/IMG_4573-scaled.jpg",1024,682,false],"1536x1536":["https:\/\/ecocaminhos.com\/wp-content\/uploads\/2019\/08\/IMG_4573-scaled.jpg",1536,1024,false],"2048x2048":["https:\/\/ecocaminhos.com\/wp-content\/uploads\/2019\/08\/IMG_4573-scaled.jpg",2048,1365,false],"classic-grid-listing":["https:\/\/ecocaminhos.com\/wp-content\/uploads\/2019\/08\/IMG_4573-scaled.jpg",600,400,false],"classic-list-listing":["https:\/\/ecocaminhos.com\/wp-content\/uploads\/2019\/08\/IMG_4573-scaled.jpg",240,160,false],"modern-grid-listing":["https:\/\/ecocaminhos.com\/wp-content\/uploads\/2019\/08\/IMG_4573-scaled.jpg",576,384,false],"product-page-image":["https:\/\/ecocaminhos.com\/wp-content\/uploads\/2019\/08\/IMG_4573-scaled.jpg",600,400,false],"product-category-page-image":["https:\/\/ecocaminhos.com\/wp-content\/uploads\/2019\/08\/IMG_4573-scaled.jpg",600,400,false],"swmsc-related-posts":["https:\/\/ecocaminhos.com\/wp-content\/uploads\/2019\/08\/IMG_4573-scaled.jpg",500,333,false],"swmsc-recent-post-tiny":["https:\/\/ecocaminhos.com\/wp-content\/uploads\/2019\/08\/IMG_4573-scaled.jpg",90,60,false],"swmsc-grid-image":["https:\/\/ecocaminhos.com\/wp-content\/uploads\/2019\/08\/IMG_4573-scaled.jpg",670,446,false],"swmsc-square-image":["https:\/\/ecocaminhos.com\/wp-content\/uploads\/2019\/08\/IMG_4573-scaled.jpg",670,446,false],"swmsc-blog-featured":["https:\/\/ecocaminhos.com\/wp-content\/uploads\/2019\/08\/IMG_4573-scaled.jpg",780,520,false],"woocommerce_thumbnail":["https:\/\/ecocaminhos.com\/wp-content\/uploads\/2019\/08\/IMG_4573-scaled-150x150.jpg",150,150,true],"woocommerce_single":["https:\/\/ecocaminhos.com\/wp-content\/uploads\/2019\/08\/IMG_4573-scaled-300x200.jpg",300,200,true],"woocommerce_gallery_thumbnail":["https:\/\/ecocaminhos.com\/wp-content\/uploads\/2019\/08\/IMG_4573-scaled-100x100.jpg",100,100,true],"ecoworld-blog-featured":["https:\/\/ecocaminhos.com\/wp-content\/uploads\/2019\/08\/IMG_4573-scaled.jpg",780,520,false],"ecoworld-blog-full":["https:\/\/ecocaminhos.com\/wp-content\/uploads\/2019\/08\/IMG_4573-scaled.jpg",780,520,false],"ecoworld-related-posts":["https:\/\/ecocaminhos.com\/wp-content\/uploads\/2019\/08\/IMG_4573-scaled.jpg",500,333,false],"ecoworld-recent-post-tiny":["https:\/\/ecocaminhos.com\/wp-content\/uploads\/2019\/08\/IMG_4573-scaled.jpg",90,60,false],"ecoworld-grid-image":["https:\/\/ecocaminhos.com\/wp-content\/uploads\/2019\/08\/IMG_4573-scaled.jpg",670,446,false],"ecoworld-standard":["https:\/\/ecocaminhos.com\/wp-content\/uploads\/2019\/08\/IMG_4573-scaled.jpg",670,446,false],"ecoworld-square-image":["https:\/\/ecocaminhos.com\/wp-content\/uploads\/2019\/08\/IMG_4573-scaled.jpg",670,446,false]},"rttpg_author":{"display_name":"Nnamdi","author_link":"https:\/\/ecocaminhos.com\/sp\/blog\/author\/nnamdi\/"},"rttpg_comment":0,"rttpg_category":" <a href=\"https:\/\/ecocaminhos.com\/sp\/blog\/category\/natural-building\/\" rel=\"tag\">Bioconstrucci\u00f3n<\/a><a href=\"https:\/\/ecocaminhos.com\/sp\/blog\/category\/natural-building\/cob\/\" rel=\"tag\">Cob<\/a>","rttpg_excerpt":"[vc_row][vc_column][vc_column_text] Oficina (Taller) \u2013 Colmeia Finalizaci\u00f3n prevista: May 2021 \u00a0 \u00a0 \u00a0\u00a0Dise\u00f1ador:\u00a0Daniel e Kiko \u00a0 \u00a0 \u00a0\u00a0Construcci\u00f3n:\u00a0Equipe Eco Caminhos \u00a0 \u00a0 \u00a0\u00a0T\u00e9cnicas:\u00a0Eucalyptus, COB, Wattle &amp; Daub\u00a0 \u00a0 \u00a0\u00a0Tama\u00f1o:\u00a0\u00a098 m2\u00a0 \u00a0 [&hellip;]","post_mailing_queue_ids":[],"_links":{"self":[{"href":"https:\/\/ecocaminhos.com\/sp\/wp-json\/wp\/v2\/pages\/20086","targetHints":{"allow":["GET"]}}],"collection":[{"href":"https:\/\/ecocaminhos.com\/sp\/wp-json\/wp\/v2\/pages"}],"about":[{"href":"https:\/\/ecocaminhos.com\/sp\/wp-json\/wp\/v2\/types\/page"}],"author":[{"embeddable":true,"href":"https:\/\/ecocaminhos.com\/sp\/wp-json\/wp\/v2\/users\/9"}],"replies":[{"embeddable":true,"href":"https:\/\/ecocaminhos.com\/sp\/wp-json\/wp\/v2\/comments?post=20086"}],"version-history":[{"count":0,"href":"https:\/\/ecocaminhos.com\/sp\/wp-json\/wp\/v2\/pages\/20086\/revisions"}],"wp:featuredmedia":[{"embeddable":true,"href":"https:\/\/ecocaminhos.com\/sp\/wp-json\/wp\/v2\/media\/19918"}],"wp:attachment":[{"href":"https:\/\/ecocaminhos.com\/sp\/wp-json\/wp\/v2\/media?parent=20086"}],"wp:term":[{"taxonomy":"category","embeddable":true,"href":"https:\/\/ecocaminhos.com\/sp\/wp-json\/wp\/v2\/categories?post=20086"},{"taxonomy":"post_tag","embeddable":true,"href":"https:\/\/ecocaminhos.com\/sp\/wp-json\/wp\/v2\/tags?post=20086"}],"curies":[{"name":"wp","href":"https:\/\/api.w.org\/{rel}","templated":true}]}}