{"id":20571,"date":"2021-10-05T16:13:03","date_gmt":"2021-10-05T19:13:03","guid":{"rendered":"https:\/\/ecocaminhos.com\/?page_id=20571"},"modified":"2021-10-05T16:13:03","modified_gmt":"2021-10-05T19:13:03","slug":"reference-agroforestry-project-in-brazil","status":"publish","type":"page","link":"https:\/\/ecocaminhos.com\/sp\/agroforesteria-brasil\/","title":{"rendered":"agroforester\u00eda en Brasil"},"content":{"rendered":"[vc_column_text]\n<h1 style=\"text-align: center;\">La agroforester\u00eda el futuro de la agricultura para nuestro planeta<\/h1>\n<p>La Agroforesteria es uno de los principales proyectos de <a href=\"https:\/\/ecocaminhos.com\/sp\/\"><span style=\"color: #ff6600;\">Eco Caminhos<\/span><\/a>. Para nosotros este proyecto es la manera ideal para recuperar las areas que encontramos tornadas en pastizales en nuestro terreno y convertirlos en ecosistemas forestales bien balanceados que van a beneficiar los ciclos naturales de los que dependemos todos y simult\u00e1neamente producir una gran cantidad de plantas comestibles, frutas y vegetales. Para desarrollar este proyecto de la mejor manera posible estamos comenzando con un piloto de 500 m\u00b2, esto con el prop\u00f3sito de aprender la mejor manera para trabajar junto y a favor de la flora y fauna del ecosistema existente. Ademas de este proyecto piloto ya tenemos planeado como aplicar la Agroforesteria en la mayor\u00eda del terreno de nuestra Eco Granja.<\/p>\n<p>La idea general de este proyecto es que ademas de cultivar una gran variedad de frutas y vegetales, tambi\u00e9n ayudamos en la conservaci\u00f3n de la biodiversidad de los ecosistemas nativos y end\u00e9micos de la region. Esta iniciativa se enfoca en encontrar un equilibrio entre el cultivar y la conservaci\u00f3n del ecosistema.<\/p>\n<p>Bruno Nirello, ingeniero forestal y l\u00edder del proyecto en ese entonces, y nuestra Agr\u00f3noma Anastasia Almeida, la actual l\u00edder, iniciaron y desarrollaron este proyecto. Juntos los dos desenvolvieron un plan completo y bien definido para este proyecto piloto inicial el cual contara con una gran variedad de plantas y arboles. Se planeo que las diferentes plantas cultivadas ser\u00e1n localizadas pensando en sus caracter\u00edsticas como sus diferentes alturas de manera que trabajen bien juntas como un ecosistema balanceado. Cuenta con espacio para arboles frutales, producci\u00f3n de madera sostenible, de vegetales, plantas medicinales y otras con la funci\u00f3n de producir hojas para aportar fertilizante y biomasa al sistema.<\/p>\n<p>Debido a nuestra localizaci\u00f3n en la region monta\u00f1osa a las afueras de Nova Friburgo el sistema de Agroforesteria de Eco Caminhos se va a beneficiar del terreno altamente inclinado, usando la gravedad para nuestro sistema de irrigaci\u00f3n, de esta manera podemos dejar de lado el uso de bombas de agua y en lugar de estas usar un sistema de micro goteo usando cintas de <a href=\"https:\/\/es.wikipedia.org\/wiki\/Polipropileno\" target=\"_blank\" rel=\"noopener\"><span style=\"color: #ff6600;\">polipropileno<\/span><\/a>.<\/p>\n<p>Este proyecto comenz\u00f3 a se tornar realidad a inicios de Junio de 2018. Todo empieza con preparar la tierra para las primeras plantas, el Girasol Mexicano, la avena negra y el Tremo\u00e7o. Para el siguiente paso instalamos el sistema de irrigaci\u00f3n subterr\u00e1neo, todo de acuerdo con el plan y el esfuerzo de Bruno y Anastasia, pero una vez a la semana organizamos dias de trabajo grupal en que todos los participantes de Eco Caminhos ayudan a este proyecto, todos quieren ver esta iniciativa crecer y tornarse una realidad.<\/p>\n<h3><span style=\"color: #008000;\">Mira a Nuestros videos de Agroforester\u00eda en este Playlist!<\/span><\/h3>\n[vc_video link=\u00bbhttps:\/\/youtube.com\/playlist?list=PLCPaps_YYt2ezD9lIJYKUDU5CwqHmrVYQ\u00bb]\n<h3><span style=\"color: #008000;\">Si estas interesado en aprender o ayudarnos a desarrollar nuestro proyecto de Agroforesteria entra en contacto con nosotros!<\/span><\/h3>\n[\/vc_column_text][vc_btn title=\u00bb\u00a1Cont\u00e1ctanos!\u00bb style=\u00bboutline-custom\u00bb outline_custom_color=\u00bb#666666&#8243; outline_custom_hover_background=\u00bb#33b208&#8243; outline_custom_hover_text=\u00bb#ffffff\u00bb shape=\u00bbround\u00bb size=\u00bblg\u00bb align=\u00bbcenter\u00bb button_block=\u00bbtrue\u00bb link=\u00bburl:https%3A%2F%2Fecocaminhos.com%2Fsp%2Fcontato|title:%5B%3Aen%5DContact%5B%3Abr%5DContato%5B%3Asp%5DContacto%5B%3Aes%5DContacto%5B%3Apb%5DContato%5B%3A%5D||\u00bb]","protected":false},"excerpt":{"rendered":"<p>[vc_column_text] La agroforester\u00eda el futuro de la agricultura para nuestro planeta La Agroforesteria es uno de los principales proyectos de Eco Caminhos. Para nosotros este proyecto es la manera ideal [&hellip;]<\/p>\n","protected":false},"author":9,"featured_media":20123,"parent":0,"menu_order":0,"comment_status":"closed","ping_status":"closed","template":"","meta":{"footnotes":"","_links_to":"","_links_to_target":""},"categories":[323,295,299,297,296],"tags":[327,324,326,325],"class_list":["post-20571","page","type-page","status-publish","has-post-thumbnail","hentry","category-agrofloresta","category-education","category-permaculture","category-tourism","category-volunteering","tag-agroecologia","tag-agrofloresta-2","tag-voluntario","tag-volunteering-2"],"rttpg_featured_image_url":{"full":["https:\/\/ecocaminhos.com\/wp-content\/uploads\/2018\/02\/FIMI0045-scaled-e1634062413485.jpg",1200,675,false],"landscape":["https:\/\/ecocaminhos.com\/wp-content\/uploads\/2018\/02\/FIMI0045-scaled-e1634062413485.jpg",1200,675,false],"portraits":["https:\/\/ecocaminhos.com\/wp-content\/uploads\/2018\/02\/FIMI0045-scaled-e1634062413485.jpg",1200,675,false],"thumbnail":["https:\/\/ecocaminhos.com\/wp-content\/uploads\/2018\/02\/FIMI0045-scaled-e1634062413485.jpg",150,84,false],"medium":["https:\/\/ecocaminhos.com\/wp-content\/uploads\/2018\/02\/FIMI0045-scaled-e1634062413485.jpg",300,169,false],"large":["https:\/\/ecocaminhos.com\/wp-content\/uploads\/2018\/02\/FIMI0045-scaled-e1634062413485.jpg",1024,576,false],"1536x1536":["https:\/\/ecocaminhos.com\/wp-content\/uploads\/2018\/02\/FIMI0045-scaled-e1634062413485.jpg",1200,675,false],"2048x2048":["https:\/\/ecocaminhos.com\/wp-content\/uploads\/2018\/02\/FIMI0045-scaled-e1634062413485.jpg",1200,675,false],"classic-grid-listing":["https:\/\/ecocaminhos.com\/wp-content\/uploads\/2018\/02\/FIMI0045-scaled-e1634062413485.jpg",600,338,false],"classic-list-listing":["https:\/\/ecocaminhos.com\/wp-content\/uploads\/2018\/02\/FIMI0045-scaled-e1634062413485.jpg",280,158,false],"modern-grid-listing":["https:\/\/ecocaminhos.com\/wp-content\/uploads\/2018\/02\/FIMI0045-scaled-e1634062413485.jpg",600,338,false],"product-page-image":["https:\/\/ecocaminhos.com\/wp-content\/uploads\/2018\/02\/FIMI0045-scaled-e1634062413485.jpg",600,338,false],"product-category-page-image":["https:\/\/ecocaminhos.com\/wp-content\/uploads\/2018\/02\/FIMI0045-scaled-e1634062413485.jpg",600,338,false],"swmsc-related-posts":["https:\/\/ecocaminhos.com\/wp-content\/uploads\/2018\/02\/FIMI0045-scaled-e1634062413485.jpg",500,281,false],"swmsc-recent-post-tiny":["https:\/\/ecocaminhos.com\/wp-content\/uploads\/2018\/02\/FIMI0045-scaled-e1634062413485.jpg",90,51,false],"swmsc-grid-image":["https:\/\/ecocaminhos.com\/wp-content\/uploads\/2018\/02\/FIMI0045-scaled-e1634062413485.jpg",670,377,false],"swmsc-square-image":["https:\/\/ecocaminhos.com\/wp-content\/uploads\/2018\/02\/FIMI0045-scaled-e1634062413485.jpg",670,377,false],"swmsc-blog-featured":["https:\/\/ecocaminhos.com\/wp-content\/uploads\/2018\/02\/FIMI0045-scaled-e1634062413485.jpg",850,478,false],"woocommerce_thumbnail":["https:\/\/ecocaminhos.com\/wp-content\/uploads\/2018\/02\/FIMI0045-scaled-e1634062413485-150x150.jpg",150,150,true],"woocommerce_single":["https:\/\/ecocaminhos.com\/wp-content\/uploads\/2018\/02\/FIMI0045-scaled-e1634062413485-300x169.jpg",300,169,true],"woocommerce_gallery_thumbnail":["https:\/\/ecocaminhos.com\/wp-content\/uploads\/2018\/02\/FIMI0045-scaled-e1634062413485-100x100.jpg",100,100,true],"ecoworld-blog-featured":["https:\/\/ecocaminhos.com\/wp-content\/uploads\/2018\/02\/FIMI0045-scaled-e1634062413485.jpg",850,478,false],"ecoworld-blog-full":["https:\/\/ecocaminhos.com\/wp-content\/uploads\/2018\/02\/FIMI0045-scaled-e1634062413485.jpg",924,520,false],"ecoworld-related-posts":["https:\/\/ecocaminhos.com\/wp-content\/uploads\/2018\/02\/FIMI0045-scaled-e1634062413485.jpg",500,281,false],"ecoworld-recent-post-tiny":["https:\/\/ecocaminhos.com\/wp-content\/uploads\/2018\/02\/FIMI0045-scaled-e1634062413485.jpg",90,51,false],"ecoworld-grid-image":["https:\/\/ecocaminhos.com\/wp-content\/uploads\/2018\/02\/FIMI0045-scaled-e1634062413485.jpg",670,377,false],"ecoworld-standard":["https:\/\/ecocaminhos.com\/wp-content\/uploads\/2018\/02\/FIMI0045-scaled-e1634062413485.jpg",670,377,false],"ecoworld-square-image":["https:\/\/ecocaminhos.com\/wp-content\/uploads\/2018\/02\/FIMI0045-scaled-e1634062413485.jpg",670,377,false]},"rttpg_author":{"display_name":"Nnamdi","author_link":"https:\/\/ecocaminhos.com\/sp\/blog\/author\/nnamdi\/"},"rttpg_comment":0,"rttpg_category":" <a href=\"https:\/\/ecocaminhos.com\/sp\/blog\/category\/agroforesteria-2\/\" rel=\"tag\">Agroforesteria<\/a><a href=\"https:\/\/ecocaminhos.com\/sp\/blog\/category\/education\/\" rel=\"tag\">Educaci\u00f3n<\/a><a href=\"https:\/\/ecocaminhos.com\/sp\/blog\/category\/permaculture\/\" rel=\"tag\">Permacultura<\/a><a href=\"https:\/\/ecocaminhos.com\/sp\/blog\/category\/tourism\/\" rel=\"tag\">Turismo<\/a><a href=\"https:\/\/ecocaminhos.com\/sp\/blog\/category\/volunteering\/\" rel=\"tag\">Voluntariado<\/a>","rttpg_excerpt":"[vc_column_text] La agroforester\u00eda el futuro de la agricultura para nuestro planeta La Agroforesteria es uno de los principales proyectos de Eco Caminhos. Para nosotros este proyecto es la manera ideal [&hellip;]","post_mailing_queue_ids":[],"_links":{"self":[{"href":"https:\/\/ecocaminhos.com\/sp\/wp-json\/wp\/v2\/pages\/20571","targetHints":{"allow":["GET"]}}],"collection":[{"href":"https:\/\/ecocaminhos.com\/sp\/wp-json\/wp\/v2\/pages"}],"about":[{"href":"https:\/\/ecocaminhos.com\/sp\/wp-json\/wp\/v2\/types\/page"}],"author":[{"embeddable":true,"href":"https:\/\/ecocaminhos.com\/sp\/wp-json\/wp\/v2\/users\/9"}],"replies":[{"embeddable":true,"href":"https:\/\/ecocaminhos.com\/sp\/wp-json\/wp\/v2\/comments?post=20571"}],"version-history":[{"count":0,"href":"https:\/\/ecocaminhos.com\/sp\/wp-json\/wp\/v2\/pages\/20571\/revisions"}],"wp:featuredmedia":[{"embeddable":true,"href":"https:\/\/ecocaminhos.com\/sp\/wp-json\/wp\/v2\/media\/20123"}],"wp:attachment":[{"href":"https:\/\/ecocaminhos.com\/sp\/wp-json\/wp\/v2\/media?parent=20571"}],"wp:term":[{"taxonomy":"category","embeddable":true,"href":"https:\/\/ecocaminhos.com\/sp\/wp-json\/wp\/v2\/categories?post=20571"},{"taxonomy":"post_tag","embeddable":true,"href":"https:\/\/ecocaminhos.com\/sp\/wp-json\/wp\/v2\/tags?post=20571"}],"curies":[{"name":"wp","href":"https:\/\/api.w.org\/{rel}","templated":true}]}}