{"id":28884,"date":"2025-09-12T15:12:05","date_gmt":"2025-09-12T18:12:05","guid":{"rendered":"https:\/\/ecocaminhos.com\/?page_id=28884"},"modified":"2025-10-10T14:31:57","modified_gmt":"2025-10-10T17:31:57","slug":"portugues-da-horta-para-a-mesa","status":"publish","type":"page","link":"https:\/\/ecocaminhos.com\/sp\/portugues-da-horta-para-a-mesa\/","title":{"rendered":"(Portugu\u00eas) Passeio Escolar na Natureza"},"content":{"rendered":"<p class=\"qtranxs-available-languages-message qtranxs-available-languages-message-sp\">Disculpa, pero esta entrada est\u00e1 disponible s\u00f3lo en <a href=\"https:\/\/ecocaminhos.com\/br\/wp-json\/wp\/v2\/pages\/28884\" class=\"qtranxs-available-language-link qtranxs-available-language-link-br\" title=\"Portugu\u00eas\">Portugu\u00eas<\/a>.<\/p>","protected":false},"excerpt":{"rendered":"<p>Disculpa, pero esta entrada est\u00e1 disponible s\u00f3lo en Portugu\u00eas.<\/p>\n","protected":false},"author":39,"featured_media":0,"parent":0,"menu_order":0,"comment_status":"closed","ping_status":"closed","template":"","meta":{"footnotes":"","_links_to":"","_links_to_target":""},"categories":[],"tags":[],"class_list":["post-28884","page","type-page","status-publish","hentry"],"rttpg_featured_image_url":null,"rttpg_author":{"display_name":"Jonathan Belarmino","author_link":"https:\/\/ecocaminhos.com\/sp\/blog\/author\/jonathan-mbelarmino\/"},"rttpg_comment":0,"rttpg_category":false,"rttpg_excerpt":"Disculpa, pero esta entrada est\u00e1 disponible s\u00f3lo en Portugu\u00eas.","post_mailing_queue_ids":[],"_links":{"self":[{"href":"https:\/\/ecocaminhos.com\/sp\/wp-json\/wp\/v2\/pages\/28884","targetHints":{"allow":["GET"]}}],"collection":[{"href":"https:\/\/ecocaminhos.com\/sp\/wp-json\/wp\/v2\/pages"}],"about":[{"href":"https:\/\/ecocaminhos.com\/sp\/wp-json\/wp\/v2\/types\/page"}],"author":[{"embeddable":true,"href":"https:\/\/ecocaminhos.com\/sp\/wp-json\/wp\/v2\/users\/39"}],"replies":[{"embeddable":true,"href":"https:\/\/ecocaminhos.com\/sp\/wp-json\/wp\/v2\/comments?post=28884"}],"version-history":[{"count":137,"href":"https:\/\/ecocaminhos.com\/sp\/wp-json\/wp\/v2\/pages\/28884\/revisions"}],"predecessor-version":[{"id":29072,"href":"https:\/\/ecocaminhos.com\/sp\/wp-json\/wp\/v2\/pages\/28884\/revisions\/29072"}],"wp:attachment":[{"href":"https:\/\/ecocaminhos.com\/sp\/wp-json\/wp\/v2\/media?parent=28884"}],"wp:term":[{"taxonomy":"category","embeddable":true,"href":"https:\/\/ecocaminhos.com\/sp\/wp-json\/wp\/v2\/categories?post=28884"},{"taxonomy":"post_tag","embeddable":true,"href":"https:\/\/ecocaminhos.com\/sp\/wp-json\/wp\/v2\/tags?post=28884"}],"curies":[{"name":"wp","href":"https:\/\/api.w.org\/{rel}","templated":true}]}}