{"id":4444,"date":"2018-05-17T15:38:19","date_gmt":"2018-05-17T18:38:19","guid":{"rendered":"http:\/\/ecocaminhos.com\/?page_id=4444"},"modified":"2018-05-17T15:38:19","modified_gmt":"2018-05-17T18:38:19","slug":"education","status":"publish","type":"page","link":"https:\/\/ecocaminhos.com\/sp\/educacion\/","title":{"rendered":"Educaci\u00f3n"},"content":{"rendered":"<div class=\"wpb-content-wrapper\">[vc_row][vc_column][vc_column_text]\n<h2>Educaci\u00f3n<\/h2>\n<p>Eco Caminhos ofrece 3 programas educativos:<\/p>\n<ol>\n<li><strong><a href=\"\/sp\/cursos-para-grupos-universitarios\/\"><span style=\"color: #ff6600;\">Grupos Universitarios<\/span><\/a><\/strong><\/li>\n<li><strong><span style=\"color: #ff6600;\"><a style=\"color: #ff6600;\" href=\"\/sp\/apprenticeship-programme\/\">Programa de aprendizaje<\/a><\/span><\/strong><\/li>\n<li>Experiencias escolares<\/li>\n<\/ol>\n<p>&nbsp;<\/p>\n<p><a class=\"tcolor\" href=\"\/sp\/contato\/\">\u00a1 Cont\u00e1ctenos<\/a> para obtener m\u00e1s informaci\u00f3n sobre estas oportunidades educativas![\/vc_column_text][\/vc_column][\/vc_row]\n<\/div>","protected":false},"excerpt":{"rendered":"<p>[vc_row][vc_column][vc_column_text] Educaci\u00f3n Eco Caminhos ofrece 3 programas educativos: Grupos Universitarios Programa de aprendizaje Experiencias escolares &nbsp; \u00a1 Cont\u00e1ctenos para obtener m\u00e1s informaci\u00f3n sobre estas oportunidades educativas![\/vc_column_text][\/vc_column][\/vc_row]<\/p>\n","protected":false},"author":9,"featured_media":0,"parent":0,"menu_order":0,"comment_status":"closed","ping_status":"closed","template":"","meta":{"footnotes":"","_links_to":"","_links_to_target":""},"categories":[295],"tags":[],"class_list":["post-4444","page","type-page","status-publish","hentry","category-education"],"rttpg_featured_image_url":null,"rttpg_author":{"display_name":"Nnamdi","author_link":"https:\/\/ecocaminhos.com\/sp\/blog\/author\/nnamdi\/"},"rttpg_comment":0,"rttpg_category":" <a href=\"https:\/\/ecocaminhos.com\/sp\/blog\/category\/education\/\" rel=\"tag\">Educaci\u00f3n<\/a>","rttpg_excerpt":"[vc_row][vc_column][vc_column_text] Educaci\u00f3n Eco Caminhos ofrece 3 programas educativos: Grupos Universitarios Programa de aprendizaje Experiencias escolares &nbsp; \u00a1 Cont\u00e1ctenos para obtener m\u00e1s informaci\u00f3n sobre estas oportunidades educativas![\/vc_column_text][\/vc_column][\/vc_row]","post_mailing_queue_ids":[],"_links":{"self":[{"href":"https:\/\/ecocaminhos.com\/sp\/wp-json\/wp\/v2\/pages\/4444","targetHints":{"allow":["GET"]}}],"collection":[{"href":"https:\/\/ecocaminhos.com\/sp\/wp-json\/wp\/v2\/pages"}],"about":[{"href":"https:\/\/ecocaminhos.com\/sp\/wp-json\/wp\/v2\/types\/page"}],"author":[{"embeddable":true,"href":"https:\/\/ecocaminhos.com\/sp\/wp-json\/wp\/v2\/users\/9"}],"replies":[{"embeddable":true,"href":"https:\/\/ecocaminhos.com\/sp\/wp-json\/wp\/v2\/comments?post=4444"}],"version-history":[{"count":0,"href":"https:\/\/ecocaminhos.com\/sp\/wp-json\/wp\/v2\/pages\/4444\/revisions"}],"wp:attachment":[{"href":"https:\/\/ecocaminhos.com\/sp\/wp-json\/wp\/v2\/media?parent=4444"}],"wp:term":[{"taxonomy":"category","embeddable":true,"href":"https:\/\/ecocaminhos.com\/sp\/wp-json\/wp\/v2\/categories?post=4444"},{"taxonomy":"post_tag","embeddable":true,"href":"https:\/\/ecocaminhos.com\/sp\/wp-json\/wp\/v2\/tags?post=4444"}],"curies":[{"name":"wp","href":"https:\/\/api.w.org\/{rel}","templated":true}]}}