{"id":5267,"date":"2018-11-18T09:52:50","date_gmt":"2018-11-18T11:52:50","guid":{"rendered":"http:\/\/ecocaminhos.com\/?page_id=5267"},"modified":"2018-11-18T09:52:50","modified_gmt":"2018-11-18T11:52:50","slug":"new-project-1-2-2","status":"publish","type":"page","link":"https:\/\/ecocaminhos.com\/sp\/paseo-caballo\/","title":{"rendered":"New project 3"},"content":{"rendered":"Contrary to popular belief, Lorem Ipsum is not simply random text. It has roots in a piece of classical Latin literature from 45 BC, making it over 2000 years old. Richard McClintock, a Latin professor at Hampden-Sydney College in Virginia, looked up one of the more obscure Latin words, consectetur, from a Lorem Ipsum passage, and going through the cites of the word in classical literature, discovered the undoubtable source. Lorem Ipsum comes from sections 1.10.32 and 1.10.33 of \u00abde Finibus Bonorum et Malorum\u00bb (The Extremes of Good and Evil) by Cicero, written in 45 BC. This book is a treatise on the theory of ethics, very popular during the Renaissance. The first line of Lorem Ipsum, \u00abLorem ipsum dolor sit amet..\u00bb, comes from a line in section 1.10.32.","protected":false},"excerpt":{"rendered":"<p>Este pacote tur\u00edstico muito especial lhe dar\u00e1 um passeio completo pelo Rio de Janeiro com uma noite em Nova Friburgo antes e depois de seus 6 dias no centro da cidade do Rio de Janeiro. Este tour est\u00e1 dispon\u00edvel de 2 a 10 de dezembro. O custo \u00e9 de R $ 500. RESERVAR AHORA!<\/p>\n","protected":false},"author":9,"featured_media":0,"parent":0,"menu_order":0,"comment_status":"closed","ping_status":"closed","template":"","meta":{"footnotes":"","_links_to":"","_links_to_target":""},"categories":[297],"tags":[],"class_list":["post-5267","page","type-page","status-publish","hentry","category-tourism"],"rttpg_featured_image_url":null,"rttpg_author":{"display_name":"Nnamdi","author_link":"https:\/\/ecocaminhos.com\/sp\/blog\/author\/nnamdi\/"},"rttpg_comment":0,"rttpg_category":" <a href=\"https:\/\/ecocaminhos.com\/sp\/blog\/category\/tourism\/\" rel=\"tag\">Turismo<\/a>","rttpg_excerpt":"Este pacote tur\u00edstico muito especial lhe dar\u00e1 um passeio completo pelo Rio de Janeiro com uma noite em Nova Friburgo antes e depois de seus 6 dias no centro da cidade do Rio de Janeiro. Este tour est\u00e1 dispon\u00edvel de 2 a 10 de dezembro. O custo \u00e9 de R $ 500. RESERVAR AHORA!","post_mailing_queue_ids":[],"_links":{"self":[{"href":"https:\/\/ecocaminhos.com\/sp\/wp-json\/wp\/v2\/pages\/5267","targetHints":{"allow":["GET"]}}],"collection":[{"href":"https:\/\/ecocaminhos.com\/sp\/wp-json\/wp\/v2\/pages"}],"about":[{"href":"https:\/\/ecocaminhos.com\/sp\/wp-json\/wp\/v2\/types\/page"}],"author":[{"embeddable":true,"href":"https:\/\/ecocaminhos.com\/sp\/wp-json\/wp\/v2\/users\/9"}],"replies":[{"embeddable":true,"href":"https:\/\/ecocaminhos.com\/sp\/wp-json\/wp\/v2\/comments?post=5267"}],"version-history":[{"count":0,"href":"https:\/\/ecocaminhos.com\/sp\/wp-json\/wp\/v2\/pages\/5267\/revisions"}],"wp:attachment":[{"href":"https:\/\/ecocaminhos.com\/sp\/wp-json\/wp\/v2\/media?parent=5267"}],"wp:term":[{"taxonomy":"category","embeddable":true,"href":"https:\/\/ecocaminhos.com\/sp\/wp-json\/wp\/v2\/categories?post=5267"},{"taxonomy":"post_tag","embeddable":true,"href":"https:\/\/ecocaminhos.com\/sp\/wp-json\/wp\/v2\/tags?post=5267"}],"curies":[{"name":"wp","href":"https:\/\/api.w.org\/{rel}","templated":true}]}}