{"id":7707,"date":"2020-06-09T14:40:46","date_gmt":"2020-06-09T17:40:46","guid":{"rendered":"http:\/\/ecocaminhos.com\/?page_id=7707"},"modified":"2020-06-09T14:40:46","modified_gmt":"2020-06-09T17:40:46","slug":"1-day-eco-farm-touristic-experience-2","status":"publish","type":"page","link":"https:\/\/ecocaminhos.com\/sp\/paquete-de-2-3-dias\/","title":{"rendered":"2-3 Dias de turismo en la Eco Hacienda\u00a0"},"content":{"rendered":"<div class=\"pt-cv-wrapper\"><div class=\"pt-cv-view pt-cv-blockgrid iscvblock iscvhybrid grid1 layout1\" id=\"pt-cv-view-633ba618rh\"><div data-id=\"pt-cv-page-1\" class=\"pt-cv-page\" data-cvc=\"3\"><div class=\" pt-cv-content-item pt-cv-1-col\"  data-pid=\"5818\"><div class=\"pt-cv-thumb-wrapper  \"><a href=\"https:\/\/ecocaminhos.com\/sp\/familia-ninos-experiencia\/\" class=\"_self pt-cv-href-thumbnail pt-cv-thumb-default cvplbd\" target=\"_self\" ><img loading=\"lazy\" decoding=\"async\" width=\"500\" height=\"344\" src=\"https:\/\/ecocaminhos.com\/wp-content\/uploads\/2024\/01\/children-eco-caminhos-permaculture-experience-1-500x344.webp\" class=\"pt-cv-thumbnail no-lazyload \" alt=\"Experiencia con la familia (2-3 d\u00edas)\" title=\"\"><\/a><\/div>\n<h4 class=\"pt-cv-title\"><a href=\"https:\/\/ecocaminhos.com\/sp\/familia-ninos-experiencia\/\" class=\"_self cvplbd\" target=\"_self\" >Experiencia con la familia (2-3 d\u00edas)<\/a><\/h4>\n<div class=\"pt-cv-content\"><a class=\"subt\" style=\"list-style-type: none; padding-bottom: 5px;\">De R$ 1700 P.P. (50% disc. 2nd persona)<\/a> <ul class=\"fancy_list\"> <li class=\"check_list green_sprite tbold subtext\">Casa de familia en hermosa casa de bioconstrucci\u00f3n<\/li> <li class=\"check_list green_sprite tbold subtext\">Taller de bioconstrucci\u00f3n o agroforester\u00eda<\/li> <li class=\"check_list green_sprite subtext\">Alimenta a la gallina, recoge huevos, planta y cosecha<\/li> <li class=\"check_list green_sprite subtext\">Pensi\u00f3n completa con ingredientes de nuestro propio huerto<\/li> <li class=\"check_list green_sprite subtext\">Caminata, b\u00fasqueda del tesoro o visita la cascada<\/li> <li class=\"check_list green_sprite subtext\">Habitaci\u00f3n y ba\u00f1o ...<br \/><div class=\"pt-cv-rmwrap\"><a href=\"https:\/\/ecocaminhos.com\/sp\/familia-ninos-experiencia\/\" class=\"_self pt-cv-readmore btn btn-success cvplbd\" target=\"_self\">Leer m\u00e1s<\/a><\/div><\/li><\/ul><\/div><\/div>\n<div class=\" pt-cv-content-item pt-cv-1-col\"  data-pid=\"5794\"><div class=\"pt-cv-thumb-wrapper  \"><a href=\"https:\/\/ecocaminhos.com\/sp\/2-3-dias-hacienda-ecologica-turismo\/\" class=\"_self pt-cv-href-thumbnail pt-cv-thumb-default cvplbd\" target=\"_self\" ><img loading=\"lazy\" decoding=\"async\" width=\"344\" height=\"344\" src=\"https:\/\/ecocaminhos.com\/wp-content\/uploads\/2021\/01\/eco-experiencie-permaculture.jpg\" class=\"pt-cv-thumbnail no-lazyload \" alt=\"Experiencia pr\u00e1ctica en la granja ecol\u00f3gica (2-3 d\u00edas)\" title=\"\"><\/a><\/div>\n<h4 class=\"pt-cv-title\"><a href=\"https:\/\/ecocaminhos.com\/sp\/2-3-dias-hacienda-ecologica-turismo\/\" class=\"_self cvplbd\" target=\"_self\" >Experiencia pr\u00e1ctica en la granja ecol\u00f3gica (2-3 d\u00edas)<\/a><\/h4>\n<div class=\"pt-cv-content\"><a class=\"subt\" style=\"list-style-type: none; padding-bottom: 5px;\">De R$ 1700 P.P. (50% disc. 2nd persona)<\/a> <ul class=\"fancy_list\"> <li class=\"check_list green_sprite tbold subtext\">Taller de Bioconstrucci\u00f3n y Agroforester\u00eda<\/li> <li class=\"check_list green_sprite subtext\">Hosp\u00e9date en hermosa casa de bioconstrucci\u00f3n<\/li> <li class=\"check_list green_sprite subtext\">Trabajo pr\u00e1ctico en la granja<\/li> <li class=\"check_list green_sprite subtext\">Almuerzo C\u00e1lido con productos org\u00e1nicos de la finca<\/li> <li class=\"check_list green_sprite subtext\">Experimente la vida y el trabajo en una granja ecol\u00f3gica<\/li> <li class=\"check_list green_sprite subtext\">Visita a la granja<\/li> <\/ul> ...<br \/><div class=\"pt-cv-rmwrap\"><a href=\"https:\/\/ecocaminhos.com\/sp\/2-3-dias-hacienda-ecologica-turismo\/\" class=\"_self pt-cv-readmore btn btn-success cvplbd\" target=\"_self\">Leer m\u00e1s<\/a><\/div><\/div><\/div>\n<div class=\" pt-cv-content-item pt-cv-1-col\"  data-pid=\"5811\"><div class=\"pt-cv-thumb-wrapper  \"><a href=\"https:\/\/ecocaminhos.com\/sp\/hacienda-caminata-2-3-dias\/\" class=\"_self pt-cv-href-thumbnail pt-cv-thumb-default cvplbd\" target=\"_self\" ><img loading=\"lazy\" decoding=\"async\" width=\"500\" height=\"344\" src=\"https:\/\/ecocaminhos.com\/wp-content\/uploads\/2024\/01\/60eco-farm-experience-hands-on-500x344.jpg\" class=\"pt-cv-thumbnail no-lazyload \" alt=\"60+ Experiencia Ecol\u00f3gica en la Granja (2-3 dias)\" title=\"\"><\/a><\/div>\n<h4 class=\"pt-cv-title\"><a href=\"https:\/\/ecocaminhos.com\/sp\/hacienda-caminata-2-3-dias\/\" class=\"_self cvplbd\" target=\"_self\" >60+ Experiencia Ecol\u00f3gica en la Granja (2-3 dias)<\/a><\/h4>\n<div class=\"pt-cv-content\"><a class=\"subt\" style=\"list-style-type: none; padding-bottom: 5px;\">De R$ 1700 P.P. (50% disc. 2nd persona)<\/a> <ul class=\"fancy_list\"> <li class=\"check_list green_sprite tbold subtext\">Taller de Bioconstrucci\u00f3n y Agroforester\u00eda<\/li> <li class=\"check_list green_sprite subtext\">Hosp\u00e9date en hermosa casa de bioconstrucci\u00f3n<\/li> <li class=\"check_list green_sprite subtext\">Trabajo pr\u00e1ctico en la granja<\/li> <li class=\"check_list green_sprite subtext\">Almuerzo C\u00e1lido con productos org\u00e1nicos de la finca<\/li> <li class=\"check_list green_sprite subtext\">Experimente la vida y el trabajo en una granja ecol\u00f3gica<\/li> <li class=\"check_list green_sprite subtext\">Visita a la granja<\/li> <\/ul> ...<br \/><div class=\"pt-cv-rmwrap\"><a href=\"https:\/\/ecocaminhos.com\/sp\/hacienda-caminata-2-3-dias\/\" class=\"_self pt-cv-readmore btn btn-success cvplbd\" target=\"_self\">Leer m\u00e1s<\/a><\/div><\/div><\/div><\/div><\/div><\/div>\t\t\t<style type=\"text\/css\" id=\"pt-cv-inline-style-d9c5b6bby5\">\n#pt-cv-view-633ba618rh .pt-cv-thumb-wrapper:not(.miniwrap) {  }#pt-cv-view-633ba618rh .pt-cv-thumbnail:not(.pt-cv-thumbnailsm) { height: 250px; }#pt-cv-view-633ba618rh > .pt-cv-page {grid-template-columns: repeat(3, 1fr);grid-gap: 15px;}\n@media all and (max-width: 1024px) { \n#pt-cv-view-633ba618rh > .pt-cv-page {grid-template-columns: repeat(4, 1fr);}\n} \n@media all and (max-width: 767px) { \n#pt-cv-view-633ba618rh > .pt-cv-page {grid-template-columns: repeat(1, 1fr);}\n} <\/style>\r\n\t\t\t\t\t\t<style type=\"text\/css\" id=\"pt-cv-inline-style-698ba1e8ip\">#pt-cv-view-633ba618rh .pt-cv-title a, #pt-cv-view-633ba618rh  .panel-title { font-weight: 600 !important; }\n#pt-cv-view-633ba618rh .pt-cv-readmore  { color: #ffffff !important; background-color: #00aeef !important; }\n#pt-cv-view-633ba618rh .pt-cv-readmore:hover  { color: #ffffff !important; background-color: #00aeef !important; }\n#pt-cv-view-633ba618rh  + .pt-cv-pagination-wrapper .pt-cv-more , #pt-cv-view-633ba618rh  + .pt-cv-pagination-wrapper .pagination .active a { color: #ffffff !important; background-color: #00aeef !important; }<\/style>\r\n\t\t\t\n","protected":false},"excerpt":{"rendered":"Experiencia con la familia (2-3 d\u00edas) De R$ 1700 P.P. (50% disc. 2nd persona) Casa de familia en hermosa casa de bioconstrucci\u00f3n Taller de bioconstrucci\u00f3n o agroforester\u00eda Alimenta a la [...]","protected":false},"author":9,"featured_media":5965,"parent":0,"menu_order":0,"comment_status":"closed","ping_status":"closed","template":"","meta":{"footnotes":"","_links_to":"","_links_to_target":""},"categories":[297],"tags":[],"class_list":["post-7707","page","type-page","status-publish","has-post-thumbnail","hentry","category-tourism"],"rttpg_featured_image_url":{"full":["https:\/\/ecocaminhos.com\/wp-content\/uploads\/2019\/06\/eco-farm-brazil-bioconstruction-permaculture-agroforestry-scaled.jpg",2560,887,false],"landscape":["https:\/\/ecocaminhos.com\/wp-content\/uploads\/2019\/06\/eco-farm-brazil-bioconstruction-permaculture-agroforestry-scaled.jpg",2560,887,false],"portraits":["https:\/\/ecocaminhos.com\/wp-content\/uploads\/2019\/06\/eco-farm-brazil-bioconstruction-permaculture-agroforestry-scaled.jpg",2560,887,false],"thumbnail":["https:\/\/ecocaminhos.com\/wp-content\/uploads\/2019\/06\/eco-farm-brazil-bioconstruction-permaculture-agroforestry-150x150.jpg",150,150,true],"medium":["https:\/\/ecocaminhos.com\/wp-content\/uploads\/2019\/06\/eco-farm-brazil-bioconstruction-permaculture-agroforestry-300x104.jpg",300,104,true],"large":["https:\/\/ecocaminhos.com\/wp-content\/uploads\/2019\/06\/eco-farm-brazil-bioconstruction-permaculture-agroforestry-1024x355.jpg",1024,355,true],"1536x1536":["https:\/\/ecocaminhos.com\/wp-content\/uploads\/2019\/06\/eco-farm-brazil-bioconstruction-permaculture-agroforestry-scaled.jpg",1536,532,false],"2048x2048":["https:\/\/ecocaminhos.com\/wp-content\/uploads\/2019\/06\/eco-farm-brazil-bioconstruction-permaculture-agroforestry-scaled.jpg",2048,710,false],"classic-grid-listing":["https:\/\/ecocaminhos.com\/wp-content\/uploads\/2019\/06\/eco-farm-brazil-bioconstruction-permaculture-agroforestry-scaled.jpg",600,208,false],"classic-list-listing":["https:\/\/ecocaminhos.com\/wp-content\/uploads\/2019\/06\/eco-farm-brazil-bioconstruction-permaculture-agroforestry-scaled.jpg",280,97,false],"modern-grid-listing":["https:\/\/ecocaminhos.com\/wp-content\/uploads\/2019\/06\/eco-farm-brazil-bioconstruction-permaculture-agroforestry-scaled.jpg",600,208,false],"product-page-image":["https:\/\/ecocaminhos.com\/wp-content\/uploads\/2019\/06\/eco-farm-brazil-bioconstruction-permaculture-agroforestry-scaled.jpg",600,208,false],"product-category-page-image":["https:\/\/ecocaminhos.com\/wp-content\/uploads\/2019\/06\/eco-farm-brazil-bioconstruction-permaculture-agroforestry-scaled.jpg",600,208,false],"swmsc-related-posts":["https:\/\/ecocaminhos.com\/wp-content\/uploads\/2019\/06\/eco-farm-brazil-bioconstruction-permaculture-agroforestry-scaled.jpg",500,173,false],"swmsc-recent-post-tiny":["https:\/\/ecocaminhos.com\/wp-content\/uploads\/2019\/06\/eco-farm-brazil-bioconstruction-permaculture-agroforestry-scaled.jpg",90,31,false],"swmsc-grid-image":["https:\/\/ecocaminhos.com\/wp-content\/uploads\/2019\/06\/eco-farm-brazil-bioconstruction-permaculture-agroforestry-scaled.jpg",670,232,false],"swmsc-square-image":["https:\/\/ecocaminhos.com\/wp-content\/uploads\/2019\/06\/eco-farm-brazil-bioconstruction-permaculture-agroforestry-scaled.jpg",670,232,false],"swmsc-blog-featured":["https:\/\/ecocaminhos.com\/wp-content\/uploads\/2019\/06\/eco-farm-brazil-bioconstruction-permaculture-agroforestry-scaled.jpg",850,295,false],"woocommerce_thumbnail":["https:\/\/ecocaminhos.com\/wp-content\/uploads\/2019\/06\/eco-farm-brazil-bioconstruction-permaculture-agroforestry-scaled-150x150.jpg",150,150,true],"woocommerce_single":["https:\/\/ecocaminhos.com\/wp-content\/uploads\/2019\/06\/eco-farm-brazil-bioconstruction-permaculture-agroforestry-300x104.jpg",300,104,true],"woocommerce_gallery_thumbnail":["https:\/\/ecocaminhos.com\/wp-content\/uploads\/2019\/06\/eco-farm-brazil-bioconstruction-permaculture-agroforestry-scaled-100x100.jpg",100,100,true],"ecoworld-blog-featured":["https:\/\/ecocaminhos.com\/wp-content\/uploads\/2019\/06\/eco-farm-brazil-bioconstruction-permaculture-agroforestry-scaled.jpg",850,295,false],"ecoworld-blog-full":["https:\/\/ecocaminhos.com\/wp-content\/uploads\/2019\/06\/eco-farm-brazil-bioconstruction-permaculture-agroforestry-scaled.jpg",1440,499,false],"ecoworld-related-posts":["https:\/\/ecocaminhos.com\/wp-content\/uploads\/2019\/06\/eco-farm-brazil-bioconstruction-permaculture-agroforestry-scaled.jpg",500,173,false],"ecoworld-recent-post-tiny":["https:\/\/ecocaminhos.com\/wp-content\/uploads\/2019\/06\/eco-farm-brazil-bioconstruction-permaculture-agroforestry-scaled.jpg",90,31,false],"ecoworld-grid-image":["https:\/\/ecocaminhos.com\/wp-content\/uploads\/2019\/06\/eco-farm-brazil-bioconstruction-permaculture-agroforestry-scaled.jpg",670,232,false],"ecoworld-standard":["https:\/\/ecocaminhos.com\/wp-content\/uploads\/2019\/06\/eco-farm-brazil-bioconstruction-permaculture-agroforestry-scaled.jpg",670,232,false],"ecoworld-square-image":["https:\/\/ecocaminhos.com\/wp-content\/uploads\/2019\/06\/eco-farm-brazil-bioconstruction-permaculture-agroforestry-scaled.jpg",670,232,false]},"rttpg_author":{"display_name":"Nnamdi","author_link":"https:\/\/ecocaminhos.com\/sp\/blog\/author\/nnamdi\/"},"rttpg_comment":0,"rttpg_category":" <a href=\"https:\/\/ecocaminhos.com\/sp\/blog\/category\/tourism\/\" rel=\"tag\">Turismo<\/a>","rttpg_excerpt":null,"post_mailing_queue_ids":[],"_links":{"self":[{"href":"https:\/\/ecocaminhos.com\/sp\/wp-json\/wp\/v2\/pages\/7707","targetHints":{"allow":["GET"]}}],"collection":[{"href":"https:\/\/ecocaminhos.com\/sp\/wp-json\/wp\/v2\/pages"}],"about":[{"href":"https:\/\/ecocaminhos.com\/sp\/wp-json\/wp\/v2\/types\/page"}],"author":[{"embeddable":true,"href":"https:\/\/ecocaminhos.com\/sp\/wp-json\/wp\/v2\/users\/9"}],"replies":[{"embeddable":true,"href":"https:\/\/ecocaminhos.com\/sp\/wp-json\/wp\/v2\/comments?post=7707"}],"version-history":[{"count":0,"href":"https:\/\/ecocaminhos.com\/sp\/wp-json\/wp\/v2\/pages\/7707\/revisions"}],"wp:featuredmedia":[{"embeddable":true,"href":"https:\/\/ecocaminhos.com\/sp\/wp-json\/wp\/v2\/media\/5965"}],"wp:attachment":[{"href":"https:\/\/ecocaminhos.com\/sp\/wp-json\/wp\/v2\/media?parent=7707"}],"wp:term":[{"taxonomy":"category","embeddable":true,"href":"https:\/\/ecocaminhos.com\/sp\/wp-json\/wp\/v2\/categories?post=7707"},{"taxonomy":"post_tag","embeddable":true,"href":"https:\/\/ecocaminhos.com\/sp\/wp-json\/wp\/v2\/tags?post=7707"}],"curies":[{"name":"wp","href":"https:\/\/api.w.org\/{rel}","templated":true}]}}