{"id":7719,"date":"2020-06-09T14:51:03","date_gmt":"2020-06-09T17:51:03","guid":{"rendered":"http:\/\/ecocaminhos.com\/?page_id=7719"},"modified":"2020-06-09T14:51:03","modified_gmt":"2020-06-09T17:51:03","slug":"1-day-eco-farm-touristic-experience-2-2","status":"publish","type":"page","link":"https:\/\/ecocaminhos.com\/sp\/paquete-de-4-7-dias\/","title":{"rendered":"4-7 Dias de turismo en la Eco Hacienda\u00a0"},"content":{"rendered":"<div class=\"wpb-content-wrapper\">[vc_row][vc_column][vc_column_text]<div class=\"pt-cv-wrapper\"><div class=\"pt-cv-view pt-cv-blockgrid iscvblock iscvhybrid grid1 layout1\" id=\"pt-cv-view-a43e81c0sj\"><div data-id=\"pt-cv-page-1\" class=\"pt-cv-page\" data-cvc=\"3\"><div class=\" pt-cv-content-item pt-cv-1-col\"  data-pid=\"7791\"><div class=\"pt-cv-thumb-wrapper  \"><a href=\"https:\/\/ecocaminhos.com\/sp\/familia-ninos-experiencia-4-7-dias\/\" class=\"_self pt-cv-href-thumbnail pt-cv-thumb-default cvplbd\" target=\"_self\" ><img loading=\"lazy\" decoding=\"async\" width=\"548\" height=\"384\" src=\"https:\/\/ecocaminhos.com\/wp-content\/uploads\/2021\/01\/farming-children-family-brazil-eco-farm-small.jpg\" class=\"pt-cv-thumbnail no-lazyload \" alt=\"Experiencia con la familia (4-7 d\u00edas)\" title=\"\"><\/a><\/div>\n<h4 class=\"pt-cv-title\"><a href=\"https:\/\/ecocaminhos.com\/sp\/familia-ninos-experiencia-4-7-dias\/\" class=\"_self cvplbd\" target=\"_self\" >Experiencia con la familia (4-7 d\u00edas)<\/a><\/h4>\n<div class=\"pt-cv-content\"><a class=\"subt\" style=\"list-style-type: none; padding-bottom: 5px;\">De R$ 2.300 P.P. (50% disc. 2nd persona)<\/a> <ul class=\"fancy_list\"> <li class=\"check_list green_sprite tbold subtext\">Casa de familia en hermosa casa de bioconstrucci\u00f3n.<\/li> <li class=\"check_list green_sprite subtext\">Taller de permacultura, agroforester\u00eda o bioconstrucci\u00f3n.<\/li> <li class=\"check_list green_sprite tbold subtext\">visita a una cascada, caminata o b\u00fasqueda del tesoro<\/li> <li class=\"check_list green_sprite subtext\">Alimenta a la gallina, recoge huevos, orde\u00f1a una vaca.<\/li> <li class=\"check_list green_sprite subtext\">Pensi\u00f3n completa con ingredientes de nuestro propio huerto.<\/li> <li class=\"check_list green_sprite subtext\">Taller ...<br \/><div class=\"pt-cv-rmwrap\"><a href=\"https:\/\/ecocaminhos.com\/sp\/familia-ninos-experiencia-4-7-dias\/\" class=\"_self pt-cv-readmore btn btn-success cvplbd\" target=\"_self\">Leer m\u00e1s<\/a><\/div><\/li><\/ul><\/div><\/div>\n<div class=\" pt-cv-content-item pt-cv-1-col\"  data-pid=\"6149\"><div class=\"pt-cv-thumb-wrapper  \"><a href=\"https:\/\/ecocaminhos.com\/sp\/4-7-dias-hacienda-ecologica-turismo\/\" class=\"_self pt-cv-href-thumbnail pt-cv-thumb-default cvplbd\" target=\"_self\" ><img loading=\"lazy\" decoding=\"async\" width=\"384\" height=\"384\" src=\"https:\/\/ecocaminhos.com\/wp-content\/uploads\/2021\/01\/agrofloresta.jpg\" class=\"pt-cv-thumbnail no-lazyload \" alt=\"Experiencia pr\u00e1ctica en la granja ecol\u00f3gica (4-7 d\u00edas)\" title=\"\"><\/a><\/div>\n<h4 class=\"pt-cv-title\"><a href=\"https:\/\/ecocaminhos.com\/sp\/4-7-dias-hacienda-ecologica-turismo\/\" class=\"_self cvplbd\" target=\"_self\" >Experiencia pr\u00e1ctica en la granja ecol\u00f3gica (4-7 d\u00edas)<\/a><\/h4>\n<div class=\"pt-cv-content\"><a class=\"subt\" style=\"list-style-type: none; padding-bottom: 5px;\">De R$ 2.300 P.P. (50% disc. 2nd persona)<\/a> <ul class=\"fancy_list\"> <li class=\"check_list green_sprite tbold subtext\">Taller de Bioconstrucci\u00f3n y Agroforester\u00eda<\/li> <li class=\"check_list green_sprite subtext\">Hosp\u00e9date en hermosa casa de bioconstrucci\u00f3n<\/li> <li class=\"check_list green_sprite subtext\">Trabajo pr\u00e1ctico en la granja<\/li> <li class=\"check_list green_sprite subtext\">Almuerzo C\u00e1lido con productos org\u00e1nicos de la finca<\/li> <li class=\"check_list green_sprite subtext\">Experimente la vida y el trabajo en una granja ecol\u00f3gica<\/li> <li class=\"check_list green_sprite subtext\">Visita a la granja<\/li> <li class=\"check_list green_sprite subtext\">Tour por la ...<br \/><div class=\"pt-cv-rmwrap\"><a href=\"https:\/\/ecocaminhos.com\/sp\/4-7-dias-hacienda-ecologica-turismo\/\" class=\"_self pt-cv-readmore btn btn-success cvplbd\" target=\"_self\">Leer m\u00e1s<\/a><\/div><\/li><\/ul><\/div><\/div>\n<div class=\" pt-cv-content-item pt-cv-1-col\"  data-pid=\"7804\"><div class=\"pt-cv-thumb-wrapper  \"><a href=\"https:\/\/ecocaminhos.com\/sp\/caminata-petropolis-teresopolis\/\" class=\"_self pt-cv-href-thumbnail pt-cv-thumb-default cvplbd\" target=\"_self\" ><img loading=\"lazy\" decoding=\"async\" width=\"600\" height=\"338\" src=\"https:\/\/ecocaminhos.com\/wp-content\/uploads\/2024\/01\/60eco-farm-experience.jpg\" class=\"pt-cv-thumbnail no-lazyload \" alt=\"60+ Experiencia Ecol\u00f3gica en la Granja (4-7 d\u00edas)\" title=\"\"><\/a><\/div>\n<h4 class=\"pt-cv-title\"><a href=\"https:\/\/ecocaminhos.com\/sp\/caminata-petropolis-teresopolis\/\" class=\"_self cvplbd\" target=\"_self\" >60+ Experiencia Ecol\u00f3gica en la Granja (4-7 d\u00edas)<\/a><\/h4>\n<div class=\"pt-cv-content\"><a class=\"subt\" style=\"list-style-type: none; padding-bottom: 5px;\">De R$ 2.300 P.P. (50% disc. 2nd persona) <\/a> <ul class=\"fancy_list\"> <li class=\"check_list green_sprite tbold subtext\">Qu\u00e9date en un hermoso Eco Lodge bioconstruido<\/li> <li class=\"check_list green_sprite tbold subtext\">Almuerzo caliente con ingredientes org\u00e1nicos incluidos<\/li> <li class=\"check_list green_sprite subtext\">Taller de agroforester\u00eda y bioconstrucci\u00f3n<\/li> <li class=\"check_list green_sprite subtext\">Conozca al personal y a los voluntarios de la granja ecol\u00f3gica<\/li> <li class=\"check_list green_sprite subtext\">Visitas guiadas, caminatas, visita a cascadas<\/li> <li class=\"check_list green_sprite subtext\">Servicio de traslado al aeropuerto<\/li> ...<br \/><div class=\"pt-cv-rmwrap\"><a href=\"https:\/\/ecocaminhos.com\/sp\/caminata-petropolis-teresopolis\/\" class=\"_self pt-cv-readmore btn btn-success cvplbd\" target=\"_self\">Leer m\u00e1s<\/a><\/div><\/ul><\/div><\/div><\/div><\/div><\/div>\t\t\t<style type=\"text\/css\" id=\"pt-cv-inline-style-0e0032atm7\">\n#pt-cv-view-a43e81c0sj .pt-cv-thumb-wrapper:not(.miniwrap) {  }#pt-cv-view-a43e81c0sj .pt-cv-thumbnail:not(.pt-cv-thumbnailsm) { height: 250px; }#pt-cv-view-a43e81c0sj > .pt-cv-page {grid-template-columns: repeat(3, 1fr);grid-gap: 15px;}\n@media all and (max-width: 1024px) { \n#pt-cv-view-a43e81c0sj > .pt-cv-page {grid-template-columns: repeat(4, 1fr);}\n} \n@media all and (max-width: 767px) { \n#pt-cv-view-a43e81c0sj > .pt-cv-page {grid-template-columns: repeat(1, 1fr);}\n} <\/style>\r\n\t\t\t\t\t\t<style type=\"text\/css\" id=\"pt-cv-inline-style-e764dc2rv5\">#pt-cv-view-a43e81c0sj .pt-cv-title a, #pt-cv-view-a43e81c0sj  .panel-title { font-weight: 600 !important; }\n#pt-cv-view-a43e81c0sj .pt-cv-readmore  { color: #ffffff !important; background-color: #00aeef !important; }\n#pt-cv-view-a43e81c0sj .pt-cv-readmore:hover  { color: #ffffff !important; background-color: #00aeef !important; }\n#pt-cv-view-a43e81c0sj  + .pt-cv-pagination-wrapper .pt-cv-more , #pt-cv-view-a43e81c0sj  + .pt-cv-pagination-wrapper .pagination .active a { color: #ffffff !important; background-color: #00aeef !important; }<\/style>\r\n\t\t\t[\/vc_column_text][\/vc_column][\/vc_row]\n<\/div>","protected":false},"excerpt":{"rendered":"<p>[vc_row][vc_column][vc_column_text][\/vc_column_text][\/vc_column][\/vc_row]<\/p>\n","protected":false},"author":9,"featured_media":0,"parent":0,"menu_order":0,"comment_status":"closed","ping_status":"closed","template":"","meta":{"footnotes":"","_links_to":"","_links_to_target":""},"categories":[297],"tags":[],"class_list":["post-7719","page","type-page","status-publish","hentry","category-tourism"],"rttpg_featured_image_url":null,"rttpg_author":{"display_name":"Nnamdi","author_link":"https:\/\/ecocaminhos.com\/sp\/blog\/author\/nnamdi\/"},"rttpg_comment":0,"rttpg_category":" <a href=\"https:\/\/ecocaminhos.com\/sp\/blog\/category\/tourism\/\" rel=\"tag\">Turismo<\/a>","rttpg_excerpt":"[vc_row][vc_column][vc_column_text][\/vc_column_text][\/vc_column][\/vc_row]","post_mailing_queue_ids":[],"_links":{"self":[{"href":"https:\/\/ecocaminhos.com\/sp\/wp-json\/wp\/v2\/pages\/7719","targetHints":{"allow":["GET"]}}],"collection":[{"href":"https:\/\/ecocaminhos.com\/sp\/wp-json\/wp\/v2\/pages"}],"about":[{"href":"https:\/\/ecocaminhos.com\/sp\/wp-json\/wp\/v2\/types\/page"}],"author":[{"embeddable":true,"href":"https:\/\/ecocaminhos.com\/sp\/wp-json\/wp\/v2\/users\/9"}],"replies":[{"embeddable":true,"href":"https:\/\/ecocaminhos.com\/sp\/wp-json\/wp\/v2\/comments?post=7719"}],"version-history":[{"count":0,"href":"https:\/\/ecocaminhos.com\/sp\/wp-json\/wp\/v2\/pages\/7719\/revisions"}],"wp:attachment":[{"href":"https:\/\/ecocaminhos.com\/sp\/wp-json\/wp\/v2\/media?parent=7719"}],"wp:term":[{"taxonomy":"category","embeddable":true,"href":"https:\/\/ecocaminhos.com\/sp\/wp-json\/wp\/v2\/categories?post=7719"},{"taxonomy":"post_tag","embeddable":true,"href":"https:\/\/ecocaminhos.com\/sp\/wp-json\/wp\/v2\/tags?post=7719"}],"curies":[{"name":"wp","href":"https:\/\/api.w.org\/{rel}","templated":true}]}}