{"id":19898,"date":"2021-03-18T13:16:21","date_gmt":"2021-03-18T16:16:21","guid":{"rendered":"https:\/\/ecocaminhos.com\/?post_type=product&#038;p=19898"},"modified":"2025-08-25T09:19:29","modified_gmt":"2025-08-25T12:19:29","slug":"cesta-agroecologica-media","status":"publish","type":"product","link":"https:\/\/ecocaminhos.com\/sp\/product\/cesta-agroecologica-media\/","title":{"rendered":"Cesta Agroecol\u00f3gica (M\u00e9dia)"},"content":{"rendered":"<div class=\"wpb-content-wrapper\">[vc_column width=\u00bb1\/3&#8243;][\/vc_column][vc_column width=\u00bb1\/3&#8243;][\/vc_column][vc_column width=\u00bb1\/3&#8243;][\/vc_column][vc_row][vc_column]<div id=\"ultv-2426\" class=\"ult-dual-color ult-adjust-bottom-margin ult-dual-color-responsive-none ultv-2426  \"><div class=\"ult-module-content ult-dual-color-heading\" style=\"text-align:center;\">\n\t\t\t\t\t\t<h3><span class=\"ult-before-heading\">\n\t\t\t\t\t\t<span class=\"ult-dual-heading-text ult-first-text ult-responsive\"  data-ultimate-target='.ult-dual-color.ultv-2426 .ult-dual-heading-text'  data-responsive-json-new='{\"font-size\":\"\",\"line-height\":\"\"}'  style=\"     border:none; font-weight:normal;\">Livre de<\/span>\n\t\t\t\t\t<\/span><span class=\"ult-adv-heading\" style=\"\">\n\t\t\t\t\t\t<span class=\"ult-dual-adv-heading-text ult-highlight-text ult-responsive\"  data-ultimate-target='.ult-dual-color.ultv-2426 .ult-highlight-text'  data-responsive-json-new='{\"font-size\":\"\",\"line-height\":\"\"}'  style=\"     border:none; font-weight:normal;\">agrot\u00f3xicos<\/span>\n\t\t\t\t\t<\/span><\/h3> <\/div><\/div>[\/vc_column][\/vc_row]\n<\/div>","protected":false},"excerpt":{"rendered":"<h2>Apoya la Agricultura Sostenible con Nuestra Cesta Agroecol\u00f3gica Mediana<\/h2>\n<p>Al comprar nuestra cesta agroecol\u00f3gica mediana, nos ayudas a obtener sustento de la tierra sin degradarla, reponiendo los nutrientes para que siga siendo f\u00e9rtil. De esta manera, cultivamos especies agr\u00edcolas y forestales juntas en la misma \u00e1rea. Nuestro objetivo principal es desarrollar una agricultura sostenible que respete y preserve los recursos naturales existentes. Los productos de la cesta son de temporada, y te recomendamos hacer tu pedido antes del jueves para que podamos entregarlo el s\u00e1bado.<\/p>\n<ul>\n<li><strong>Preservaci\u00f3n del Suelo:<\/strong> T\u00e9cnicas que protegen y restauran la fertilidad a largo plazo.<\/li>\n<li><strong>Integraci\u00f3n Campo\u2011Bosque:<\/strong> Cultivo de plantas y \u00e1rboles en armon\u00eda con el ecosistema.<\/li>\n<li><strong>Productos Frescos de Temporada:<\/strong> Cosechados en el momento justo para m\u00e1ximo sabor y calidad.<\/li>\n<\/ul>\n","protected":false},"featured_media":19972,"comment_status":"closed","ping_status":"closed","template":"","meta":{"_links_to":"","_links_to_target":""},"product_brand":[],"product_cat":[58],"product_tag":[],"class_list":{"0":"post-19898","1":"product","2":"type-product","3":"status-publish","4":"has-post-thumbnail","6":"product_cat-category-2","8":"first","9":"instock","10":"virtual","11":"purchasable","12":"product-type-simple"},"post_mailing_queue_ids":[],"_links":{"self":[{"href":"https:\/\/ecocaminhos.com\/sp\/wp-json\/wp\/v2\/product\/19898","targetHints":{"allow":["GET"]}}],"collection":[{"href":"https:\/\/ecocaminhos.com\/sp\/wp-json\/wp\/v2\/product"}],"about":[{"href":"https:\/\/ecocaminhos.com\/sp\/wp-json\/wp\/v2\/types\/product"}],"replies":[{"embeddable":true,"href":"https:\/\/ecocaminhos.com\/sp\/wp-json\/wp\/v2\/comments?post=19898"}],"wp:featuredmedia":[{"embeddable":true,"href":"https:\/\/ecocaminhos.com\/sp\/wp-json\/wp\/v2\/media\/19972"}],"wp:attachment":[{"href":"https:\/\/ecocaminhos.com\/sp\/wp-json\/wp\/v2\/media?parent=19898"}],"wp:term":[{"taxonomy":"product_brand","embeddable":true,"href":"https:\/\/ecocaminhos.com\/sp\/wp-json\/wp\/v2\/product_brand?post=19898"},{"taxonomy":"product_cat","embeddable":true,"href":"https:\/\/ecocaminhos.com\/sp\/wp-json\/wp\/v2\/product_cat?post=19898"},{"taxonomy":"product_tag","embeddable":true,"href":"https:\/\/ecocaminhos.com\/sp\/wp-json\/wp\/v2\/product_tag?post=19898"}],"curies":[{"name":"wp","href":"https:\/\/api.w.org\/{rel}","templated":true}]}}