{"id":19963,"date":"2021-04-13T11:49:55","date_gmt":"2021-04-13T14:49:55","guid":{"rendered":"https:\/\/ecocaminhos.com\/?post_type=product&#038;p=19963"},"modified":"2025-08-25T09:12:44","modified_gmt":"2025-08-25T12:12:44","slug":"cesta-agroecologica-grande","status":"publish","type":"product","link":"https:\/\/ecocaminhos.com\/sp\/product\/cesta-agroecologica-grande\/","title":{"rendered":"Cesta Agroecol\u00f3gica (Grande)"},"content":{"rendered":"<div class=\"wpb-content-wrapper\">Uma cesta feita para duas pessoas, cheia de frutas e legumes.\n<\/div>","protected":false},"excerpt":{"rendered":"<h2>Apoya la Agricultura Sostenible con Nuestra Cesta Agroecol\u00f3gica<\/h2>\n<p>Al comprar nuestra cesta agroecol\u00f3gica, nos ayudas a obtener el sustento de la tierra sin degradarla, reponiendo los nutrientes para que siga siendo f\u00e9rtil. De esta manera, cultivamos especies agr\u00edcolas y forestales en la misma \u00e1rea. Nuestro objetivo principal es desarrollar una agricultura sostenible que respete y preserve los recursos naturales existentes. Los productos de las cestas son de temporada, y te recomendamos hacer tu pedido antes del jueves para que podamos entregar el s\u00e1bado.<\/p>\n<ul>\n<li><strong>Sin Degradaci\u00f3n del Suelo:<\/strong> M\u00e9todos que protegen y regeneran la fertilidad de la tierra.<\/li>\n<li><strong>Agroforester\u00eda en Pr\u00e1ctica:<\/strong> Cultivo de plantas y \u00e1rboles en equilibrio con la naturaleza.<\/li>\n<li><strong>Frescura de Temporada:<\/strong> Productos cosechados en su punto \u00f3ptimo para entrega semanal.<\/li>\n<\/ul>\n","protected":false},"featured_media":19973,"comment_status":"closed","ping_status":"closed","template":"","meta":{"_links_to":"","_links_to_target":""},"product_brand":[],"product_cat":[58],"product_tag":[],"class_list":{"0":"post-19963","1":"product","2":"type-product","3":"status-publish","4":"has-post-thumbnail","6":"product_cat-category-2","8":"first","9":"instock","10":"virtual","11":"purchasable","12":"product-type-simple"},"post_mailing_queue_ids":[],"_links":{"self":[{"href":"https:\/\/ecocaminhos.com\/sp\/wp-json\/wp\/v2\/product\/19963","targetHints":{"allow":["GET"]}}],"collection":[{"href":"https:\/\/ecocaminhos.com\/sp\/wp-json\/wp\/v2\/product"}],"about":[{"href":"https:\/\/ecocaminhos.com\/sp\/wp-json\/wp\/v2\/types\/product"}],"replies":[{"embeddable":true,"href":"https:\/\/ecocaminhos.com\/sp\/wp-json\/wp\/v2\/comments?post=19963"}],"wp:featuredmedia":[{"embeddable":true,"href":"https:\/\/ecocaminhos.com\/sp\/wp-json\/wp\/v2\/media\/19973"}],"wp:attachment":[{"href":"https:\/\/ecocaminhos.com\/sp\/wp-json\/wp\/v2\/media?parent=19963"}],"wp:term":[{"taxonomy":"product_brand","embeddable":true,"href":"https:\/\/ecocaminhos.com\/sp\/wp-json\/wp\/v2\/product_brand?post=19963"},{"taxonomy":"product_cat","embeddable":true,"href":"https:\/\/ecocaminhos.com\/sp\/wp-json\/wp\/v2\/product_cat?post=19963"},{"taxonomy":"product_tag","embeddable":true,"href":"https:\/\/ecocaminhos.com\/sp\/wp-json\/wp\/v2\/product_tag?post=19963"}],"curies":[{"name":"wp","href":"https:\/\/api.w.org\/{rel}","templated":true}]}}